{"id":3199,"date":"2024-02-19T07:41:39","date_gmt":"2024-02-19T07:41:39","guid":{"rendered":"https:\/\/www.bdtrans.es\/transport-industriel-specialise-dans-ladr\/classe-adr-5-2\/"},"modified":"2024-03-06T11:45:43","modified_gmt":"2024-03-06T11:45:43","slug":"classe-adr-5-2","status":"publish","type":"page","link":"https:\/\/www.bdtrans.es\/fr\/transport-industriel-specialise-dans-ladr\/classe-adr-5-2\/","title":{"rendered":"Classe ADR 5.2"},"content":{"rendered":"\t\t<div data-elementor-type=\"wp-page\" data-elementor-id=\"3199\" class=\"elementor elementor-3199 elementor-540\" data-elementor-post-type=\"page\">\n\t\t\t\t<div class=\"elementor-element elementor-element-db582f0 e-flex e-con-boxed e-con e-parent\" data-id=\"db582f0\" data-element_type=\"container\" data-e-type=\"container\" data-settings=\"{&quot;background_background&quot;:&quot;classic&quot;}\">\n\t\t\t\t\t<div class=\"e-con-inner\">\n\t\t<div class=\"elementor-element elementor-element-8165a6c e-con-full e-flex e-con e-child\" data-id=\"8165a6c\" data-element_type=\"container\" data-e-type=\"container\">\n\t\t<div class=\"elementor-element elementor-element-88ba59f e-con-full e-flex e-con e-child\" data-id=\"88ba59f\" data-element_type=\"container\" data-e-type=\"container\">\n\t\t\t\t<div class=\"elementor-element elementor-element-b37f408 elementor-widget elementor-widget-image\" data-id=\"b37f408\" data-element_type=\"widget\" data-e-type=\"widget\" data-widget_type=\"image.default\">\n\t\t\t\t<div class=\"elementor-widget-container\">\n\t\t\t\t\t\t\t\t\t\t\t\t\t\t\t<img decoding=\"async\" width=\"180\" height=\"180\" src=\"https:\/\/www.bdtrans.es\/wp-content\/uploads\/2024\/02\/Clase-5.2.svg\" class=\"attachment-large size-large wp-image-756\" alt=\"\" \/>\t\t\t\t\t\t\t\t\t\t\t\t\t\t\t<\/div>\n\t\t\t\t<\/div>\n\t\t\t\t<\/div>\n\t\t<div class=\"elementor-element elementor-element-c8bdfe5 e-con-full e-flex e-con e-child\" data-id=\"c8bdfe5\" data-element_type=\"container\" data-e-type=\"container\">\n\t\t\t\t<div class=\"elementor-element elementor-element-788d771 elementor-widget__width-inherit elementor-widget elementor-widget-heading\" data-id=\"788d771\" data-element_type=\"widget\" data-e-type=\"widget\" data-widget_type=\"heading.default\">\n\t\t\t\t<div class=\"elementor-widget-container\">\n\t\t\t\t\t<h1 class=\"elementor-heading-title elementor-size-default\">Classe ADR 5.2<\/h1>\t\t\t\t<\/div>\n\t\t\t\t<\/div>\n\t\t\t\t<div class=\"elementor-element elementor-element-2b3f300 elementor-widget elementor-widget-text-editor\" data-id=\"2b3f300\" data-element_type=\"widget\" data-e-type=\"widget\" data-widget_type=\"text-editor.default\">\n\t\t\t\t<div class=\"elementor-widget-container\">\n\t\t\t\t\t\t\t\t\t<p>Peroxydes organiques<\/p>\n\t\t\t\t\t\t\t\t<\/div>\n\t\t\t\t<\/div>\n\t\t\t\t<div class=\"elementor-element elementor-element-24aa95f elementor-widget elementor-widget-text-editor\" data-id=\"24aa95f\" data-element_type=\"widget\" data-e-type=\"widget\" data-widget_type=\"text-editor.default\">\n\t\t\t\t<div class=\"elementor-widget-container\">\n\t\t\t\t\t\t\t\t\t<div class=\"column mcb-column mcb-item-jly2je5mi one tablet-one mobile-one column_column\">\n<div class=\"mcb-column-inner mcb-column-inner-jly2je5mi mcb-item-column-inner\">\n<div class=\"column_attr mfn-inline-editor clearfix\">\n<p>Les mati\u00e8res de la classe 5.2 sont celles relatives aux peroxydes organiques et aux pr\u00e9parations de peroxydes organiques. Il s&rsquo;agit de mat\u00e9riaux ayant une structure O-O qui peut \u00eatre consid\u00e9r\u00e9e comme d\u00e9riv\u00e9e du peroxyde d&rsquo;hydrog\u00e8ne, o\u00f9 les groupes d&rsquo;hydrog\u00e8ne sont remplac\u00e9s par des radicaux organiques.<\/p>\n<p>Les mat\u00e9riaux de la classe 5.2 sont subdivis\u00e9s comme suit :<\/p>\n<ul>\n<li><strong>P1<\/strong> &#8211; Peroxydes organiques ne n\u00e9cessitant pas de r\u00e9gulation de temp\u00e9rature.<\/li>\n<li><strong>P2<\/strong> &#8211; Peroxydes organiques n\u00e9cessitant une r\u00e9gulation de la temp\u00e9rature.<\/li>\n<\/ul>\n<\/div>\n<\/div>\n<\/div>\n\t\t\t\t\t\t\t\t<\/div>\n\t\t\t\t<\/div>\n\t\t\t\t<\/div>\n\t\t\t\t<\/div>\n\t\t\t\t\t<\/div>\n\t\t\t\t<\/div>\n\t\t<div class=\"elementor-element elementor-element-6e8c9bf e-flex e-con-boxed e-con e-parent\" data-id=\"6e8c9bf\" data-element_type=\"container\" data-e-type=\"container\" data-settings=\"{&quot;background_background&quot;:&quot;classic&quot;}\">\n\t\t\t\t\t<div class=\"e-con-inner\">\n\t\t\t\t<div class=\"elementor-element elementor-element-3e452a4 elementor-widget__width-inherit elementor-widget elementor-widget-heading\" data-id=\"3e452a4\" data-element_type=\"widget\" data-e-type=\"widget\" data-widget_type=\"heading.default\">\n\t\t\t\t<div class=\"elementor-widget-container\">\n\t\t\t\t\t<h2 class=\"elementor-heading-title elementor-size-default\">Propri\u00e9t\u00e9s des peroxydes organiques<\/h2>\t\t\t\t<\/div>\n\t\t\t\t<\/div>\n\t\t\t\t<div class=\"elementor-element elementor-element-ce7a9c0 elementor-widget elementor-widget-text-editor\" data-id=\"ce7a9c0\" data-element_type=\"widget\" data-e-type=\"widget\" data-widget_type=\"text-editor.default\">\n\t\t\t\t<div class=\"elementor-widget-container\">\n\t\t\t\t\t\t\t\t\t<p>Les mati\u00e8res et objets de la classe 4.2 peuvent \u00eatre class\u00e9s comme suit :<\/p>\n\t\t\t\t\t\t\t\t<\/div>\n\t\t\t\t<\/div>\n\t\t\t\t<div class=\"elementor-element elementor-element-83a3a5e elementor-widget elementor-widget-text-editor\" data-id=\"83a3a5e\" data-element_type=\"widget\" data-e-type=\"widget\" data-widget_type=\"text-editor.default\">\n\t\t\t\t<div class=\"elementor-widget-container\">\n\t\t\t\t\t\t\t\t\t<p>Les peroxydes organiques sont sujets \u00e0 une d\u00e9composition exothermique \u00e0 des temp\u00e9ratures normales ou \u00e9lev\u00e9es. La d\u00e9composition peut \u00eatre due \u00e0 la chaleur, aux impuret\u00e9s, aux frottements ou aux chocs. La d\u00e9composition peut entra\u00eener le d\u00e9gagement de vapeurs ou de gaz inflammables ou nocifs. Pour certains peroxydes organiques, la r\u00e9gulation de la temp\u00e9rature est n\u00e9cessaire, car dans des conditions de confinement, ils peuvent subir une d\u00e9composition explosive.<\/p>\n<p>Le caract\u00e8re explosif peut \u00eatre limit\u00e9 par l&rsquo;introduction de diluants ou par l&rsquo;utilisation de contenants\/emballages appropri\u00e9s. Les peroxydes organiques provoquent de graves l\u00e9sions oculaires de la corn\u00e9e, m\u00eame apr\u00e8s un bref contact, ou sont corrosifs pour la peau. Il a la particularit\u00e9 de s&rsquo;enflammer de lui-m\u00eame, si les circonstances appropri\u00e9es sont r\u00e9unies, sans qu&rsquo;il soit n\u00e9cessaire de le m\u00e9langer \u00e0 des mati\u00e8res combustibles et\/ou inflammables, puisque le P.O. est lui-m\u00eame une mati\u00e8re organique inflammable, en dehors de sa nature oxydante.<\/p>\n<p>Toute substance est consid\u00e9r\u00e9e comme appartenant \u00e0 la classe 5.2 lorsque la pr\u00e9paration de peroxyde organique est conforme aux dispositions suivantes :<\/p>\n<ul>\n<li>contenir plus de 1 % d&rsquo;oxyg\u00e8ne actif et un maximum de 1 % de peroxyde d&rsquo;hydrog\u00e8ne.<\/li>\n<li>contenir plus de 0,5 % maximum d&rsquo;oxyg\u00e8ne actif et 7 % maximum de peroxyde d&rsquo;hydrog\u00e8ne.<\/li>\n<\/ul>\n<p>Les peroxydes organiques sont class\u00e9s en sept types allant de A \u00e0 G. Le type A n&rsquo;est pas acceptable pour le transport car l&#8217;emballage dans lequel le test est r\u00e9alis\u00e9 n&rsquo;est pas satisfaisant. Le type G est exempt\u00e9 des dispositions du pr\u00e9sent chapitre relatives aux peroxydes organiques. La classification de B \u00e0 F est donn\u00e9e par la quantit\u00e9 maximale de mati\u00e8re autoris\u00e9e par colis selon l&rsquo;instruction d&#8217;emballage IBC520 pour les GRV et P520 pour les colis avec les m\u00e9thodes d&#8217;emballage d\u00e9crites dans les OP1 \u00e0 OP8 pour ces derniers. Les peroxydes organiques dont le transport en citerne est autoris\u00e9 conform\u00e9ment aux chapitres 4.2 (citernes mobiles) et 4.3 (citernes ADR) sont \u00e9num\u00e9r\u00e9s au 4.2.5.2 de l&rsquo;instruction de transport pour les citernes mobiles T23.<\/p>\n<p>Les rubriques collectives doivent \u00eatre pr\u00e9cis\u00e9es :<\/p>\n<ul>\n<li>Les peroxydes organiques de type B \u00e0 F.<\/li>\n<li>L&rsquo;\u00e9tat physique de la mati\u00e8re.<\/li>\n<li>R\u00e9gulation de la temp\u00e9rature en cas de TDAA (temp\u00e9rature minimale \u00e0 laquelle la mati\u00e8re subit une d\u00e9composition thermique, explosive, etc.<\/li>\n<\/ul>\n<p>Les m\u00e9langes de peroxydes organiques peuvent \u00eatre assimil\u00e9s \u00e0 celui du peroxyde le plus dangereux dans la composition et transport\u00e9s dans les conditions pr\u00e9vues par ce dernier. Deux P.O. stables m\u00e9lang\u00e9s ensemble peuvent donner un m\u00e9lange instable et il sera n\u00e9cessaire de d\u00e9terminer le TDAA et les temp\u00e9ratures de contr\u00f4le et critique calcul\u00e9es conform\u00e9ment au 2.2.52.1.16.<\/p>\n<p>Les peroxydes organiques d\u00e9j\u00e0 class\u00e9s dont le transport est autoris\u00e9 conform\u00e9ment \u00e0 la liste des peroxydes organiques d\u00e9j\u00e0 class\u00e9s peuvent \u00eatre transport\u00e9s dans des emballages, des GRV et des citernes mobiles. Ceux qui ne figurent pas sur cette liste doivent \u00eatre autoris\u00e9s au transport par l&rsquo;autorit\u00e9 comp\u00e9tente.<\/p>\n<p>L&rsquo;autorit\u00e9 comp\u00e9tente du pays d&rsquo;origine doit proc\u00e9der au classement des peroxydes organiques qui ne sont pas \u00e9num\u00e9r\u00e9s au 2.2.52.4 ou au 4.1.4.2 P502 ou au 4.2.5.2 Instruction de transport en citernes mobiles T23, et enfin attribuer une rubrique collective ainsi que le certificat d&rsquo;agr\u00e9ment indiquant le classement et les conditions de transport applicables d\u00e9livr\u00e9 par la partie contractante, soit le pays d&rsquo;origine, soit le destinataire.<\/p>\n<p>Pour garantir la s\u00e9curit\u00e9 des peroxydes organiques, des d\u00e9sensibilisateurs sont ajout\u00e9s. La d\u00e9sensibilisation est telle qu&rsquo;en cas de fuite, le peroxyde n&rsquo;est pas concentr\u00e9. Les diluants peuvent \u00eatre des mati\u00e8res organiques liquides ou solides, des mati\u00e8res inorganiques solides ou de l&rsquo;eau.<\/p>\n<p>Les diluants de type A sont des liquides organiques compatibles avec le peroxyde organique et dont le point d&rsquo;\u00e9bullition est d&rsquo;au moins 150\u00b0C.<\/p>\n<p>Les diluants de type B sont des liquides organiques compatibles avec les peroxydes organiques, dont le point d&rsquo;\u00e9bullition est inf\u00e9rieur \u00e0 150 mais \u00e9gal \u00e0 60\u00b0C et dont le point d&rsquo;\u00e9clair est d&rsquo;au moins 5\u00b0C.<\/p>\n<p>Les diluants de type B peuvent \u00eatre utilis\u00e9s pour d\u00e9sensibiliser tous les P.O. \u00e0 condition que le point d&rsquo;\u00e9bullition du P.O. soit sup\u00e9rieur de 60\u00b0C \u00e0 la TDAA du P.O. dans un emballage d&rsquo;un poids maximal de 50 kg.<\/p>\n<p>La substitution totale ou partielle d&rsquo;un diluant A ou B par un autre diluant ayant des propri\u00e9t\u00e9s diff\u00e9rentes n\u00e9cessite une \u00e9valuation des pr\u00e9parations sur la base de la classification de la classe 5.2. Des mat\u00e9riaux organiques et inorganiques solides peuvent \u00eatre utilis\u00e9s pour la d\u00e9sensibilisation \u00e0 condition qu&rsquo;ils soient compatibles et qu&rsquo;ils n&rsquo;alt\u00e8rent pas la stabilit\u00e9 thermique et la classe de danger de la pr\u00e9paration.<\/p>\n<p>L&rsquo;eau peut \u00eatre utilis\u00e9e pour la d\u00e9sensibilisation \u00e0 condition qu&rsquo;elle soit indiqu\u00e9e \u00e0 l&rsquo;annexe 2.2.52.4 ou sur d\u00e9cision de l&rsquo;autorit\u00e9 comp\u00e9tente avec la mention \u00ab\u00a0avec de l&rsquo;eau\u00a0\u00bb ou \u00ab\u00a0dispersion avec de l&rsquo;eau\u00a0\u00bb.<\/p>\n<p>Des mat\u00e9riaux organiques et inorganiques solides peuvent \u00eatre utilis\u00e9s pour la d\u00e9sensibilisation \u00e0 condition qu&rsquo;ils soient compatibles avec l&rsquo;O.P. sans alt\u00e9rer la stabilit\u00e9 thermique et le danger de la pr\u00e9paration.<\/p>\n\t\t\t\t\t\t\t\t<\/div>\n\t\t\t\t<\/div>\n\t\t\t\t\t<\/div>\n\t\t\t\t<\/div>\n\t\t<div class=\"elementor-element elementor-element-16d6a6b e-flex e-con-boxed e-con e-parent\" data-id=\"16d6a6b\" data-element_type=\"container\" data-e-type=\"container\" data-settings=\"{&quot;background_background&quot;:&quot;classic&quot;}\">\n\t\t\t\t\t<div class=\"e-con-inner\">\n\t\t\t\t<div class=\"elementor-element elementor-element-e5ed9b5 elementor-widget__width-inherit elementor-widget elementor-widget-heading\" data-id=\"e5ed9b5\" data-element_type=\"widget\" data-e-type=\"widget\" data-widget_type=\"heading.default\">\n\t\t\t\t<div class=\"elementor-widget-container\">\n\t\t\t\t\t<h2 class=\"elementor-heading-title elementor-size-default\">Dispositions relatives \u00e0 la r\u00e9gulation de la temp\u00e9rature<\/h2>\t\t\t\t<\/div>\n\t\t\t\t<\/div>\n\t\t\t\t<div class=\"elementor-element elementor-element-b409f46 elementor-widget elementor-widget-text-editor\" data-id=\"b409f46\" data-element_type=\"widget\" data-e-type=\"widget\" data-widget_type=\"text-editor.default\">\n\t\t\t\t<div class=\"elementor-widget-container\">\n\t\t\t\t\t\t\t\t\t<p>  Par d\u00e9finition, il s&rsquo;agit de la temp\u00e9rature maximale \u00e0 laquelle un peroxyde organique peut \u00eatre transport\u00e9 en toute s\u00e9curit\u00e9. La temp\u00e9rature que peut atteindre un colis dans un v\u00e9hicule en l&rsquo;espace de 24 heures peut d\u00e9passer une temp\u00e9rature de 55\u00baC. En cas de d\u00e9faillance du syst\u00e8me de contr\u00f4le, des proc\u00e9dures d&rsquo;urgence doivent \u00eatre appliqu\u00e9es. La temp\u00e9rature critique justifie la mise en \u0153uvre de proc\u00e9dures d&rsquo;urgence.<\/p>\n\t\t\t\t\t\t\t\t<\/div>\n\t\t\t\t<\/div>\n\t\t\t\t<div class=\"elementor-element elementor-element-a6cc023 elementor-widget elementor-widget-text-editor\" data-id=\"a6cc023\" data-element_type=\"widget\" data-e-type=\"widget\" data-widget_type=\"text-editor.default\">\n\t\t\t\t<div class=\"elementor-widget-container\">\n\t\t\t\t\t\t\t\t\t<p>Les peroxydes organiques suivants sont soumis \u00e0 une r\u00e9gulation de la temp\u00e9rature pendant le transport :<\/p>\n<ul>\n<li>Peroxydes organiques de type B et C ayant un TDAA inf\u00e9rieur ou \u00e9gal \u00e0 50\u00b0C.<\/li>\n<li>Peroxydes organiques de type D ayant un TDAA inf\u00e9rieur ou \u00e9gal \u00e0 50\u00b0C ou 45\u00b0C.<\/li>\n<li>Peroxydes organiques de type E et F ayant une TDAA inf\u00e9rieure ou \u00e9gale \u00e0 45\u00baC<\/li>\n<\/ul>\n\t\t\t\t\t\t\t\t<\/div>\n\t\t\t\t<\/div>\n\t\t\t\t<div class=\"elementor-element elementor-element-2f5c6f7 elementor-widget elementor-widget-text-editor\" data-id=\"2f5c6f7\" data-element_type=\"widget\" data-e-type=\"widget\" data-widget_type=\"text-editor.default\">\n\t\t\t\t<div class=\"elementor-widget-container\">\n\t\t\t\t\t\t\t\t\t<table>\n<thead>\n<tr>\n<th>Type de conteneur<\/th>\n<th>TDAA<\/th>\n<th>Temp\u00e9rature de contr\u00f4le<\/th>\n<th>Temp\u00e9rature critique<\/th>\n<\/tr>\n<\/thead>\n<tbody>\n<tr>\n<td rowspan=\"3\">Emballages\/emballages individuels et IBC\/IBC<\/td>\n<td>\u226420\u00baC<\/td>\n<td>20\u00baC en dessous du TDAA<\/td>\n<td>10\u00baC en dessous du TDAA<\/td>\n<\/tr>\n<tr>\n<td>&gt;20\u00baC \u2264 35\u00baC<\/td>\n<td>15\u00baC en dessous du TDAA<\/td>\n<td>10\u00baC en dessous du TDAA<\/td>\n<\/tr>\n<tr>\n<td>&gt;35\u00baC<\/td>\n<td>10\u00baC en dessous du TDAA<\/td>\n<td>5\u00baC en dessous du TDAA<\/td>\n<\/tr>\n<tr>\n<td>R\u00e9servoirs<\/td>\n<td>\u226450\u00baC<\/td>\n<td>10\u00baC en dessous du TDAA<\/td>\n<td>5\u00baC en dessous du TDAA<\/td>\n<\/tr>\n<\/tbody>\n<\/table>\n\t\t\t\t\t\t\t\t<\/div>\n\t\t\t\t<\/div>\n\t\t\t\t<div class=\"elementor-element elementor-element-82daf03 elementor-widget elementor-widget-text-editor\" data-id=\"82daf03\" data-element_type=\"widget\" data-e-type=\"widget\" data-widget_type=\"text-editor.default\">\n\t\t\t\t<div class=\"elementor-widget-container\">\n\t\t\t\t\t\t\t\t\t<p>La temp\u00e9rature de transport peut \u00eatre inf\u00e9rieure \u00e0 la temp\u00e9rature de contr\u00f4le, mais pas trop basse, afin de ne pas provoquer de s\u00e9paration de phase entre le diluant et le peroxyde organique.<\/p>\n<p>La temp\u00e9rature de r\u00e9gulation et la temp\u00e9rature critique sont indiqu\u00e9es dans le tableau 2.2.52.4, la temp\u00e9rature r\u00e9elle pour le transport peut \u00eatre plus basse mais pas assez pour g\u00e9n\u00e9rer une s\u00e9paration de phase.<\/p>\n\t\t\t\t\t\t\t\t<\/div>\n\t\t\t\t<\/div>\n\t\t\t\t\t<\/div>\n\t\t\t\t<\/div>\n\t\t<div class=\"elementor-element elementor-element-5087f47 e-flex e-con-boxed e-con e-parent\" data-id=\"5087f47\" data-element_type=\"container\" data-e-type=\"container\" data-settings=\"{&quot;background_background&quot;:&quot;classic&quot;}\">\n\t\t\t\t\t<div class=\"e-con-inner\">\n\t\t\t\t<div class=\"elementor-element elementor-element-f4081c5 elementor-widget__width-inherit elementor-widget elementor-widget-heading\" data-id=\"f4081c5\" data-element_type=\"widget\" data-e-type=\"widget\" data-widget_type=\"heading.default\">\n\t\t\t\t<div class=\"elementor-widget-container\">\n\t\t\t\t\t<h2 class=\"elementor-heading-title elementor-size-default\">Groupes d'emballage de la classe 4.2<\/h2>\t\t\t\t<\/div>\n\t\t\t\t<\/div>\n\t\t\t\t<div class=\"elementor-element elementor-element-5ff30e8 elementor-widget elementor-widget-text-editor\" data-id=\"5ff30e8\" data-element_type=\"widget\" data-e-type=\"widget\" data-widget_type=\"text-editor.default\">\n\t\t\t\t<div class=\"elementor-widget-container\">\n\t\t\t\t\t\t\t\t\t<p>Les crit\u00e8res d&rsquo;\u00e9tablissement des groupes d&#8217;emballage ainsi que les crit\u00e8res d&rsquo;\u00e9tablissement de l&rsquo;appartenance \u00e0 une classe sont les suivants :<\/p>\n\t\t\t\t\t\t\t\t<\/div>\n\t\t\t\t<\/div>\n\t\t<div class=\"elementor-element elementor-element-a9e6401 e-con-full e-flex e-con e-child\" data-id=\"a9e6401\" data-element_type=\"container\" data-e-type=\"container\">\n\t\t\t\t<div class=\"elementor-element elementor-element-b6c6b95 elementor-widget elementor-widget-text-editor\" data-id=\"b6c6b95\" data-element_type=\"widget\" data-e-type=\"widget\" data-widget_type=\"text-editor.default\">\n\t\t\t\t<div class=\"elementor-widget-container\">\n\t\t\t\t\t\t\t\t\t<ul>\n<li>Les substances pyrophoriques doivent \u00eatre plac\u00e9es dans le groupe d&#8217;emballage I.<\/li>\n<li>Les mati\u00e8res qui subissent un \u00e9chauffement spontan\u00e9 sur un \u00e9chantillon cubique de 2,5 cm de c\u00f4t\u00e9 \u00e0 140\u00b0C pendant 24 heures, s&rsquo;il pr\u00e9sente soit une inflammation spontan\u00e9e, soit un \u00e9chauffement sup\u00e9rieur \u00e0 200\u00b0C, sont consid\u00e9r\u00e9es comme appartenant au groupe d&#8217;emballage II.<\/li>\n<li> <\/li>\n<\/ul>\n\t\t\t\t\t\t\t\t<\/div>\n\t\t\t\t<\/div>\n\t\t\t\t<div class=\"elementor-element elementor-element-cd3f5f9 elementor-widget elementor-widget-text-editor\" data-id=\"cd3f5f9\" data-element_type=\"widget\" data-e-type=\"widget\" data-widget_type=\"text-editor.default\">\n\t\t\t\t<div class=\"elementor-widget-container\">\n\t\t\t\t\t\t\t\t\t<ul>\n<li>Mati\u00e8res qui subissent un \u00e9chauffement spontan\u00e9, si une temp\u00e9rature de 140\u00b0C est appliqu\u00e9e \u00e0 un \u00e9chantillon cubique de 2,5 cm pendant 24 heures, on n&rsquo;observe pas d&rsquo;inflammation spontan\u00e9e ou d&rsquo;\u00e9l\u00e9vation de temp\u00e9rature de 200\u00b0C, mais si l&rsquo;\u00e9chantillon cubique d\u00e9passe 10 cm de c\u00f4t\u00e9, on l&rsquo;observe, il est consid\u00e9r\u00e9 comme faisant partie du groupe d&#8217;emballage III.<\/li>\n<\/ul>\n\t\t\t\t\t\t\t\t<\/div>\n\t\t\t\t<\/div>\n\t\t\t\t<\/div>\n\t\t\t\t\t<\/div>\n\t\t\t\t<\/div>\n\t\t\t\t<\/div>\n\t\t","protected":false},"excerpt":{"rendered":"<p>Classe ADR 5.2 Peroxydes organiques Les mati\u00e8res de la classe 5.2 sont celles relatives aux peroxydes organiques et aux pr\u00e9parations [&hellip;]<\/p>\n","protected":false},"author":5,"featured_media":0,"parent":3106,"menu_order":0,"comment_status":"closed","ping_status":"closed","template":"","meta":{"site-sidebar-layout":"no-sidebar","site-content-layout":"","ast-site-content-layout":"full-width-container","site-content-style":"default","site-sidebar-style":"default","ast-global-header-display":"","ast-banner-title-visibility":"","ast-main-header-display":"","ast-hfb-above-header-display":"","ast-hfb-below-header-display":"","ast-hfb-mobile-header-display":"","site-post-title":"disabled","ast-breadcrumbs-content":"","ast-featured-img":"disabled","footer-sml-layout":"","theme-transparent-header-meta":"","adv-header-id-meta":"","stick-header-meta":"","header-above-stick-meta":"","header-main-stick-meta":"","header-below-stick-meta":"","astra-migrate-meta-layouts":"default","ast-page-background-enabled":"default","ast-page-background-meta":{"desktop":{"background-color":"var(--ast-global-color-4)","background-image":"","background-repeat":"repeat","background-position":"center center","background-size":"auto","background-attachment":"scroll","background-type":"","background-media":"","overlay-type":"","overlay-color":"","overlay-opacity":"","overlay-gradient":""},"tablet":{"background-color":"","background-image":"","background-repeat":"repeat","background-position":"center center","background-size":"auto","background-attachment":"scroll","background-type":"","background-media":"","overlay-type":"","overlay-color":"","overlay-opacity":"","overlay-gradient":""},"mobile":{"background-color":"","background-image":"","background-repeat":"repeat","background-position":"center center","background-size":"auto","background-attachment":"scroll","background-type":"","background-media":"","overlay-type":"","overlay-color":"","overlay-opacity":"","overlay-gradient":""}},"ast-content-background-meta":{"desktop":{"background-color":"var(--ast-global-color-5)","background-image":"","background-repeat":"repeat","background-position":"center center","background-size":"auto","background-attachment":"scroll","background-type":"","background-media":"","overlay-type":"","overlay-color":"","overlay-opacity":"","overlay-gradient":""},"tablet":{"background-color":"var(--ast-global-color-5)","background-image":"","background-repeat":"repeat","background-position":"center center","background-size":"auto","background-attachment":"scroll","background-type":"","background-media":"","overlay-type":"","overlay-color":"","overlay-opacity":"","overlay-gradient":""},"mobile":{"background-color":"var(--ast-global-color-5)","background-image":"","background-repeat":"repeat","background-position":"center center","background-size":"auto","background-attachment":"scroll","background-type":"","background-media":"","overlay-type":"","overlay-color":"","overlay-opacity":"","overlay-gradient":""}},"footnotes":""},"class_list":["post-3199","page","type-page","status-publish","hentry"],"_links":{"self":[{"href":"https:\/\/www.bdtrans.es\/fr\/wp-json\/wp\/v2\/pages\/3199","targetHints":{"allow":["GET"]}}],"collection":[{"href":"https:\/\/www.bdtrans.es\/fr\/wp-json\/wp\/v2\/pages"}],"about":[{"href":"https:\/\/www.bdtrans.es\/fr\/wp-json\/wp\/v2\/types\/page"}],"author":[{"embeddable":true,"href":"https:\/\/www.bdtrans.es\/fr\/wp-json\/wp\/v2\/users\/5"}],"replies":[{"embeddable":true,"href":"https:\/\/www.bdtrans.es\/fr\/wp-json\/wp\/v2\/comments?post=3199"}],"version-history":[{"count":1,"href":"https:\/\/www.bdtrans.es\/fr\/wp-json\/wp\/v2\/pages\/3199\/revisions"}],"predecessor-version":[{"id":3201,"href":"https:\/\/www.bdtrans.es\/fr\/wp-json\/wp\/v2\/pages\/3199\/revisions\/3201"}],"up":[{"embeddable":true,"href":"https:\/\/www.bdtrans.es\/fr\/wp-json\/wp\/v2\/pages\/3106"}],"wp:attachment":[{"href":"https:\/\/www.bdtrans.es\/fr\/wp-json\/wp\/v2\/media?parent=3199"}],"curies":[{"name":"wp","href":"https:\/\/api.w.org\/{rel}","templated":true}]}}