{"id":3185,"date":"2024-02-19T07:25:02","date_gmt":"2024-02-19T07:25:02","guid":{"rendered":"https:\/\/www.bdtrans.es\/transport-industriel-specialise-dans-ladr\/classe-adr-5-1\/"},"modified":"2024-03-06T11:45:39","modified_gmt":"2024-03-06T11:45:39","slug":"classe-adr-5-1","status":"publish","type":"page","link":"https:\/\/www.bdtrans.es\/fr\/transport-industriel-specialise-dans-ladr\/classe-adr-5-1\/","title":{"rendered":"Classe ADR 5.1"},"content":{"rendered":"\t\t<div data-elementor-type=\"wp-page\" data-elementor-id=\"3185\" class=\"elementor elementor-3185 elementor-534\" data-elementor-post-type=\"page\">\n\t\t\t\t<div class=\"elementor-element elementor-element-db582f0 e-flex e-con-boxed e-con e-parent\" data-id=\"db582f0\" data-element_type=\"container\" data-e-type=\"container\" data-settings=\"{&quot;background_background&quot;:&quot;classic&quot;}\">\n\t\t\t\t\t<div class=\"e-con-inner\">\n\t\t<div class=\"elementor-element elementor-element-8165a6c e-con-full e-flex e-con e-child\" data-id=\"8165a6c\" data-element_type=\"container\" data-e-type=\"container\">\n\t\t<div class=\"elementor-element elementor-element-88ba59f e-con-full e-flex e-con e-child\" data-id=\"88ba59f\" data-element_type=\"container\" data-e-type=\"container\">\n\t\t\t\t<div class=\"elementor-element elementor-element-b37f408 elementor-widget elementor-widget-image\" data-id=\"b37f408\" data-element_type=\"widget\" data-e-type=\"widget\" data-widget_type=\"image.default\">\n\t\t\t\t<div class=\"elementor-widget-container\">\n\t\t\t\t\t\t\t\t\t\t\t\t\t\t\t<img decoding=\"async\" width=\"181\" height=\"180\" src=\"https:\/\/www.bdtrans.es\/wp-content\/uploads\/2024\/02\/Clase-5.1.svg\" class=\"attachment-large size-large wp-image-754\" alt=\"\" \/>\t\t\t\t\t\t\t\t\t\t\t\t\t\t\t<\/div>\n\t\t\t\t<\/div>\n\t\t\t\t<\/div>\n\t\t<div class=\"elementor-element elementor-element-c8bdfe5 e-con-full e-flex e-con e-child\" data-id=\"c8bdfe5\" data-element_type=\"container\" data-e-type=\"container\">\n\t\t\t\t<div class=\"elementor-element elementor-element-788d771 elementor-widget__width-inherit elementor-widget elementor-widget-heading\" data-id=\"788d771\" data-element_type=\"widget\" data-e-type=\"widget\" data-widget_type=\"heading.default\">\n\t\t\t\t<div class=\"elementor-widget-container\">\n\t\t\t\t\t<h1 class=\"elementor-heading-title elementor-size-default\">Classe ADR 5.1<\/h1>\t\t\t\t<\/div>\n\t\t\t\t<\/div>\n\t\t\t\t<div class=\"elementor-element elementor-element-2b3f300 elementor-widget elementor-widget-text-editor\" data-id=\"2b3f300\" data-element_type=\"widget\" data-e-type=\"widget\" data-widget_type=\"text-editor.default\">\n\t\t\t\t<div class=\"elementor-widget-container\">\n\t\t\t\t\t\t\t\t\t<p>Substances oxydantes<\/p>\n\t\t\t\t\t\t\t\t<\/div>\n\t\t\t\t<\/div>\n\t\t\t\t<div class=\"elementor-element elementor-element-24aa95f elementor-widget elementor-widget-text-editor\" data-id=\"24aa95f\" data-element_type=\"widget\" data-e-type=\"widget\" data-widget_type=\"text-editor.default\">\n\t\t\t\t<div class=\"elementor-widget-container\">\n\t\t\t\t\t\t\t\t\t<div class=\"column mcb-column mcb-item-jly2je5mi one tablet-one mobile-one column_column\">\n<div class=\"mcb-column-inner mcb-column-inner-jly2je5mi mcb-item-column-inner\">\n<div class=\"column_attr mfn-inline-editor clearfix\">\n<p>Les substances de la classe 5.1 sont des substances qui lib\u00e8rent de l&rsquo;oxyg\u00e8ne, provoquant ou favorisant la combustion d&rsquo;autres substances.<\/p>\n<\/div>\n<\/div>\n<\/div>\n\t\t\t\t\t\t\t\t<\/div>\n\t\t\t\t<\/div>\n\t\t\t\t<\/div>\n\t\t\t\t<\/div>\n\t\t\t\t\t<\/div>\n\t\t\t\t<\/div>\n\t\t<div class=\"elementor-element elementor-element-6e8c9bf e-flex e-con-boxed e-con e-parent\" data-id=\"6e8c9bf\" data-element_type=\"container\" data-e-type=\"container\" data-settings=\"{&quot;background_background&quot;:&quot;classic&quot;}\">\n\t\t\t\t\t<div class=\"e-con-inner\">\n\t\t\t\t<div class=\"elementor-element elementor-element-3e452a4 elementor-widget__width-inherit elementor-widget elementor-widget-heading\" data-id=\"3e452a4\" data-element_type=\"widget\" data-e-type=\"widget\" data-widget_type=\"heading.default\">\n\t\t\t\t<div class=\"elementor-widget-container\">\n\t\t\t\t\t<h2 class=\"elementor-heading-title elementor-size-default\">Classement<\/h2>\t\t\t\t<\/div>\n\t\t\t\t<\/div>\n\t\t\t\t<div class=\"elementor-element elementor-element-ce7a9c0 elementor-widget elementor-widget-text-editor\" data-id=\"ce7a9c0\" data-element_type=\"widget\" data-e-type=\"widget\" data-widget_type=\"text-editor.default\">\n\t\t\t\t<div class=\"elementor-widget-container\">\n\t\t\t\t\t\t\t\t\t<p>Les mati\u00e8res et objets de la classe 5.1 sont class\u00e9s comme suit :<\/p>\n\t\t\t\t\t\t\t\t<\/div>\n\t\t\t\t<\/div>\n\t\t<div class=\"elementor-element elementor-element-a9d4a68 e-con-full e-flex e-con e-child\" data-id=\"a9d4a68\" data-element_type=\"container\" data-e-type=\"container\">\n\t\t<div class=\"elementor-element elementor-element-db5128d e-con-full e-flex e-con e-child\" data-id=\"db5128d\" data-element_type=\"container\" data-e-type=\"container\">\n\t\t\t\t<div class=\"elementor-element elementor-element-e60d7b3 elementor-widget elementor-widget-text-editor\" data-id=\"e60d7b3\" data-element_type=\"widget\" data-e-type=\"widget\" data-widget_type=\"text-editor.default\">\n\t\t\t\t<div class=\"elementor-widget-container\">\n\t\t\t\t\t\t\t\t\t<ul>\n<li><strong>O<\/strong> Substances oxydantes sans risque subsidiaire\n<ul>\n<li><strong>O1<\/strong> Liquides<\/li>\n<li><strong>O2<\/strong> Solides<\/li>\n<li>Objets<\/li>\n<\/ul>\n<\/li>\n<li><strong>OF<\/strong> Mati\u00e8res comburantes solides, inflammables<\/li>\n<li><strong>OS<\/strong> Substances oxydantes solides, inflammation spontan\u00e9e<\/li>\n<li><strong>OW<\/strong> Mati\u00e8res comburantes solides qui, au contact de l&rsquo;eau, d\u00e9gagent des gaz inflammables<\/li>\n<\/ul>\n\t\t\t\t\t\t\t\t<\/div>\n\t\t\t\t<\/div>\n\t\t\t\t<\/div>\n\t\t<div class=\"elementor-element elementor-element-573b725 e-con-full e-flex e-con e-child\" data-id=\"573b725\" data-element_type=\"container\" data-e-type=\"container\">\n\t\t\t\t<div class=\"elementor-element elementor-element-83a3a5e elementor-widget elementor-widget-text-editor\" data-id=\"83a3a5e\" data-element_type=\"widget\" data-e-type=\"widget\" data-widget_type=\"text-editor.default\">\n\t\t\t\t<div class=\"elementor-widget-container\">\n\t\t\t\t\t\t\t\t\t<ul>\n<li><strong>TO<\/strong> Substances oxydantes <strong>toxiques<\/strong>\n<ul>\n<li><strong>OT1<\/strong> Liquides<\/li>\n<li><strong>OT2<\/strong> Solides<\/li>\n<\/ul>\n<\/li>\n<li><strong>OC<\/strong> Substances oxydantes corrosives\n<ul>\n<li>Liquides <strong>OC1<\/strong> <\/li>\n<li><strong>OC2<\/strong> Solides<\/li>\n<\/ul>\n<\/li>\n<li><strong>TBT<\/strong> Mati\u00e8res oxydantes, toxiques, corrosives<\/li>\n<\/ul>\n\t\t\t\t\t\t\t\t<\/div>\n\t\t\t\t<\/div>\n\t\t\t\t<\/div>\n\t\t\t\t<\/div>\n\t\t\t\t\t<\/div>\n\t\t\t\t<\/div>\n\t\t<div class=\"elementor-element elementor-element-16d6a6b e-flex e-con-boxed e-con e-parent\" data-id=\"16d6a6b\" data-element_type=\"container\" data-e-type=\"container\" data-settings=\"{&quot;background_background&quot;:&quot;classic&quot;}\">\n\t\t\t\t\t<div class=\"e-con-inner\">\n\t\t\t\t<div class=\"elementor-element elementor-element-e5ed9b5 elementor-widget__width-inherit elementor-widget elementor-widget-heading\" data-id=\"e5ed9b5\" data-element_type=\"widget\" data-e-type=\"widget\" data-widget_type=\"heading.default\">\n\t\t\t\t<div class=\"elementor-widget-container\">\n\t\t\t\t\t<h2 class=\"elementor-heading-title elementor-size-default\">Propri\u00e9t\u00e9s des substances oxydantes solides<\/h2>\t\t\t\t<\/div>\n\t\t\t\t<\/div>\n\t\t\t\t<div class=\"elementor-element elementor-element-b409f46 elementor-widget elementor-widget-text-editor\" data-id=\"b409f46\" data-element_type=\"widget\" data-e-type=\"widget\" data-widget_type=\"text-editor.default\">\n\t\t\t\t<div class=\"elementor-widget-container\">\n\t\t\t\t\t\t\t\t\t<p>L&rsquo;\u00e9chauffement spontan\u00e9 est provoqu\u00e9 par le contact de l&rsquo;oxyg\u00e8ne de l&rsquo;air avec la mati\u00e8re, g\u00e9n\u00e9rant de la chaleur qui n&rsquo;est pas dissip\u00e9e \u00e0 l&rsquo;ext\u00e9rieur. Cette chaleur non dissip\u00e9e atteint la temp\u00e9rature d&rsquo;inflammation spontan\u00e9e.<\/p>\n\t\t\t\t\t\t\t\t<\/div>\n\t\t\t\t<\/div>\n\t\t\t\t<div class=\"elementor-element elementor-element-a6cc023 elementor-widget elementor-widget-text-editor\" data-id=\"a6cc023\" data-element_type=\"widget\" data-e-type=\"widget\" data-widget_type=\"text-editor.default\">\n\t\t\t\t<div class=\"elementor-widget-container\">\n\t\t\t\t\t\t\t\t\t<p>Lorsque des mati\u00e8res comburantes solides non express\u00e9ment mentionn\u00e9es se voient attribuer une rubrique 2.2.51.3 sur la base d&rsquo;une proc\u00e9dure d\u00e9crite dans le Manuel d&rsquo;\u00e9preuves et de crit\u00e8res selon que l&rsquo;\u00e9preuve est O.1 ou O.3, les crit\u00e8res suivants s&rsquo;appliquent :<\/p>\n<ul>\n<li>Les mati\u00e8res solides de la classe 5.1 sont consid\u00e9r\u00e9es comme telles si, m\u00e9lang\u00e9es 4\/1 ou 1\/1 avec de la cellulose, elles s&rsquo;enflamment ou br\u00fblent pendant une dur\u00e9e comparable \u00e0 celle du m\u00e9lange bromate de potassium\/cellulose 3\/7, conform\u00e9ment \u00e0 l&rsquo;essai O.1.<\/li>\n<li>Les mati\u00e8res solides de la classe 5.1 sont consid\u00e9r\u00e9es comme telles si, m\u00e9lang\u00e9es 4\/1 ou 1\/1 avec de la cellulose, elles s&rsquo;enflamment ou br\u00fblent pendant une dur\u00e9e comparable \u00e0 celle d&rsquo;un m\u00e9lange de peroxyde de calcium et de cellulose, test\u00e9 selon l&rsquo;essai O.3.<\/li>\n<\/ul>\n<p>Ces sujets sont r\u00e9partis dans les groupes d&#8217;emballage I, II et III.<\/p>\n\t\t\t\t\t\t\t\t<\/div>\n\t\t\t\t<\/div>\n\t\t\t\t\t<\/div>\n\t\t\t\t<\/div>\n\t\t<div class=\"elementor-element elementor-element-7acbe4d e-flex e-con-boxed e-con e-parent\" data-id=\"7acbe4d\" data-element_type=\"container\" data-e-type=\"container\" data-settings=\"{&quot;background_background&quot;:&quot;classic&quot;}\">\n\t\t\t\t\t<div class=\"e-con-inner\">\n\t\t\t\t<div class=\"elementor-element elementor-element-5e5fa2c elementor-widget elementor-widget-text-editor\" data-id=\"5e5fa2c\" data-element_type=\"widget\" data-e-type=\"widget\" data-widget_type=\"text-editor.default\">\n\t\t\t\t<div class=\"elementor-widget-container\">\n\t\t\t\t\t\t\t\t\t<p>Les mati\u00e8res comburantes solides class\u00e9es sous diff\u00e9rentes rubriques du tableau du chapitre 3.2 sont incluses dans les cat\u00e9gories I, II, III sur la base du Manuel d&rsquo;\u00e9preuves et de crit\u00e8res comme suit :<\/p>\n\t\t\t\t\t\t\t\t<\/div>\n\t\t\t\t<\/div>\n\t\t<div class=\"elementor-element elementor-element-ea45e24 e-con-full e-flex e-con e-child\" data-id=\"ea45e24\" data-element_type=\"container\" data-e-type=\"container\">\n\t\t<div class=\"elementor-element elementor-element-2e86011 e-con-full e-flex e-con e-child\" data-id=\"2e86011\" data-element_type=\"container\" data-e-type=\"container\">\n\t\t\t\t<div class=\"elementor-element elementor-element-1f30b77 elementor-widget elementor-widget-text-editor\" data-id=\"1f30b77\" data-element_type=\"widget\" data-e-type=\"widget\" data-widget_type=\"text-editor.default\">\n\t\t\t\t<div class=\"elementor-widget-container\">\n\t\t\t\t\t\t\t\t\t<p><b>Test O1 :<\/b><\/p>\n<ul>\n<li>GE I : toute mati\u00e8re m\u00e9lang\u00e9e 4\/1 ou 1\/1 avec de la cellulose a un temps de combustion moyen inf\u00e9rieur \u00e0 celui du m\u00e9lange 3\/2 de bromate et de cellulose.<\/li>\n<li>GE II : toute mati\u00e8re m\u00e9lang\u00e9e 4\/1 ou 1\/1 avec de la cellulose a une dur\u00e9e de combustion moyenne inf\u00e9rieure \u00e0 celle du m\u00e9lange 2\/3 bromate et cellulose, si elle ne r\u00e9pond pas aux crit\u00e8res de la cat\u00e9gorie I.<\/li>\n<\/ul>\n\t\t\t\t\t\t\t\t<\/div>\n\t\t\t\t<\/div>\n\t\t\t\t<\/div>\n\t\t<div class=\"elementor-element elementor-element-5eb0e77 e-con-full e-flex e-con e-child\" data-id=\"5eb0e77\" data-element_type=\"container\" data-e-type=\"container\">\n\t\t\t\t<div class=\"elementor-element elementor-element-841cf13 elementor-widget elementor-widget-text-editor\" data-id=\"841cf13\" data-element_type=\"widget\" data-e-type=\"widget\" data-widget_type=\"text-editor.default\">\n\t\t\t\t<div class=\"elementor-widget-container\">\n\t\t\t\t\t\t\t\t\t<p><b>Test O2 :<\/b><\/p>\n<ul>\n<li>GES : tout mat\u00e9riau m\u00e9lang\u00e9 4\/1 ou 1\/1 avec de la cellulose a un temps de combustion moyen inf\u00e9rieur \u00e0 celui du m\u00e9lange 3\/1 de peroxyde de calcium et de cellulose.<\/li>\n<li>GEII : toute mati\u00e8re m\u00e9lang\u00e9e 4\/1 ou 1\/1 avec de la cellulose a un temps de combustion moyen plus \u00e9lev\u00e9 que le m\u00e9lange 1\/1 de peroxyde de calcium et de cellulose, si elle ne r\u00e9pond pas aux crit\u00e8res du point I.<\/li>\n<li>GEIII : toute mati\u00e8re m\u00e9lang\u00e9e 4\/1 ou 1\/1 avec de la cellulose a un taux de combustion plus \u00e9lev\u00e9 que le m\u00e9lange \u00bd peroxyde de calcium et cellulose, si elle ne remplit pas \u00e9galement les crit\u00e8res I et II.<\/li>\n<\/ul>\n\t\t\t\t\t\t\t\t<\/div>\n\t\t\t\t<\/div>\n\t\t\t\t<\/div>\n\t\t\t\t<\/div>\n\t\t\t\t\t<\/div>\n\t\t\t\t<\/div>\n\t\t<div class=\"elementor-element elementor-element-5087f47 e-flex e-con-boxed e-con e-parent\" data-id=\"5087f47\" data-element_type=\"container\" data-e-type=\"container\" data-settings=\"{&quot;background_background&quot;:&quot;classic&quot;}\">\n\t\t\t\t\t<div class=\"e-con-inner\">\n\t\t\t\t<div class=\"elementor-element elementor-element-f4081c5 elementor-widget__width-inherit elementor-widget elementor-widget-heading\" data-id=\"f4081c5\" data-element_type=\"widget\" data-e-type=\"widget\" data-widget_type=\"heading.default\">\n\t\t\t\t<div class=\"elementor-widget-container\">\n\t\t\t\t\t<h2 class=\"elementor-heading-title elementor-size-default\">Propri\u00e9t\u00e9s des substances liquides oxydantes<\/h2>\t\t\t\t<\/div>\n\t\t\t\t<\/div>\n\t\t\t\t<div class=\"elementor-element elementor-element-5ff30e8 elementor-widget elementor-widget-text-editor\" data-id=\"5ff30e8\" data-element_type=\"widget\" data-e-type=\"widget\" data-widget_type=\"text-editor.default\">\n\t\t\t\t<div class=\"elementor-widget-container\">\n\t\t\t\t\t\t\t\t\t<p>Une mati\u00e8re liquide comburante qui n&rsquo;est pas express\u00e9ment mentionn\u00e9e dans le tableau A du 3.2 est incluse sous une rubrique 2.2.51.3 sur la base des proc\u00e9dures d&rsquo;essai du Manuel d&rsquo;\u00e9preuves et de crit\u00e8res.<\/p>\n\t\t\t\t\t\t\t\t<\/div>\n\t\t\t\t<\/div>\n\t\t\t\t<div class=\"elementor-element elementor-element-039fde2 elementor-widget elementor-widget-text-editor\" data-id=\"039fde2\" data-element_type=\"widget\" data-e-type=\"widget\" data-widget_type=\"text-editor.default\">\n\t\t\t\t<div class=\"elementor-widget-container\">\n\t\t\t\t\t\t\t\t\t<p>Une mati\u00e8re liquide comburante est affect\u00e9e \u00e0 la classe 5.1 si, m\u00e9lang\u00e9e \u00e0 1\/1 avec de la cellulose, elle pr\u00e9sente une augmentation de pression d&rsquo;environ 2070 kPa, comparable \u00e0 un m\u00e9lange d&rsquo;acide nitrique en solution aqueuse \u00e0 65 % avec de la cellulose \u00e0 1\/1.<\/p>\n<p>Ces sujets sont r\u00e9partis dans les groupes d&#8217;emballage I, II et III.<\/p>\n\t\t\t\t\t\t\t\t<\/div>\n\t\t\t\t<\/div>\n\t\t\t\t\t<\/div>\n\t\t\t\t<\/div>\n\t\t<div class=\"elementor-element elementor-element-1b5d1f6 e-flex e-con-boxed e-con e-parent\" data-id=\"1b5d1f6\" data-element_type=\"container\" data-e-type=\"container\" data-settings=\"{&quot;background_background&quot;:&quot;classic&quot;}\">\n\t\t\t\t\t<div class=\"e-con-inner\">\n\t\t\t\t<div class=\"elementor-element elementor-element-ddf4864 elementor-widget__width-inherit elementor-widget elementor-widget-heading\" data-id=\"ddf4864\" data-element_type=\"widget\" data-e-type=\"widget\" data-widget_type=\"heading.default\">\n\t\t\t\t<div class=\"elementor-widget-container\">\n\t\t\t\t\t<h2 class=\"elementor-heading-title elementor-size-default\">Groupes d'emballage de la classe 5.1<\/h2>\t\t\t\t<\/div>\n\t\t\t\t<\/div>\n\t\t\t\t<div class=\"elementor-element elementor-element-8d4e33f elementor-widget elementor-widget-text-editor\" data-id=\"8d4e33f\" data-element_type=\"widget\" data-e-type=\"widget\" data-widget_type=\"text-editor.default\">\n\t\t\t\t<div class=\"elementor-widget-container\">\n\t\t\t\t\t\t\t\t\t<p>La r\u00e9partition des groupes d&#8217;emballage I, II et III :<\/p>\n\t\t\t\t\t\t\t\t<\/div>\n\t\t\t\t<\/div>\n\t\t\t\t<div class=\"elementor-element elementor-element-cf3d8b1 elementor-widget elementor-widget-text-editor\" data-id=\"cf3d8b1\" data-element_type=\"widget\" data-e-type=\"widget\" data-widget_type=\"text-editor.default\">\n\t\t\t\t<div class=\"elementor-widget-container\">\n\t\t\t\t\t\t\t\t\t<ul>\n<li>Le groupe d&#8217;emballage I s&rsquo;applique aux mati\u00e8res qui, m\u00e9lang\u00e9es \u00e0 de la cellulose 1\/1, s&rsquo;enflamment et produisent une haute pression comparable au m\u00e9lange de 50 % d&rsquo;acide perchlorique et de cellulose 1\/1.<\/li>\n<li>Le groupe d&#8217;emballage II s&rsquo;applique aux mati\u00e8res qui, m\u00e9lang\u00e9es \u00e0 de la cellulose 1\/1, provoquent une augmentation de pression comparable \u00e0 celle d&rsquo;un m\u00e9lange de chlorate de sodium \u00e0 40 % et de cellulose 1\/1 et qui ne r\u00e9pondent pas aux crit\u00e8res du groupe d&#8217;emballage I.<\/li>\n<li>Le groupe d&#8217;emballage III s&rsquo;applique aux mati\u00e8res qui, m\u00e9lang\u00e9es \u00e0 1\/1 de cellulose, produisent une augmentation de pression semblable au m\u00e9lange de 65% d&rsquo;acide nitrique avec 1\/1 de cellulose et qui, en outre, ne satisfont pas aux crit\u00e8res I et II.<\/li>\n<\/ul>\n\t\t\t\t\t\t\t\t<\/div>\n\t\t\t\t<\/div>\n\t\t\t\t\t<\/div>\n\t\t\t\t<\/div>\n\t\t\t\t<\/div>\n\t\t","protected":false},"excerpt":{"rendered":"<p>Classe ADR 5.1 Substances oxydantes Les substances de la classe 5.1 sont des substances qui lib\u00e8rent de l&rsquo;oxyg\u00e8ne, provoquant ou [&hellip;]<\/p>\n","protected":false},"author":5,"featured_media":0,"parent":3106,"menu_order":0,"comment_status":"closed","ping_status":"closed","template":"","meta":{"site-sidebar-layout":"no-sidebar","site-content-layout":"","ast-site-content-layout":"full-width-container","site-content-style":"default","site-sidebar-style":"default","ast-global-header-display":"","ast-banner-title-visibility":"","ast-main-header-display":"","ast-hfb-above-header-display":"","ast-hfb-below-header-display":"","ast-hfb-mobile-header-display":"","site-post-title":"disabled","ast-breadcrumbs-content":"","ast-featured-img":"disabled","footer-sml-layout":"","theme-transparent-header-meta":"","adv-header-id-meta":"","stick-header-meta":"","header-above-stick-meta":"","header-main-stick-meta":"","header-below-stick-meta":"","astra-migrate-meta-layouts":"default","ast-page-background-enabled":"default","ast-page-background-meta":{"desktop":{"background-color":"var(--ast-global-color-4)","background-image":"","background-repeat":"repeat","background-position":"center center","background-size":"auto","background-attachment":"scroll","background-type":"","background-media":"","overlay-type":"","overlay-color":"","overlay-opacity":"","overlay-gradient":""},"tablet":{"background-color":"","background-image":"","background-repeat":"repeat","background-position":"center center","background-size":"auto","background-attachment":"scroll","background-type":"","background-media":"","overlay-type":"","overlay-color":"","overlay-opacity":"","overlay-gradient":""},"mobile":{"background-color":"","background-image":"","background-repeat":"repeat","background-position":"center center","background-size":"auto","background-attachment":"scroll","background-type":"","background-media":"","overlay-type":"","overlay-color":"","overlay-opacity":"","overlay-gradient":""}},"ast-content-background-meta":{"desktop":{"background-color":"var(--ast-global-color-5)","background-image":"","background-repeat":"repeat","background-position":"center center","background-size":"auto","background-attachment":"scroll","background-type":"","background-media":"","overlay-type":"","overlay-color":"","overlay-opacity":"","overlay-gradient":""},"tablet":{"background-color":"var(--ast-global-color-5)","background-image":"","background-repeat":"repeat","background-position":"center center","background-size":"auto","background-attachment":"scroll","background-type":"","background-media":"","overlay-type":"","overlay-color":"","overlay-opacity":"","overlay-gradient":""},"mobile":{"background-color":"var(--ast-global-color-5)","background-image":"","background-repeat":"repeat","background-position":"center center","background-size":"auto","background-attachment":"scroll","background-type":"","background-media":"","overlay-type":"","overlay-color":"","overlay-opacity":"","overlay-gradient":""}},"footnotes":""},"class_list":["post-3185","page","type-page","status-publish","hentry"],"_links":{"self":[{"href":"https:\/\/www.bdtrans.es\/fr\/wp-json\/wp\/v2\/pages\/3185","targetHints":{"allow":["GET"]}}],"collection":[{"href":"https:\/\/www.bdtrans.es\/fr\/wp-json\/wp\/v2\/pages"}],"about":[{"href":"https:\/\/www.bdtrans.es\/fr\/wp-json\/wp\/v2\/types\/page"}],"author":[{"embeddable":true,"href":"https:\/\/www.bdtrans.es\/fr\/wp-json\/wp\/v2\/users\/5"}],"replies":[{"embeddable":true,"href":"https:\/\/www.bdtrans.es\/fr\/wp-json\/wp\/v2\/comments?post=3185"}],"version-history":[{"count":1,"href":"https:\/\/www.bdtrans.es\/fr\/wp-json\/wp\/v2\/pages\/3185\/revisions"}],"predecessor-version":[{"id":3186,"href":"https:\/\/www.bdtrans.es\/fr\/wp-json\/wp\/v2\/pages\/3185\/revisions\/3186"}],"up":[{"embeddable":true,"href":"https:\/\/www.bdtrans.es\/fr\/wp-json\/wp\/v2\/pages\/3106"}],"wp:attachment":[{"href":"https:\/\/www.bdtrans.es\/fr\/wp-json\/wp\/v2\/media?parent=3185"}],"curies":[{"name":"wp","href":"https:\/\/api.w.org\/{rel}","templated":true}]}}