{"id":3176,"date":"2024-02-16T13:24:09","date_gmt":"2024-02-16T13:24:09","guid":{"rendered":"https:\/\/www.bdtrans.es\/transport-industriel-specialise-dans-ladr\/classe-adr-4-2\/"},"modified":"2024-03-06T11:45:38","modified_gmt":"2024-03-06T11:45:38","slug":"classe-adr-4-2","status":"publish","type":"page","link":"https:\/\/www.bdtrans.es\/fr\/transport-industriel-specialise-dans-ladr\/classe-adr-4-2\/","title":{"rendered":"Classe ADR 4.2"},"content":{"rendered":"\t\t<div data-elementor-type=\"wp-page\" data-elementor-id=\"3176\" class=\"elementor elementor-3176 elementor-519\" data-elementor-post-type=\"page\">\n\t\t\t\t<div class=\"elementor-element elementor-element-db582f0 e-flex e-con-boxed e-con e-parent\" data-id=\"db582f0\" data-element_type=\"container\" data-e-type=\"container\" data-settings=\"{&quot;background_background&quot;:&quot;classic&quot;}\">\n\t\t\t\t\t<div class=\"e-con-inner\">\n\t\t<div class=\"elementor-element elementor-element-8165a6c e-con-full e-flex e-con e-child\" data-id=\"8165a6c\" data-element_type=\"container\" data-e-type=\"container\">\n\t\t<div class=\"elementor-element elementor-element-88ba59f e-con-full e-flex e-con e-child\" data-id=\"88ba59f\" data-element_type=\"container\" data-e-type=\"container\">\n\t\t\t\t<div class=\"elementor-element elementor-element-b37f408 elementor-widget elementor-widget-image\" data-id=\"b37f408\" data-element_type=\"widget\" data-e-type=\"widget\" data-widget_type=\"image.default\">\n\t\t\t\t<div class=\"elementor-widget-container\">\n\t\t\t\t\t\t\t\t\t\t\t\t\t\t\t<img decoding=\"async\" width=\"180\" height=\"180\" src=\"https:\/\/www.bdtrans.es\/wp-content\/uploads\/2024\/02\/Clase-4.2.svg\" class=\"attachment-large size-large wp-image-750\" alt=\"\" \/>\t\t\t\t\t\t\t\t\t\t\t\t\t\t\t<\/div>\n\t\t\t\t<\/div>\n\t\t\t\t<\/div>\n\t\t<div class=\"elementor-element elementor-element-c8bdfe5 e-con-full e-flex e-con e-child\" data-id=\"c8bdfe5\" data-element_type=\"container\" data-e-type=\"container\">\n\t\t\t\t<div class=\"elementor-element elementor-element-788d771 elementor-widget__width-inherit elementor-widget elementor-widget-heading\" data-id=\"788d771\" data-element_type=\"widget\" data-e-type=\"widget\" data-widget_type=\"heading.default\">\n\t\t\t\t<div class=\"elementor-widget-container\">\n\t\t\t\t\t<h1 class=\"elementor-heading-title elementor-size-default\">Classe ADR 4.2<\/h1>\t\t\t\t<\/div>\n\t\t\t\t<\/div>\n\t\t\t\t<div class=\"elementor-element elementor-element-2b3f300 elementor-widget elementor-widget-text-editor\" data-id=\"2b3f300\" data-element_type=\"widget\" data-e-type=\"widget\" data-widget_type=\"text-editor.default\">\n\t\t\t\t<div class=\"elementor-widget-container\">\n\t\t\t\t\t\t\t\t\t<p>Substances pyrophoriques, tant liquides que solides, qui, au contact de l&rsquo;air, s&rsquo;enflamment dans les cinq minutes.<\/p>\n\t\t\t\t\t\t\t\t<\/div>\n\t\t\t\t<\/div>\n\t\t\t\t<div class=\"elementor-element elementor-element-24aa95f elementor-widget elementor-widget-text-editor\" data-id=\"24aa95f\" data-element_type=\"widget\" data-e-type=\"widget\" data-widget_type=\"text-editor.default\">\n\t\t\t\t<div class=\"elementor-widget-container\">\n\t\t\t\t\t\t\t\t\t<div class=\"column mcb-column mcb-item-jly2je5mi one tablet-one mobile-one column_column\">\n<div class=\"mcb-column-inner mcb-column-inner-jly2je5mi mcb-item-column-inner\">\n<div class=\"column_attr mfn-inline-editor clearfix\">\n<p>Substances et objets subissant un \u00e9chauffement spontan\u00e9 qui peuvent devenir chauds au contact de l&rsquo;air. Ces mat\u00e9riaux peuvent s&rsquo;enflammer en grandes quantit\u00e9s et apr\u00e8s une longue p\u00e9riode de temps.<\/p>\n<\/div>\n<\/div>\n<\/div>\n\t\t\t\t\t\t\t\t<\/div>\n\t\t\t\t<\/div>\n\t\t\t\t<\/div>\n\t\t\t\t<\/div>\n\t\t\t\t\t<\/div>\n\t\t\t\t<\/div>\n\t\t<div class=\"elementor-element elementor-element-6e8c9bf e-flex e-con-boxed e-con e-parent\" data-id=\"6e8c9bf\" data-element_type=\"container\" data-e-type=\"container\" data-settings=\"{&quot;background_background&quot;:&quot;classic&quot;}\">\n\t\t\t\t\t<div class=\"e-con-inner\">\n\t\t\t\t<div class=\"elementor-element elementor-element-3e452a4 elementor-widget__width-inherit elementor-widget elementor-widget-heading\" data-id=\"3e452a4\" data-element_type=\"widget\" data-e-type=\"widget\" data-widget_type=\"heading.default\">\n\t\t\t\t<div class=\"elementor-widget-container\">\n\t\t\t\t\t<h2 class=\"elementor-heading-title elementor-size-default\">Classement<\/h2>\t\t\t\t<\/div>\n\t\t\t\t<\/div>\n\t\t\t\t<div class=\"elementor-element elementor-element-ce7a9c0 elementor-widget elementor-widget-text-editor\" data-id=\"ce7a9c0\" data-element_type=\"widget\" data-e-type=\"widget\" data-widget_type=\"text-editor.default\">\n\t\t\t\t<div class=\"elementor-widget-container\">\n\t\t\t\t\t\t\t\t\t<p>Les mati\u00e8res et objets de la classe 4.2 peuvent \u00eatre class\u00e9s comme suit :<\/p>\n\t\t\t\t\t\t\t\t<\/div>\n\t\t\t\t<\/div>\n\t\t<div class=\"elementor-element elementor-element-a9d4a68 e-con-full e-flex e-con e-child\" data-id=\"a9d4a68\" data-element_type=\"container\" data-e-type=\"container\">\n\t\t<div class=\"elementor-element elementor-element-db5128d e-con-full e-flex e-con e-child\" data-id=\"db5128d\" data-element_type=\"container\" data-e-type=\"container\">\n\t\t\t\t<div class=\"elementor-element elementor-element-e60d7b3 elementor-widget elementor-widget-text-editor\" data-id=\"e60d7b3\" data-element_type=\"widget\" data-e-type=\"widget\" data-widget_type=\"text-editor.default\">\n\t\t\t\t<div class=\"elementor-widget-container\">\n\t\t\t\t\t\t\t\t\t<ul>\n<li><strong>SC<\/strong> Mati\u00e8res pouvant s&rsquo;enflammer spontan\u00e9ment, corrosives\n<ul>\n<li><strong>SC1<\/strong> Mati\u00e8res organiques, corrosives, liquides<\/li>\n<li><strong>SC2<\/strong> Mati\u00e8res organiques, corrosives, solides<\/li>\n<li><strong>SC3<\/strong> Mati\u00e8re inorganique, corrosive, liquide<\/li>\n<li><strong>SC4<\/strong> Mat\u00e9riaux inorganiques, corrosifs, solides<\/li>\n<\/ul>\n<\/li>\n<li><strong>ST<\/strong> Mati\u00e8res pouvant s&rsquo;enflammer spontan\u00e9ment, toxiques\n<ul>\n<li><strong>ST1<\/strong> Mati\u00e8res organiques, toxiques, liquides<\/li>\n<li><strong>ST2<\/strong> Mati\u00e8res organiques, toxiques, solides<\/li>\n<li><strong>ST3<\/strong> Mati\u00e8res inorganiques, toxiques, liquides<\/li>\n<li><strong>ST4<\/strong> Mat\u00e9riaux inorganiques, toxiques, solides<\/li>\n<\/ul>\n<\/li>\n<\/ul>\n\t\t\t\t\t\t\t\t<\/div>\n\t\t\t\t<\/div>\n\t\t\t\t<\/div>\n\t\t<div class=\"elementor-element elementor-element-573b725 e-con-full e-flex e-con e-child\" data-id=\"573b725\" data-element_type=\"container\" data-e-type=\"container\">\n\t\t\t\t<div class=\"elementor-element elementor-element-83a3a5e elementor-widget elementor-widget-text-editor\" data-id=\"83a3a5e\" data-element_type=\"widget\" data-e-type=\"widget\" data-widget_type=\"text-editor.default\">\n\t\t\t\t<div class=\"elementor-widget-container\">\n\t\t\t\t\t\t\t\t\t<ul>\n<li><strong>S<\/strong> Substances pouvant s&rsquo;enflammer spontan\u00e9ment au contact de l&rsquo;air\n<ul>\n<li><strong>S1<\/strong> Mati\u00e8res organiques liquides spontan\u00e9ment inflammables<\/li>\n<li><strong>S2<\/strong> Mati\u00e8re organique solide<\/li>\n<li><strong>S3<\/strong> Mat\u00e9riaux inorganiques liquides<\/li>\n<li><strong>S4<\/strong> Mat\u00e9riaux inorganiques solides<\/li>\n<li><strong>S5<\/strong> Mat\u00e9riaux organo-m\u00e9talliques<\/li>\n<\/ul>\n<\/li>\n<li><strong>SW<\/strong> Substances qui, au contact de l&rsquo;eau, peuvent s&rsquo;enflammer spontan\u00e9ment en d\u00e9gageant des gaz inflammables.<\/li>\n<li><strong>SO<\/strong> Substances susceptibles de s&rsquo;enflammer spontan\u00e9ment, oxydants.<\/li>\n<\/ul>\n\t\t\t\t\t\t\t\t<\/div>\n\t\t\t\t<\/div>\n\t\t\t\t<\/div>\n\t\t\t\t<\/div>\n\t\t\t\t\t<\/div>\n\t\t\t\t<\/div>\n\t\t<div class=\"elementor-element elementor-element-16d6a6b e-flex e-con-boxed e-con e-parent\" data-id=\"16d6a6b\" data-element_type=\"container\" data-e-type=\"container\" data-settings=\"{&quot;background_background&quot;:&quot;classic&quot;}\">\n\t\t\t\t\t<div class=\"e-con-inner\">\n\t\t\t\t<div class=\"elementor-element elementor-element-e5ed9b5 elementor-widget__width-inherit elementor-widget elementor-widget-heading\" data-id=\"e5ed9b5\" data-element_type=\"widget\" data-e-type=\"widget\" data-widget_type=\"heading.default\">\n\t\t\t\t<div class=\"elementor-widget-container\">\n\t\t\t\t\t<h2 class=\"elementor-heading-title elementor-size-default\">Propri\u00e9t\u00e9s<\/h2>\t\t\t\t<\/div>\n\t\t\t\t<\/div>\n\t\t\t\t<div class=\"elementor-element elementor-element-b409f46 elementor-widget elementor-widget-text-editor\" data-id=\"b409f46\" data-element_type=\"widget\" data-e-type=\"widget\" data-widget_type=\"text-editor.default\">\n\t\t\t\t<div class=\"elementor-widget-container\">\n\t\t\t\t\t\t\t\t\t<p>L&rsquo;\u00e9chauffement spontan\u00e9 est provoqu\u00e9 par le contact de l&rsquo;oxyg\u00e8ne de l&rsquo;air avec la mati\u00e8re, g\u00e9n\u00e9rant de la chaleur qui n&rsquo;est pas dissip\u00e9e \u00e0 l&rsquo;ext\u00e9rieur. Cette chaleur non dissip\u00e9e atteint la temp\u00e9rature d&rsquo;inflammation spontan\u00e9e.<\/p>\n\t\t\t\t\t\t\t\t<\/div>\n\t\t\t\t<\/div>\n\t\t\t\t<div class=\"elementor-element elementor-element-a6cc023 elementor-widget elementor-widget-text-editor\" data-id=\"a6cc023\" data-element_type=\"widget\" data-e-type=\"widget\" data-widget_type=\"text-editor.default\">\n\t\t\t\t<div class=\"elementor-widget-container\">\n\t\t\t\t\t\t\t\t\t<p>Liquides spontan\u00e9ment inflammables (pyrophoriques) :<\/p>\n<ul>\n<li>En cas d&rsquo;inflammation dans les cinq minutes suivant le d\u00e9versement sur un support inerte<\/li>\n<li>S&rsquo;enflammer ou se carboniser apr\u00e8s cinq minutes sur un support de papier filtre sec.<\/li>\n<\/ul>\n<p>Les substances pyrophoriques sont consid\u00e9r\u00e9es comme faisant partie du groupe d&#8217;emballage I.<\/p>\n<p>Les mat\u00e9riaux dans lesquels un \u00e9chantillon cubique de 10 cm, \u00e0 une temp\u00e9rature de 140\u00baC, si l&rsquo;on observe une inflammation spontan\u00e9e ou une augmentation de temp\u00e9rature de plus de 200\u00baC dans une p\u00e9riode de 24 heures, sont class\u00e9s dans la classe 4.2. Si le mat\u00e9riau \u00e0 traiter est pr\u00e9par\u00e9 dans un \u00e9chantillon cubique de 2,5 cm \u00e0 une temp\u00e9rature d&rsquo;essai de 140\u00baC pendant 24 heures, si l&rsquo;on observe une inflammation spontan\u00e9e ou une augmentation de temp\u00e9rature de plus de 200\u00baC, nous attribuons le groupe d&#8217;emballage II. Si cette \u00e9preuve n&rsquo;est pas concluante, un \u00e9chantillon cubique de 10 cm de c\u00f4t\u00e9 est soumis \u00e0 une temp\u00e9rature d&rsquo;\u00e9preuve de 140 \u00b0C pendant 24 heures, le groupe d&#8217;emballage III est attribu\u00e9.<\/p>\n<p>Les mati\u00e8res transport\u00e9es en colis d&rsquo;un volume ne d\u00e9passant pas 3 m3 ne sont pas consid\u00e9r\u00e9es comme \u00e9tant de la classe 4.2 si l&rsquo;\u00e9preuve a \u00e9t\u00e9 effectu\u00e9e sur un \u00e9chantillon cubique de 10 cm de c\u00f4t\u00e9 \u00e0 une temp\u00e9rature de 120\u00b0C et ne montre pas d&rsquo;inflammation spontan\u00e9e ou d&rsquo;\u00e9l\u00e9vation de la temp\u00e9rature au-dessus de 180\u00b0C pendant 24 heures.<\/p>\n<p>Les mati\u00e8res transport\u00e9es en colis d&rsquo;un volume inf\u00e9rieur \u00e0 450 m3 ne sont pas consid\u00e9r\u00e9es comme \u00e9tant de la classe 4.2 si, lors de l&rsquo;\u00e9preuve sur un \u00e9chantillon cubique de 10 cm de c\u00f4t\u00e9 \u00e0 100 \u00b0C, elles ne subissent pas d&rsquo;inflammation spontan\u00e9e ou d&rsquo;\u00e9l\u00e9vation de temp\u00e9rature \u00e0 160 \u00b0C pendant 24 heures.<\/p>\n\t\t\t\t\t\t\t\t<\/div>\n\t\t\t\t<\/div>\n\t\t\t\t\t<\/div>\n\t\t\t\t<\/div>\n\t\t<div class=\"elementor-element elementor-element-5087f47 e-flex e-con-boxed e-con e-parent\" data-id=\"5087f47\" data-element_type=\"container\" data-e-type=\"container\" data-settings=\"{&quot;background_background&quot;:&quot;classic&quot;}\">\n\t\t\t\t\t<div class=\"e-con-inner\">\n\t\t\t\t<div class=\"elementor-element elementor-element-f4081c5 elementor-widget__width-inherit elementor-widget elementor-widget-heading\" data-id=\"f4081c5\" data-element_type=\"widget\" data-e-type=\"widget\" data-widget_type=\"heading.default\">\n\t\t\t\t<div class=\"elementor-widget-container\">\n\t\t\t\t\t<h2 class=\"elementor-heading-title elementor-size-default\">Groupes d'emballage de la classe 4.2<\/h2>\t\t\t\t<\/div>\n\t\t\t\t<\/div>\n\t\t\t\t<div class=\"elementor-element elementor-element-5ff30e8 elementor-widget elementor-widget-text-editor\" data-id=\"5ff30e8\" data-element_type=\"widget\" data-e-type=\"widget\" data-widget_type=\"text-editor.default\">\n\t\t\t\t<div class=\"elementor-widget-container\">\n\t\t\t\t\t\t\t\t\t<p>Les crit\u00e8res d&rsquo;\u00e9tablissement des groupes d&#8217;emballage ainsi que les crit\u00e8res d&rsquo;\u00e9tablissement de l&rsquo;appartenance \u00e0 une classe sont les suivants :<\/p>\n\t\t\t\t\t\t\t\t<\/div>\n\t\t\t\t<\/div>\n\t\t<div class=\"elementor-element elementor-element-a9e6401 e-con-full e-flex e-con e-child\" data-id=\"a9e6401\" data-element_type=\"container\" data-e-type=\"container\">\n\t\t\t\t<div class=\"elementor-element elementor-element-b6c6b95 elementor-widget elementor-widget-text-editor\" data-id=\"b6c6b95\" data-element_type=\"widget\" data-e-type=\"widget\" data-widget_type=\"text-editor.default\">\n\t\t\t\t<div class=\"elementor-widget-container\">\n\t\t\t\t\t\t\t\t\t<ul>\n<li>Les substances pyrophoriques doivent \u00eatre plac\u00e9es dans le groupe d&#8217;emballage I.<\/li>\n<li>Les mati\u00e8res qui subissent un \u00e9chauffement spontan\u00e9 sur un \u00e9chantillon cubique de 2,5 cm de c\u00f4t\u00e9 \u00e0 140\u00b0C pendant 24 heures, s&rsquo;il pr\u00e9sente soit une inflammation spontan\u00e9e, soit un \u00e9chauffement sup\u00e9rieur \u00e0 200\u00b0C, sont consid\u00e9r\u00e9es comme appartenant au groupe d&#8217;emballage II.<\/li>\n<li> <\/li>\n<\/ul>\n\t\t\t\t\t\t\t\t<\/div>\n\t\t\t\t<\/div>\n\t\t\t\t<div class=\"elementor-element elementor-element-cd3f5f9 elementor-widget elementor-widget-text-editor\" data-id=\"cd3f5f9\" data-element_type=\"widget\" data-e-type=\"widget\" data-widget_type=\"text-editor.default\">\n\t\t\t\t<div class=\"elementor-widget-container\">\n\t\t\t\t\t\t\t\t\t<ul>\n<li>Mati\u00e8res qui subissent un \u00e9chauffement spontan\u00e9, si une temp\u00e9rature de 140\u00b0C est appliqu\u00e9e \u00e0 un \u00e9chantillon cubique de 2,5 cm pendant 24 heures, on n&rsquo;observe pas d&rsquo;inflammation spontan\u00e9e ou d&rsquo;\u00e9l\u00e9vation de temp\u00e9rature de 200\u00b0C, mais si l&rsquo;\u00e9chantillon cubique d\u00e9passe 10 cm de c\u00f4t\u00e9, on l&rsquo;observe, il est consid\u00e9r\u00e9 comme faisant partie du groupe d&#8217;emballage III.<\/li>\n<\/ul>\n\t\t\t\t\t\t\t\t<\/div>\n\t\t\t\t<\/div>\n\t\t\t\t<\/div>\n\t\t\t\t\t<\/div>\n\t\t\t\t<\/div>\n\t\t\t\t<\/div>\n\t\t","protected":false},"excerpt":{"rendered":"<p>ADR Clase 4.2 Las materias pirof\u00f3ricas, tanto las l\u00edquidas como las s\u00f3lidas, que en contacto con el aire se inflaman [&hellip;]<\/p>\n","protected":false},"author":5,"featured_media":0,"parent":3106,"menu_order":0,"comment_status":"closed","ping_status":"closed","template":"","meta":{"site-sidebar-layout":"no-sidebar","site-content-layout":"","ast-site-content-layout":"full-width-container","site-content-style":"default","site-sidebar-style":"default","ast-global-header-display":"","ast-banner-title-visibility":"","ast-main-header-display":"","ast-hfb-above-header-display":"","ast-hfb-below-header-display":"","ast-hfb-mobile-header-display":"","site-post-title":"disabled","ast-breadcrumbs-content":"","ast-featured-img":"disabled","footer-sml-layout":"","theme-transparent-header-meta":"","adv-header-id-meta":"","stick-header-meta":"","header-above-stick-meta":"","header-main-stick-meta":"","header-below-stick-meta":"","astra-migrate-meta-layouts":"default","ast-page-background-enabled":"default","ast-page-background-meta":{"desktop":{"background-color":"var(--ast-global-color-4)","background-image":"","background-repeat":"repeat","background-position":"center center","background-size":"auto","background-attachment":"scroll","background-type":"","background-media":"","overlay-type":"","overlay-color":"","overlay-opacity":"","overlay-gradient":""},"tablet":{"background-color":"","background-image":"","background-repeat":"repeat","background-position":"center center","background-size":"auto","background-attachment":"scroll","background-type":"","background-media":"","overlay-type":"","overlay-color":"","overlay-opacity":"","overlay-gradient":""},"mobile":{"background-color":"","background-image":"","background-repeat":"repeat","background-position":"center center","background-size":"auto","background-attachment":"scroll","background-type":"","background-media":"","overlay-type":"","overlay-color":"","overlay-opacity":"","overlay-gradient":""}},"ast-content-background-meta":{"desktop":{"background-color":"var(--ast-global-color-5)","background-image":"","background-repeat":"repeat","background-position":"center center","background-size":"auto","background-attachment":"scroll","background-type":"","background-media":"","overlay-type":"","overlay-color":"","overlay-opacity":"","overlay-gradient":""},"tablet":{"background-color":"var(--ast-global-color-5)","background-image":"","background-repeat":"repeat","background-position":"center center","background-size":"auto","background-attachment":"scroll","background-type":"","background-media":"","overlay-type":"","overlay-color":"","overlay-opacity":"","overlay-gradient":""},"mobile":{"background-color":"var(--ast-global-color-5)","background-image":"","background-repeat":"repeat","background-position":"center center","background-size":"auto","background-attachment":"scroll","background-type":"","background-media":"","overlay-type":"","overlay-color":"","overlay-opacity":"","overlay-gradient":""}},"footnotes":""},"class_list":["post-3176","page","type-page","status-publish","hentry"],"_links":{"self":[{"href":"https:\/\/www.bdtrans.es\/fr\/wp-json\/wp\/v2\/pages\/3176","targetHints":{"allow":["GET"]}}],"collection":[{"href":"https:\/\/www.bdtrans.es\/fr\/wp-json\/wp\/v2\/pages"}],"about":[{"href":"https:\/\/www.bdtrans.es\/fr\/wp-json\/wp\/v2\/types\/page"}],"author":[{"embeddable":true,"href":"https:\/\/www.bdtrans.es\/fr\/wp-json\/wp\/v2\/users\/5"}],"replies":[{"embeddable":true,"href":"https:\/\/www.bdtrans.es\/fr\/wp-json\/wp\/v2\/comments?post=3176"}],"version-history":[{"count":3,"href":"https:\/\/www.bdtrans.es\/fr\/wp-json\/wp\/v2\/pages\/3176\/revisions"}],"predecessor-version":[{"id":3182,"href":"https:\/\/www.bdtrans.es\/fr\/wp-json\/wp\/v2\/pages\/3176\/revisions\/3182"}],"up":[{"embeddable":true,"href":"https:\/\/www.bdtrans.es\/fr\/wp-json\/wp\/v2\/pages\/3106"}],"wp:attachment":[{"href":"https:\/\/www.bdtrans.es\/fr\/wp-json\/wp\/v2\/media?parent=3176"}],"curies":[{"name":"wp","href":"https:\/\/api.w.org\/{rel}","templated":true}]}}