{"id":3160,"date":"2024-02-16T13:48:20","date_gmt":"2024-02-16T13:48:20","guid":{"rendered":"https:\/\/www.bdtrans.es\/transport-industriel-specialise-dans-ladr\/classe-adr-4-3\/"},"modified":"2024-03-06T11:45:46","modified_gmt":"2024-03-06T11:45:46","slug":"classe-adr-4-3","status":"publish","type":"page","link":"https:\/\/www.bdtrans.es\/fr\/transport-industriel-specialise-dans-ladr\/classe-adr-4-3\/","title":{"rendered":"Classe ADR 4.3"},"content":{"rendered":"\t\t<div data-elementor-type=\"wp-page\" data-elementor-id=\"3160\" class=\"elementor elementor-3160 elementor-528\" data-elementor-post-type=\"page\">\n\t\t\t\t<div class=\"elementor-element elementor-element-db582f0 e-flex e-con-boxed e-con e-parent\" data-id=\"db582f0\" data-element_type=\"container\" data-e-type=\"container\" data-settings=\"{&quot;background_background&quot;:&quot;classic&quot;}\">\n\t\t\t\t\t<div class=\"e-con-inner\">\n\t\t<div class=\"elementor-element elementor-element-8165a6c e-con-full e-flex e-con e-child\" data-id=\"8165a6c\" data-element_type=\"container\" data-e-type=\"container\">\n\t\t<div class=\"elementor-element elementor-element-88ba59f e-con-full e-flex e-con e-child\" data-id=\"88ba59f\" data-element_type=\"container\" data-e-type=\"container\">\n\t\t\t\t<div class=\"elementor-element elementor-element-b37f408 elementor-widget elementor-widget-image\" data-id=\"b37f408\" data-element_type=\"widget\" data-e-type=\"widget\" data-widget_type=\"image.default\">\n\t\t\t\t<div class=\"elementor-widget-container\">\n\t\t\t\t\t\t\t\t\t\t\t\t\t\t\t<img decoding=\"async\" width=\"181\" height=\"180\" src=\"https:\/\/www.bdtrans.es\/wp-content\/uploads\/2024\/02\/Clase-4.3.svg\" class=\"attachment-large size-large wp-image-752\" alt=\"\" \/>\t\t\t\t\t\t\t\t\t\t\t\t\t\t\t<\/div>\n\t\t\t\t<\/div>\n\t\t\t\t<\/div>\n\t\t<div class=\"elementor-element elementor-element-c8bdfe5 e-con-full e-flex e-con e-child\" data-id=\"c8bdfe5\" data-element_type=\"container\" data-e-type=\"container\">\n\t\t\t\t<div class=\"elementor-element elementor-element-788d771 elementor-widget__width-inherit elementor-widget elementor-widget-heading\" data-id=\"788d771\" data-element_type=\"widget\" data-e-type=\"widget\" data-widget_type=\"heading.default\">\n\t\t\t\t<div class=\"elementor-widget-container\">\n\t\t\t\t\t<h1 class=\"elementor-heading-title elementor-size-default\">Classe ADR 4.3<\/h1>\t\t\t\t<\/div>\n\t\t\t\t<\/div>\n\t\t\t\t<div class=\"elementor-element elementor-element-2b3f300 elementor-widget elementor-widget-text-editor\" data-id=\"2b3f300\" data-element_type=\"widget\" data-e-type=\"widget\" data-widget_type=\"text-editor.default\">\n\t\t\t\t<div class=\"elementor-widget-container\">\n\t\t\t\t\t\t\t\t\t<p>Substances qui, au contact de l&rsquo;eau, d\u00e9gagent des gaz inflammables<\/p>\n\t\t\t\t\t\t\t\t<\/div>\n\t\t\t\t<\/div>\n\t\t\t\t<div class=\"elementor-element elementor-element-24aa95f elementor-widget elementor-widget-text-editor\" data-id=\"24aa95f\" data-element_type=\"widget\" data-e-type=\"widget\" data-widget_type=\"text-editor.default\">\n\t\t\t\t<div class=\"elementor-widget-container\">\n\t\t\t\t\t\t\t\t\t<p>Il s&rsquo;agit de substances hydro-r\u00e9actives qui d\u00e9gagent des gaz inflammables pouvant former des m\u00e9langes explosifs avec l&rsquo;air.<\/p>\n\t\t\t\t\t\t\t\t<\/div>\n\t\t\t\t<\/div>\n\t\t\t\t<\/div>\n\t\t\t\t<\/div>\n\t\t\t\t\t<\/div>\n\t\t\t\t<\/div>\n\t\t<div class=\"elementor-element elementor-element-6e8c9bf e-flex e-con-boxed e-con e-parent\" data-id=\"6e8c9bf\" data-element_type=\"container\" data-e-type=\"container\" data-settings=\"{&quot;background_background&quot;:&quot;classic&quot;}\">\n\t\t\t\t\t<div class=\"e-con-inner\">\n\t\t\t\t<div class=\"elementor-element elementor-element-3e452a4 elementor-widget__width-inherit elementor-widget elementor-widget-heading\" data-id=\"3e452a4\" data-element_type=\"widget\" data-e-type=\"widget\" data-widget_type=\"heading.default\">\n\t\t\t\t<div class=\"elementor-widget-container\">\n\t\t\t\t\t<h2 class=\"elementor-heading-title elementor-size-default\">Classification des substances Classe 4.1<\/h2>\t\t\t\t<\/div>\n\t\t\t\t<\/div>\n\t\t\t\t<div class=\"elementor-element elementor-element-ce7a9c0 elementor-widget elementor-widget-text-editor\" data-id=\"ce7a9c0\" data-element_type=\"widget\" data-e-type=\"widget\" data-widget_type=\"text-editor.default\">\n\t\t\t\t<div class=\"elementor-widget-container\">\n\t\t\t\t\t\t\t\t\t<p>Les mati\u00e8res et objets de la classe 4.3 sont subdivis\u00e9s comme suit :<\/p>\n\t\t\t\t\t\t\t\t<\/div>\n\t\t\t\t<\/div>\n\t\t<div class=\"elementor-element elementor-element-a9d4a68 e-con-full e-flex e-con e-child\" data-id=\"a9d4a68\" data-element_type=\"container\" data-e-type=\"container\">\n\t\t<div class=\"elementor-element elementor-element-db5128d e-con-full e-flex e-con e-child\" data-id=\"db5128d\" data-element_type=\"container\" data-e-type=\"container\">\n\t\t\t\t<div class=\"elementor-element elementor-element-e60d7b3 elementor-widget elementor-widget-text-editor\" data-id=\"e60d7b3\" data-element_type=\"widget\" data-e-type=\"widget\" data-widget_type=\"text-editor.default\">\n\t\t\t\t<div class=\"elementor-widget-container\">\n\t\t\t\t\t\t\t\t\t<ul>\n<li><strong>W<\/strong> Substances qui, au contact de l&rsquo;eau, d\u00e9gagent des gaz inflammables sans risque subsidiaire\n<ul>\n<li><strong>W1<\/strong> Liquides<\/li>\n<li><strong>W2<\/strong> Solides<\/li>\n<li>Objets <strong>W3<\/strong> <\/li>\n<\/ul>\n<\/li>\n<li><strong>WF1<\/strong> Mati\u00e8res liquides qui, au contact de l&rsquo;eau, d\u00e9gagent des gaz inflammables<\/li>\n<li><strong>WF2<\/strong> Mati\u00e8res solides qui, au contact de l&rsquo;eau, d\u00e9gagent des gaz inflammables<\/li>\n<li><strong>WS<\/strong> Les substances qui s&rsquo;\u00e9chauffent spontan\u00e9ment au contact de l&rsquo;eau lib\u00e8rent des gaz et des solides inflammables.<\/li>\n<li><strong>WO<\/strong> Substances qui, au contact de l&rsquo;eau, lib\u00e8rent des gaz inflammables, des oxydants, des solides.<\/li>\n<\/ul>\n\t\t\t\t\t\t\t\t<\/div>\n\t\t\t\t<\/div>\n\t\t\t\t<\/div>\n\t\t<div class=\"elementor-element elementor-element-573b725 e-con-full e-flex e-con e-child\" data-id=\"573b725\" data-element_type=\"container\" data-e-type=\"container\">\n\t\t\t\t<div class=\"elementor-element elementor-element-83a3a5e elementor-widget elementor-widget-text-editor\" data-id=\"83a3a5e\" data-element_type=\"widget\" data-e-type=\"widget\" data-widget_type=\"text-editor.default\">\n\t\t\t\t<div class=\"elementor-widget-container\">\n\t\t\t\t\t\t\t\t\t<ul>\n<li><strong>WT<\/strong> Substances qui, au contact de l&rsquo;eau, lib\u00e8rent des gaz inflammables, toxiques ou toxiques.\n<ul>\n<li>Liquides <strong>WT1<\/strong> <\/li>\n<li><strong>WT2<\/strong> solides<\/li>\n<\/ul>\n<\/li>\n<li><strong>WC<\/strong> Substances qui, au contact de l&rsquo;eau, lib\u00e8rent des gaz inflammables, corrosifs ou corrosifs.\n<ul>\n<li>Liquides <strong>WC1<\/strong> <\/li>\n<li>Solide <strong>WC2<\/strong> <\/li>\n<\/ul>\n<\/li>\n<li><strong>WFC<\/strong> Substances qui, au contact de l&rsquo;eau, d\u00e9gagent des gaz inflammables, inflammables et toxiques.<\/li>\n<\/ul>\n\t\t\t\t\t\t\t\t<\/div>\n\t\t\t\t<\/div>\n\t\t\t\t<\/div>\n\t\t\t\t<\/div>\n\t\t\t\t<div class=\"elementor-element elementor-element-baacc76 elementor-widget elementor-widget-text-editor\" data-id=\"baacc76\" data-element_type=\"widget\" data-e-type=\"widget\" data-widget_type=\"text-editor.default\">\n\t\t\t\t<div class=\"elementor-widget-container\">\n\t\t\t\t\t\t\t\t\t<div class=\"column mcb-column mcb-item-ee5e270dc one tablet-one mobile-one column_column\">\n<div class=\"mcb-column-inner mcb-column-inner-ee5e270dc mcb-item-column-inner\">\n<div class=\"column_attr mfn-inline-editor clearfix\">\n<p>Les mat\u00e9riaux de la classe 4.3 sont \u00e9num\u00e9r\u00e9s dans le tableau A 3.2, ceux qui ne sont pas exprim\u00e9s sont affect\u00e9s \u00e0 une rubrique collective conform\u00e9ment \u00e0 2.2.43.3 conform\u00e9ment \u00e0 2.1, nous appliquerons la m\u00e9thode d&rsquo;essai d\u00e9crite \u00e0 2.2.43.1.4 sur la base des crit\u00e8res du manuel d&rsquo;essai i selon les crit\u00e8res suivants afin d&rsquo;attribuer la classe :<\/p>\n<ul>\n<li>le gaz lib\u00e9r\u00e9 s&rsquo;enflamme spontan\u00e9ment<\/li>\n<li>en cas de perte de gaz inflammable 1litre\/kilo de mati\u00e8re pendant une heure.<\/li>\n<\/ul>\n<p>Sur la base de la proc\u00e9dure d&rsquo;essai conform\u00e9ment au Manuel d&rsquo;\u00e9preuves et de crit\u00e8res et des crit\u00e8res \u00e9nonc\u00e9s au point 2.2.43.1.5, un mat\u00e9riau express\u00e9ment mentionn\u00e9 dans le tableau A du chapitre 3.2, il peut arriver que le r\u00e9sultat de l&rsquo;essai soit tel que le mat\u00e9riau n&rsquo;est pas soumis aux conditions de cette classe, bien que le tableau A l&rsquo;indique.<\/p>\n<\/div>\n<\/div>\n<\/div>\n\t\t\t\t\t\t\t\t<\/div>\n\t\t\t\t<\/div>\n\t\t\t\t\t<\/div>\n\t\t\t\t<\/div>\n\t\t<div class=\"elementor-element elementor-element-16d6a6b e-flex e-con-boxed e-con e-parent\" data-id=\"16d6a6b\" data-element_type=\"container\" data-e-type=\"container\" data-settings=\"{&quot;background_background&quot;:&quot;classic&quot;}\">\n\t\t\t\t\t<div class=\"e-con-inner\">\n\t\t\t\t<div class=\"elementor-element elementor-element-e5ed9b5 elementor-widget__width-inherit elementor-widget elementor-widget-heading\" data-id=\"e5ed9b5\" data-element_type=\"widget\" data-e-type=\"widget\" data-widget_type=\"heading.default\">\n\t\t\t\t<div class=\"elementor-widget-container\">\n\t\t\t\t\t<h2 class=\"elementor-heading-title elementor-size-default\">Groupes d'emballage de la classe 4.3<\/h2>\t\t\t\t<\/div>\n\t\t\t\t<\/div>\n\t\t\t\t<div class=\"elementor-element elementor-element-b409f46 elementor-widget elementor-widget-text-editor\" data-id=\"b409f46\" data-element_type=\"widget\" data-e-type=\"widget\" data-widget_type=\"text-editor.default\">\n\t\t\t\t<div class=\"elementor-widget-container\">\n\t\t\t\t\t\t\t\t\t<p>Les crit\u00e8res d&rsquo;\u00e9tablissement des groupes d&#8217;emballage ainsi que les crit\u00e8res d&rsquo;\u00e9tablissement de l&rsquo;appartenance \u00e0 une classe sont les suivants :<\/p>\n\t\t\t\t\t\t\t\t<\/div>\n\t\t\t\t<\/div>\n\t\t\t\t<div class=\"elementor-element elementor-element-a6cc023 elementor-widget elementor-widget-text-editor\" data-id=\"a6cc023\" data-element_type=\"widget\" data-e-type=\"widget\" data-widget_type=\"text-editor.default\">\n\t\t\t\t<div class=\"elementor-widget-container\">\n\t\t\t\t\t\t\t\t\t<ul>\n<li>Le groupe d&#8217;emballage I s&rsquo;applique aux mat\u00e9riaux qui d\u00e9gagent des gaz inflammables au contact de l&rsquo;eau dans une proportion sup\u00e9rieure \u00e0 10 litres\/kilo en une minute.<\/li>\n<li>Groupe d&#8217;emballage II lorsque le rejet est \u00e9gal ou sup\u00e9rieur \u00e0 20 litres\/Kilo en une heure.<\/li>\n<li>Groupe d&#8217;emballage III lorsque le rejet est \u00e9gal ou sup\u00e9rieur \u00e0 1 litre\/Kilo en une heure.<\/li>\n<\/ul>\n\t\t\t\t\t\t\t\t<\/div>\n\t\t\t\t<\/div>\n\t\t\t\t\t<\/div>\n\t\t\t\t<\/div>\n\t\t\t\t<\/div>\n\t\t","protected":false},"excerpt":{"rendered":"<p>Classe ADR 4.3 Substances qui, au contact de l&rsquo;eau, d\u00e9gagent des gaz inflammables Il s&rsquo;agit de substances hydro-r\u00e9actives qui d\u00e9gagent [&hellip;]<\/p>\n","protected":false},"author":5,"featured_media":0,"parent":3106,"menu_order":0,"comment_status":"closed","ping_status":"closed","template":"","meta":{"site-sidebar-layout":"no-sidebar","site-content-layout":"","ast-site-content-layout":"full-width-container","site-content-style":"default","site-sidebar-style":"default","ast-global-header-display":"","ast-banner-title-visibility":"","ast-main-header-display":"","ast-hfb-above-header-display":"","ast-hfb-below-header-display":"","ast-hfb-mobile-header-display":"","site-post-title":"disabled","ast-breadcrumbs-content":"","ast-featured-img":"disabled","footer-sml-layout":"","theme-transparent-header-meta":"","adv-header-id-meta":"","stick-header-meta":"","header-above-stick-meta":"","header-main-stick-meta":"","header-below-stick-meta":"","astra-migrate-meta-layouts":"default","ast-page-background-enabled":"default","ast-page-background-meta":{"desktop":{"background-color":"var(--ast-global-color-4)","background-image":"","background-repeat":"repeat","background-position":"center center","background-size":"auto","background-attachment":"scroll","background-type":"","background-media":"","overlay-type":"","overlay-color":"","overlay-opacity":"","overlay-gradient":""},"tablet":{"background-color":"","background-image":"","background-repeat":"repeat","background-position":"center center","background-size":"auto","background-attachment":"scroll","background-type":"","background-media":"","overlay-type":"","overlay-color":"","overlay-opacity":"","overlay-gradient":""},"mobile":{"background-color":"","background-image":"","background-repeat":"repeat","background-position":"center center","background-size":"auto","background-attachment":"scroll","background-type":"","background-media":"","overlay-type":"","overlay-color":"","overlay-opacity":"","overlay-gradient":""}},"ast-content-background-meta":{"desktop":{"background-color":"var(--ast-global-color-5)","background-image":"","background-repeat":"repeat","background-position":"center center","background-size":"auto","background-attachment":"scroll","background-type":"","background-media":"","overlay-type":"","overlay-color":"","overlay-opacity":"","overlay-gradient":""},"tablet":{"background-color":"var(--ast-global-color-5)","background-image":"","background-repeat":"repeat","background-position":"center center","background-size":"auto","background-attachment":"scroll","background-type":"","background-media":"","overlay-type":"","overlay-color":"","overlay-opacity":"","overlay-gradient":""},"mobile":{"background-color":"var(--ast-global-color-5)","background-image":"","background-repeat":"repeat","background-position":"center center","background-size":"auto","background-attachment":"scroll","background-type":"","background-media":"","overlay-type":"","overlay-color":"","overlay-opacity":"","overlay-gradient":""}},"footnotes":""},"class_list":["post-3160","page","type-page","status-publish","hentry"],"_links":{"self":[{"href":"https:\/\/www.bdtrans.es\/fr\/wp-json\/wp\/v2\/pages\/3160","targetHints":{"allow":["GET"]}}],"collection":[{"href":"https:\/\/www.bdtrans.es\/fr\/wp-json\/wp\/v2\/pages"}],"about":[{"href":"https:\/\/www.bdtrans.es\/fr\/wp-json\/wp\/v2\/types\/page"}],"author":[{"embeddable":true,"href":"https:\/\/www.bdtrans.es\/fr\/wp-json\/wp\/v2\/users\/5"}],"replies":[{"embeddable":true,"href":"https:\/\/www.bdtrans.es\/fr\/wp-json\/wp\/v2\/comments?post=3160"}],"version-history":[{"count":4,"href":"https:\/\/www.bdtrans.es\/fr\/wp-json\/wp\/v2\/pages\/3160\/revisions"}],"predecessor-version":[{"id":3213,"href":"https:\/\/www.bdtrans.es\/fr\/wp-json\/wp\/v2\/pages\/3160\/revisions\/3213"}],"up":[{"embeddable":true,"href":"https:\/\/www.bdtrans.es\/fr\/wp-json\/wp\/v2\/pages\/3106"}],"wp:attachment":[{"href":"https:\/\/www.bdtrans.es\/fr\/wp-json\/wp\/v2\/media?parent=3160"}],"curies":[{"name":"wp","href":"https:\/\/api.w.org\/{rel}","templated":true}]}}