{"id":3137,"date":"2024-02-16T10:55:53","date_gmt":"2024-02-16T10:55:53","guid":{"rendered":"https:\/\/www.bdtrans.es\/politique-en-matiere-de-cookies\/"},"modified":"2026-02-04T06:49:12","modified_gmt":"2026-02-04T06:49:12","slug":"politique-en-matiere-de-cookies","status":"publish","type":"page","link":"https:\/\/www.bdtrans.es\/fr\/politique-en-matiere-de-cookies\/","title":{"rendered":"Politique en mati\u00e8re de cookies"},"content":{"rendered":"\t\t<div data-elementor-type=\"wp-page\" data-elementor-id=\"3137\" class=\"elementor elementor-3137 elementor-494\" data-elementor-post-type=\"page\">\n\t\t\t\t<div class=\"elementor-element elementor-element-c844fd4 e-flex e-con-boxed e-con e-parent\" data-id=\"c844fd4\" data-element_type=\"container\" data-e-type=\"container\" data-settings=\"{&quot;background_background&quot;:&quot;classic&quot;}\">\n\t\t\t\t\t<div class=\"e-con-inner\">\n\t\t\t\t<div class=\"elementor-element elementor-element-9ec9fe2 elementor-widget__width-initial elementor-widget elementor-widget-heading\" data-id=\"9ec9fe2\" data-element_type=\"widget\" data-e-type=\"widget\" data-widget_type=\"heading.default\">\n\t\t\t\t<div class=\"elementor-widget-container\">\n\t\t\t\t\t<h1 class=\"elementor-heading-title elementor-size-default\">Politique en mati\u00e8re de cookies<\/h1>\t\t\t\t<\/div>\n\t\t\t\t<\/div>\n\t\t\t\t\t<\/div>\n\t\t\t\t<\/div>\n\t\t<div class=\"elementor-element elementor-element-0cd3b36 e-flex e-con-boxed e-con e-parent\" data-id=\"0cd3b36\" data-element_type=\"container\" data-e-type=\"container\" data-settings=\"{&quot;background_background&quot;:&quot;classic&quot;}\">\n\t\t\t\t\t<div class=\"e-con-inner\">\n\t\t\t\t<div class=\"elementor-element elementor-element-54e08ca elementor-widget__width-inherit elementor-widget elementor-widget-text-editor\" data-id=\"54e08ca\" data-element_type=\"widget\" data-e-type=\"widget\" data-widget_type=\"text-editor.default\">\n\t\t\t\t<div class=\"elementor-widget-container\">\n\t\t\t\t\t\t\t\t\t<div class=\"column mcb-column mcb-item-020be0917 one tablet-one mobile-one column_column\"><div class=\"mcb-column-inner mcb-column-inner-020be0917 mcb-item-column-inner\"><div class=\"column_attr mfn-inline-editor clearfix align_left\"><p><strong>POLITIQUE EN MATI\u00c8RE DE COOKIES<\/strong><\/p><p>Le responsable du site Web <a href=\"https:\/\/www.bdtrans.es\/en\/\">https:\/\/www.bdtrans.es\/en\/<\/a> (le \u00a0\u00bb Site Web \u00ab\u00a0) est ADR TRANS, S.L. qui peut utiliser une technologie appel\u00e9e \u00a0\u00bb cookies \u00a0\u00bb afin de collecter des informations sur l&rsquo;utilisation du Site Web. Nous vous informons que nous pouvons utiliser des cookies afin de faciliter votre navigation sur le site Web, de vous distinguer des autres utilisateurs, de vous offrir une meilleure exp\u00e9rience dans l&rsquo;utilisation de celui-ci, et d&rsquo;identifier les probl\u00e8mes afin d&rsquo;am\u00e9liorer notre site Web. En outre, si vous y consentez, nous pouvons utiliser des cookies pour nous permettre d&rsquo;en savoir plus sur vos pr\u00e9f\u00e9rences et de personnaliser notre site Web en fonction de vos int\u00e9r\u00eats individuels.<\/p><p>L&rsquo;objectif de cette politique en mati\u00e8re de cookies est de vous informer de mani\u00e8re claire et pr\u00e9cise sur les cookies qui sont utilis\u00e9s sur notre site web \u00e0 tout moment. Si vous souhaitez obtenir plus d&rsquo;informations sur les cookies que nous utilisons sur le site, vous pouvez envoyer un e-mail \u00e0 l&rsquo;adresse suivante : <a href=\"mailto:rgpd@grupbarcelonesa.com\">rgpd@grupbarcelonesa.com<\/a><\/p><p><strong>COOKIES<\/strong><\/p><p>Un cookie est un fichier qui est t\u00e9l\u00e9charg\u00e9 sur votre \u00e9quipement (ordinateur ou appareil mobile) dans le but de stocker des donn\u00e9es qui peuvent \u00eatre mises \u00e0 jour et r\u00e9cup\u00e9r\u00e9es par l&rsquo;entit\u00e9 responsable de son installation.<\/p><p>Les informations collect\u00e9es par le biais des cookies peuvent inclure la date et l&rsquo;heure des visites sur le site web, les pages consult\u00e9es, la dur\u00e9e de votre visite sur notre site web et les sites visit\u00e9s juste avant et juste apr\u00e8s votre visite.<\/p><p><strong>LE TYPE DE COOKIES QUI PEUVENT \u00caTRE UTILIS\u00c9S SUR LE SITE WEB.<\/strong><\/p><p><strong>Cookies de session :<\/strong><\/p><p>Il s&rsquo;agit de cookies envoy\u00e9s \u00e0 votre ordinateur et g\u00e9r\u00e9s exclusivement par nous pour le meilleur fonctionnement du site web. Les informations que nous collectons sont utilis\u00e9es pour am\u00e9liorer la qualit\u00e9 de notre service et votre exp\u00e9rience d&rsquo;utilisateur.<\/p><p><strong>Cookies persistants :<\/strong><\/p><p>Ces cookies restent plus longtemps dans votre navigateur, ce qui nous permet de vous reconna\u00eetre en tant que visiteur r\u00e9gulier du site web et d&rsquo;adapter le contenu afin de vous fournir un contenu correspondant \u00e0 vos pr\u00e9f\u00e9rences.<\/p><p><strong>Cookies fonctionnels ou techniques :<\/strong><\/p><p>Ces cookies permettent \u00e0 l&rsquo;utilisateur de naviguer sur le site web et d&rsquo;utiliser les diff\u00e9rentes options ou services qui y sont propos\u00e9s, tels que le contr\u00f4le du trafic et de la communication des donn\u00e9es, l&rsquo;identification de la session, le comptage des visites, l&rsquo;utilisation d&rsquo;\u00e9l\u00e9ments de s\u00e9curit\u00e9 pendant la navigation.<\/p><p><strong>Cookies de pr\u00e9f\u00e9rence ou de personnalisation :<\/strong><\/p><p>Ces cookies permettent de m\u00e9moriser des informations afin que l&rsquo;utilisateur puisse acc\u00e9der au service avec certaines caract\u00e9ristiques qui peuvent diff\u00e9rencier son exp\u00e9rience de celle d&rsquo;autres utilisateurs, comme la langue, l&rsquo;apparence ou le contenu du service en fonction du type de navigateur par lequel l&rsquo;utilisateur acc\u00e8de au service ou de la r\u00e9gion \u00e0 partir de laquelle il y acc\u00e8de.<\/p><p><strong>Cookies analytiques ou de mesure :<\/strong><\/p><p>Ce sont celles qui, trait\u00e9es par nous ou par des tiers, nous permettent de quantifier le nombre d&rsquo;utilisateurs et de proc\u00e9der ainsi \u00e0 la mesure et \u00e0 l&rsquo;analyse statistique de l&rsquo;utilisation faite par les utilisateurs des services offerts. Pour ce faire, votre navigation sur notre site web est analys\u00e9e afin d&rsquo;am\u00e9liorer la gamme de nos produits ou services que nous proposons.<\/p><p><strong>Cookies marketing ou autres :<\/strong><\/p><p>Il s&rsquo;agit de ceux qui, trait\u00e9s par nous ou par des tiers, nous permettent d&rsquo;analyser vos habitudes de navigation sur Internet afin de vous pr\u00e9senter des publicit\u00e9s en rapport avec votre profil de navigation.<\/p><p>Plus pr\u00e9cis\u00e9ment, nous utilisons actuellement les cookies suivants :<\/p><p><img fetchpriority=\"high\" decoding=\"async\" class=\"alignnone size-full wp-image-6406\" src=\"https:\/\/www.bdtrans.es\/wp-content\/uploads\/2026\/02\/cookies-bdtrans.jpg\" alt=\"cookies\" width=\"1434\" height=\"544\" srcset=\"https:\/\/www.bdtrans.es\/wp-content\/uploads\/2026\/02\/cookies-bdtrans.jpg 1434w, https:\/\/www.bdtrans.es\/wp-content\/uploads\/2026\/02\/cookies-bdtrans-300x114.jpg 300w, https:\/\/www.bdtrans.es\/wp-content\/uploads\/2026\/02\/cookies-bdtrans-1024x388.jpg 1024w, https:\/\/www.bdtrans.es\/wp-content\/uploads\/2026\/02\/cookies-bdtrans-768x291.jpg 768w\" sizes=\"(max-width: 1434px) 100vw, 1434px\" \/><\/p><p><strong>CONSENTEMENT<\/strong><\/p><p>Lorsque vous entrez pour la premi\u00e8re fois sur notre site web, une banni\u00e8re s&rsquo;affiche pour vous permettre d&rsquo;acc\u00e9der et de prendre connaissance des cookies utilis\u00e9s par notre site web et, le cas \u00e9ch\u00e9ant, de consentir \u00e0 leur utilisation. Si vous n&rsquo;acceptez pas les cookies, seuls les cookies techniques strictement n\u00e9cessaires au fonctionnement du site seront install\u00e9s sur votre ordinateur.<\/p><p><strong>D\u00c9SACTIVER ET BLOQUER LES COOKIES OU RETIRER MON CONSENTEMENT.<\/strong><\/p><p>En tout \u00e9tat de cause, nous vous informons que, \u00e9tant donn\u00e9 que les cookies non fonctionnels ne sont pas indispensables \u00e0 l&rsquo;utilisation de notre site Web, vous pouvez les bloquer ou les d\u00e9sactiver en activant le param\u00e8tre de votre navigateur qui vous permet de refuser l&rsquo;installation de tous les cookies ou de certains d&rsquo;entre eux. La plupart des navigateurs vous permettent d&rsquo;\u00eatre averti de la pr\u00e9sence de cookies ou de les refuser automatiquement. Si vous refusez les cookies, vous pouvez toujours utiliser notre site web, mais l&rsquo;utilisation de certains de ses services peut \u00eatre limit\u00e9e et votre exp\u00e9rience sur notre site web moins satisfaisante. Pour plus d&rsquo;informations sur la suppression, la d\u00e9sactivation ou le blocage des cookies, veuillez consulter le site :<\/p><p><a href=\"http:\/\/www.aboutcookies.org\/Default.aspx?page=2\">http:\/\/www.aboutcookies.org\/Default.aspx?page=2<\/a><\/p><p>Vous trouverez \u00e9galement des informations sur la mani\u00e8re de proc\u00e9der dans les liens suivants, en fonction du navigateur que vous utilisez :<\/p><table width=\"96%\"><tbody><tr><td width=\"6%\">\u00a0<\/td><td width=\"93%\"><p><a href=\"https:\/\/support.mozilla.org\/es\/kb\/habilitar-y-deshabilitar-cookies-sitios-web-rastrear-preferencias\">https:\/\/support.mozilla.org\/es\/kb\/habilitar-y-deshabilitar-cookies-sitios-web-rastrear-preferencias<\/a><\/p><\/td><\/tr><tr><td width=\"6%\">\u00a0<\/td><td width=\"93%\"><p><a href=\"http:\/\/support.google.com\/chrome\/bin\/answer.py?hl=es&amp;answer=95647\">http:\/\/support.google.com\/chrome\/bin\/answer.py?hl=es&amp;answer=95647<\/a><\/p><\/td><\/tr><tr><td width=\"6%\">\u00a0<\/td><td width=\"93%\"><p><a href=\"https:\/\/support.microsoft.com\/es-es\/topic\/eliminar-y-administrar-cookies-168dab11-0753-043d-7c16-ede5947fc64d\">https:\/\/support.microsoft.com\/es-es\/topic\/eliminar-y-administrar-cookies-168dab11-0753-043d-7c16-ede5947fc64d<\/a><\/p><\/td><\/tr><tr><td width=\"6%\">\u00a0<\/td><td width=\"93%\"><p><a href=\"http:\/\/support.apple.com\/kb\/ph5042\">http:\/\/support.apple.com\/kb\/ph5042<\/a><\/p><\/td><\/tr><tr><td width=\"6%\">\u00a0<\/td><td width=\"93%\"><p><a href=\"http:\/\/help.opera.com\/Windows\/11.50\/es-ES\/cookies.html\">http:\/\/help.opera.com\/Windows\/11.50\/es-ES\/cookies.html<\/a><\/p><\/td><\/tr><\/tbody><\/table><p>Si vous le souhaitez, vous pouvez regarder les vid\u00e9os d\u00e9velopp\u00e9es par l&rsquo;Agence espagnole de protection des donn\u00e9es pour expliquer comment configurer les options de confidentialit\u00e9 \u00e0 partir de diff\u00e9rentes plateformes et dispositifs. <a href=\"https:\/\/www.aepd.es\/\">https:\/\/www.aepd.es\/<\/a><\/p><p><strong>MODIFICATIONS DE LA POLITIQUE EN MATI\u00c8RE DE COOKIES<\/strong><\/p><p>Nous pouvons mettre \u00e0 jour la politique en mati\u00e8re de cookies sur notre site web, c&rsquo;est pourquoi nous vous recommandons de consulter cette politique chaque fois que vous acc\u00e9dez \u00e0 notre site web afin d&rsquo;\u00eatre correctement inform\u00e9 sur la mani\u00e8re dont nous utilisons les cookies et sur les raisons pour lesquelles nous les utilisons.<\/p><p>La politique en mati\u00e8re de cookies a \u00e9t\u00e9 mise \u00e0 jour pour la derni\u00e8re fois le <span style=\"text-decoration: underline;\"><strong>Janvier 2026<\/strong><\/span><\/p><\/div><\/div><\/div>\t\t\t\t\t\t\t\t<\/div>\n\t\t\t\t<\/div>\n\t\t\t\t\t<\/div>\n\t\t\t\t<\/div>\n\t\t\t\t<\/div>\n\t\t","protected":false},"excerpt":{"rendered":"<p>Politique en mati\u00e8re de cookies POLITIQUE EN MATI\u00c8RE DE COOKIES Le responsable du site Web https:\/\/www.bdtrans.es\/en\/ (le \u00a0\u00bb Site Web [&hellip;]<\/p>\n","protected":false},"author":5,"featured_media":0,"parent":0,"menu_order":0,"comment_status":"closed","ping_status":"closed","template":"","meta":{"site-sidebar-layout":"no-sidebar","site-content-layout":"","ast-site-content-layout":"full-width-container","site-content-style":"default","site-sidebar-style":"default","ast-global-header-display":"","ast-banner-title-visibility":"","ast-main-header-display":"","ast-hfb-above-header-display":"","ast-hfb-below-header-display":"","ast-hfb-mobile-header-display":"","site-post-title":"disabled","ast-breadcrumbs-content":"","ast-featured-img":"disabled","footer-sml-layout":"","theme-transparent-header-meta":"","adv-header-id-meta":"","stick-header-meta":"","header-above-stick-meta":"","header-main-stick-meta":"","header-below-stick-meta":"","astra-migrate-meta-layouts":"default","ast-page-background-enabled":"default","ast-page-background-meta":{"desktop":{"background-color":"var(--ast-global-color-4)","background-image":"","background-repeat":"repeat","background-position":"center center","background-size":"auto","background-attachment":"scroll","background-type":"","background-media":"","overlay-type":"","overlay-color":"","overlay-opacity":"","overlay-gradient":""},"tablet":{"background-color":"","background-image":"","background-repeat":"repeat","background-position":"center center","background-size":"auto","background-attachment":"scroll","background-type":"","background-media":"","overlay-type":"","overlay-color":"","overlay-opacity":"","overlay-gradient":""},"mobile":{"background-color":"","background-image":"","background-repeat":"repeat","background-position":"center center","background-size":"auto","background-attachment":"scroll","background-type":"","background-media":"","overlay-type":"","overlay-color":"","overlay-opacity":"","overlay-gradient":""}},"ast-content-background-meta":{"desktop":{"background-color":"var(--ast-global-color-5)","background-image":"","background-repeat":"repeat","background-position":"center center","background-size":"auto","background-attachment":"scroll","background-type":"","background-media":"","overlay-type":"","overlay-color":"","overlay-opacity":"","overlay-gradient":""},"tablet":{"background-color":"var(--ast-global-color-5)","background-image":"","background-repeat":"repeat","background-position":"center center","background-size":"auto","background-attachment":"scroll","background-type":"","background-media":"","overlay-type":"","overlay-color":"","overlay-opacity":"","overlay-gradient":""},"mobile":{"background-color":"var(--ast-global-color-5)","background-image":"","background-repeat":"repeat","background-position":"center center","background-size":"auto","background-attachment":"scroll","background-type":"","background-media":"","overlay-type":"","overlay-color":"","overlay-opacity":"","overlay-gradient":""}},"footnotes":""},"class_list":["post-3137","page","type-page","status-publish","hentry"],"_links":{"self":[{"href":"https:\/\/www.bdtrans.es\/fr\/wp-json\/wp\/v2\/pages\/3137","targetHints":{"allow":["GET"]}}],"collection":[{"href":"https:\/\/www.bdtrans.es\/fr\/wp-json\/wp\/v2\/pages"}],"about":[{"href":"https:\/\/www.bdtrans.es\/fr\/wp-json\/wp\/v2\/types\/page"}],"author":[{"embeddable":true,"href":"https:\/\/www.bdtrans.es\/fr\/wp-json\/wp\/v2\/users\/5"}],"replies":[{"embeddable":true,"href":"https:\/\/www.bdtrans.es\/fr\/wp-json\/wp\/v2\/comments?post=3137"}],"version-history":[{"count":5,"href":"https:\/\/www.bdtrans.es\/fr\/wp-json\/wp\/v2\/pages\/3137\/revisions"}],"predecessor-version":[{"id":6415,"href":"https:\/\/www.bdtrans.es\/fr\/wp-json\/wp\/v2\/pages\/3137\/revisions\/6415"}],"wp:attachment":[{"href":"https:\/\/www.bdtrans.es\/fr\/wp-json\/wp\/v2\/media?parent=3137"}],"curies":[{"name":"wp","href":"https:\/\/api.w.org\/{rel}","templated":true}]}}