{"id":3125,"date":"2024-02-16T09:35:28","date_gmt":"2024-02-16T09:35:28","guid":{"rendered":"https:\/\/www.bdtrans.es\/application-de-letude-de-cas-mainsped\/"},"modified":"2024-03-06T10:48:05","modified_gmt":"2024-03-06T10:48:05","slug":"application-de-letude-de-cas-mainsped","status":"publish","type":"page","link":"https:\/\/www.bdtrans.es\/fr\/application-de-letude-de-cas-mainsped\/","title":{"rendered":"Application de l&rsquo;\u00e9tude de cas Mainsped"},"content":{"rendered":"\t\t<div data-elementor-type=\"wp-page\" data-elementor-id=\"3125\" class=\"elementor elementor-3125 elementor-446\" data-elementor-post-type=\"page\">\n\t\t\t\t<div class=\"elementor-element elementor-element-c844fd4 e-flex e-con-boxed e-con e-parent\" data-id=\"c844fd4\" data-element_type=\"container\" data-e-type=\"container\" data-settings=\"{&quot;background_background&quot;:&quot;classic&quot;}\">\n\t\t\t\t\t<div class=\"e-con-inner\">\n\t\t\t\t<div class=\"elementor-element elementor-element-9ec9fe2 elementor-widget__width-initial elementor-widget elementor-widget-heading\" data-id=\"9ec9fe2\" data-element_type=\"widget\" data-e-type=\"widget\" data-widget_type=\"heading.default\">\n\t\t\t\t<div class=\"elementor-widget-container\">\n\t\t\t\t\t<h1 class=\"elementor-heading-title elementor-size-default\">Application de l'\u00e9tude de cas Mainsped<\/h1>\t\t\t\t<\/div>\n\t\t\t\t<\/div>\n\t\t\t\t\t<\/div>\n\t\t\t\t<\/div>\n\t\t<div class=\"elementor-element elementor-element-0cd3b36 e-flex e-con-boxed e-con e-parent\" data-id=\"0cd3b36\" data-element_type=\"container\" data-e-type=\"container\" data-settings=\"{&quot;background_background&quot;:&quot;classic&quot;}\">\n\t\t\t\t\t<div class=\"e-con-inner\">\n\t\t\t\t<div class=\"elementor-element elementor-element-a5fb766 elementor-widget__width-initial elementor-widget elementor-widget-heading\" data-id=\"a5fb766\" data-element_type=\"widget\" data-e-type=\"widget\" data-widget_type=\"heading.default\">\n\t\t\t\t<div class=\"elementor-widget-container\">\n\t\t\t\t\t<h2 class=\"elementor-heading-title elementor-size-default\">Formulaire de t\u00e9l\u00e9chargement d'une \u00e9tude de cas<\/h2>\t\t\t\t<\/div>\n\t\t\t\t<\/div>\n\t\t\t\t<div class=\"elementor-element elementor-element-54e08ca elementor-widget elementor-widget-text-editor\" data-id=\"54e08ca\" data-element_type=\"widget\" data-e-type=\"widget\" data-widget_type=\"text-editor.default\">\n\t\t\t\t<div class=\"elementor-widget-container\">\n\t\t\t\t\t\t\t\t\t<div class=\"column mcb-column mcb-item-3f642ed29 two-third tablet-two-third mobile-one column_column\">\n<div class=\"mcb-column-inner mcb-column-inner-3f642ed29 mcb-item-column-inner\">\n<div class=\"column_attr mfn-inline-editor clearfix align_center\">\n<p>Remplissez le formulaire ci-dessous avec vos coordonn\u00e9es afin que nous puissions vous envoyer l&rsquo;\u00e9tude de cas \u00e0 votre adresse \u00e9lectronique.<\/p>\n<\/div>\n<\/div>\n<\/div>\n<div class=\"column mcb-column mcb-item-bf425183b one-sixth tablet-one-sixth mobile-one column_placeholder\">\n<div class=\"mcb-column-inner mcb-column-inner-bf425183b mcb-item-placeholder-inner\">\n<div class=\"placeholder\"> <\/div>\n<\/div>\n<\/div>\n\t\t\t\t\t\t\t\t<\/div>\n\t\t\t\t<\/div>\n\t\t\t\t<div class=\"elementor-element elementor-element-2e5b777 elementor-widget elementor-widget-shortcode\" data-id=\"2e5b777\" data-element_type=\"widget\" data-e-type=\"widget\" data-widget_type=\"shortcode.default\">\n\t\t\t\t<div class=\"elementor-widget-container\">\n\t\t\t\t\t\t\t<div class=\"elementor-shortcode\">\n<div class=\"wpcf7 no-js\" id=\"wpcf7-f3301-o1\" lang=\"fr-FR\" dir=\"ltr\" data-wpcf7-id=\"3301\">\n<div class=\"screen-reader-response\"><p role=\"status\" aria-live=\"polite\" aria-atomic=\"true\"><\/p> <ul><\/ul><\/div>\n<form action=\"\/fr\/wp-json\/wp\/v2\/pages\/3125#wpcf7-f3301-o1\" method=\"post\" class=\"wpcf7-form init\" aria-label=\"Formulaire de contact\" novalidate=\"novalidate\" data-status=\"init\">\n<fieldset class=\"hidden-fields-container\"><input type=\"hidden\" name=\"_wpcf7\" value=\"3301\" \/><input type=\"hidden\" name=\"_wpcf7_version\" value=\"6.1.5\" \/><input type=\"hidden\" name=\"_wpcf7_locale\" value=\"fr_FR\" \/><input type=\"hidden\" name=\"_wpcf7_unit_tag\" value=\"wpcf7-f3301-o1\" \/><input type=\"hidden\" name=\"_wpcf7_container_post\" value=\"0\" \/><input type=\"hidden\" name=\"_wpcf7_posted_data_hash\" value=\"\" \/>\n<\/fieldset>\n<p><label><br \/>\n<span class=\"wpcf7-form-control-wrap\" data-name=\"nombre_apellidos\"><input size=\"40\" maxlength=\"400\" class=\"wpcf7-form-control wpcf7-text wpcf7-validates-as-required\" aria-required=\"true\" aria-invalid=\"false\" placeholder=\"Nom et pr\u00e9nom\" value=\"\" type=\"text\" name=\"nombre_apellidos\" \/><\/span> <\/label>\n<\/p>\n<p><label><br \/>\n<span class=\"wpcf7-form-control-wrap\" data-name=\"empresa\"><input size=\"40\" maxlength=\"400\" class=\"wpcf7-form-control wpcf7-text wpcf7-validates-as-required\" aria-required=\"true\" aria-invalid=\"false\" placeholder=\"Soci\u00e9t\u00e9* Soci\u00e9t\u00e9* Soci\u00e9t\u00e9* Soci\u00e9t\u00e9* Soci\u00e9t\u00e9* Soci\u00e9t\u00e9* Soci\u00e9t\u00e9* Soci\u00e9t\u00e9* Soci\u00e9t\u00e9* Soci\u00e9t\u00e9* Soci\u00e9t\u00e9* Soci\u00e9t\u00e9* Soci\u00e9t\u00e9* Soci\u00e9t\u00e9\" value=\"\" type=\"text\" name=\"empresa\" \/><\/span> <\/label>\n<\/p>\n<p><label><br \/>\n<span class=\"wpcf7-form-control-wrap\" data-name=\"telefono\"><input size=\"40\" maxlength=\"400\" class=\"wpcf7-form-control wpcf7-text wpcf7-validates-as-required\" aria-required=\"true\" aria-invalid=\"false\" placeholder=\"T\u00e9l\u00e9phone\" value=\"\" type=\"text\" name=\"telefono\" \/><\/span> <\/label>\n<\/p>\n<p><label><br \/>\n<span class=\"wpcf7-form-control-wrap\" data-name=\"your-email\"><input size=\"40\" maxlength=\"400\" class=\"wpcf7-form-control wpcf7-email wpcf7-validates-as-required wpcf7-text wpcf7-validates-as-email\" aria-required=\"true\" aria-invalid=\"false\" placeholder=\"Courriel\" value=\"\" type=\"email\" name=\"your-email\" \/><\/span> <\/label>\n<\/p>\n<p><label><br \/>\n<span class=\"wpcf7-form-control-wrap\" data-name=\"comentarios\"><textarea cols=\"40\" rows=\"10\" maxlength=\"2000\" class=\"wpcf7-form-control wpcf7-textarea\" aria-invalid=\"false\" placeholder=\"Commentaires\" name=\"comentarios\"><\/textarea><\/span> <\/label>\n<\/p>\n<p>Les donn\u00e9es personnelles que vous nous fournissez en remplissant ce formulaire seront trait\u00e9es par Barcelonesa de Drogas y Productos Qu\u00edmicos. La collecte et le traitement des donn\u00e9es personnelles que nous demandons ont pour but de r\u00e9pondre aux demandes d'information de l'int\u00e9ress\u00e9 et d'\u00e9tablir ou de maintenir des relations commerciales. La l\u00e9gitimation se fait par le biais du consentement de la personne concern\u00e9e et de l'int\u00e9r\u00eat l\u00e9gitime dans le d\u00e9veloppement de la relation commerciale. Les destinataires de ces informations sont les entreprises du Grup Barcelonesa. L'utilisateur dispose d'un droit d'acc\u00e8s, de rectification, d'effacement, de limitation, d'opposition et de portabilit\u00e9 de l'ensemble de ses donn\u00e9es. Pour plus d'informations, consultez notre politique de confidentialit\u00e9.\n<\/p>\n<div class=\"check_formulario\">\n\t<p><span class=\"wpcf7-form-control-wrap\" data-name=\"acceptance-272\"><span class=\"wpcf7-form-control wpcf7-acceptance\"><span class=\"wpcf7-list-item\"><input type=\"checkbox\" name=\"acceptance-272\" value=\"1\" aria-invalid=\"false\" \/><\/span><\/span><\/span> J'ai lu et j'accepte la <a href=\"\/politica-de-privacidad\">politique de confidentialit\u00e9<\/a>\n\t<\/p>\n<\/div>\n<p><input class=\"wpcf7-form-control wpcf7-submit has-spinner\" type=\"submit\" value=\"Enviar\" \/>\n<\/p><div class=\"wpcf7-response-output\" aria-hidden=\"true\"><\/div>\n<\/form>\n<\/div>\n<\/div>\n\t\t\t\t\t\t<\/div>\n\t\t\t\t<\/div>\n\t\t\t\t\t<\/div>\n\t\t\t\t<\/div>\n\t\t\t\t<\/div>\n\t\t","protected":false},"excerpt":{"rendered":"<p>Application de l&rsquo;\u00e9tude de cas Mainsped Formulaire de t\u00e9l\u00e9chargement d&rsquo;une \u00e9tude de cas Remplissez le formulaire ci-dessous avec vos coordonn\u00e9es [&hellip;]<\/p>\n","protected":false},"author":5,"featured_media":0,"parent":0,"menu_order":0,"comment_status":"closed","ping_status":"closed","template":"","meta":{"site-sidebar-layout":"no-sidebar","site-content-layout":"","ast-site-content-layout":"full-width-container","site-content-style":"default","site-sidebar-style":"default","ast-global-header-display":"","ast-banner-title-visibility":"","ast-main-header-display":"","ast-hfb-above-header-display":"","ast-hfb-below-header-display":"","ast-hfb-mobile-header-display":"","site-post-title":"disabled","ast-breadcrumbs-content":"","ast-featured-img":"disabled","footer-sml-layout":"","theme-transparent-header-meta":"","adv-header-id-meta":"","stick-header-meta":"","header-above-stick-meta":"","header-main-stick-meta":"","header-below-stick-meta":"","astra-migrate-meta-layouts":"default","ast-page-background-enabled":"default","ast-page-background-meta":{"desktop":{"background-color":"var(--ast-global-color-4)","background-image":"","background-repeat":"repeat","background-position":"center center","background-size":"auto","background-attachment":"scroll","background-type":"","background-media":"","overlay-type":"","overlay-color":"","overlay-opacity":"","overlay-gradient":""},"tablet":{"background-color":"","background-image":"","background-repeat":"repeat","background-position":"center center","background-size":"auto","background-attachment":"scroll","background-type":"","background-media":"","overlay-type":"","overlay-color":"","overlay-opacity":"","overlay-gradient":""},"mobile":{"background-color":"","background-image":"","background-repeat":"repeat","background-position":"center center","background-size":"auto","background-attachment":"scroll","background-type":"","background-media":"","overlay-type":"","overlay-color":"","overlay-opacity":"","overlay-gradient":""}},"ast-content-background-meta":{"desktop":{"background-color":"var(--ast-global-color-5)","background-image":"","background-repeat":"repeat","background-position":"center center","background-size":"auto","background-attachment":"scroll","background-type":"","background-media":"","overlay-type":"","overlay-color":"","overlay-opacity":"","overlay-gradient":""},"tablet":{"background-color":"var(--ast-global-color-5)","background-image":"","background-repeat":"repeat","background-position":"center center","background-size":"auto","background-attachment":"scroll","background-type":"","background-media":"","overlay-type":"","overlay-color":"","overlay-opacity":"","overlay-gradient":""},"mobile":{"background-color":"var(--ast-global-color-5)","background-image":"","background-repeat":"repeat","background-position":"center center","background-size":"auto","background-attachment":"scroll","background-type":"","background-media":"","overlay-type":"","overlay-color":"","overlay-opacity":"","overlay-gradient":""}},"footnotes":""},"class_list":["post-3125","page","type-page","status-publish","hentry"],"_links":{"self":[{"href":"https:\/\/www.bdtrans.es\/fr\/wp-json\/wp\/v2\/pages\/3125","targetHints":{"allow":["GET"]}}],"collection":[{"href":"https:\/\/www.bdtrans.es\/fr\/wp-json\/wp\/v2\/pages"}],"about":[{"href":"https:\/\/www.bdtrans.es\/fr\/wp-json\/wp\/v2\/types\/page"}],"author":[{"embeddable":true,"href":"https:\/\/www.bdtrans.es\/fr\/wp-json\/wp\/v2\/users\/5"}],"replies":[{"embeddable":true,"href":"https:\/\/www.bdtrans.es\/fr\/wp-json\/wp\/v2\/comments?post=3125"}],"version-history":[{"count":1,"href":"https:\/\/www.bdtrans.es\/fr\/wp-json\/wp\/v2\/pages\/3125\/revisions"}],"predecessor-version":[{"id":3126,"href":"https:\/\/www.bdtrans.es\/fr\/wp-json\/wp\/v2\/pages\/3125\/revisions\/3126"}],"wp:attachment":[{"href":"https:\/\/www.bdtrans.es\/fr\/wp-json\/wp\/v2\/media?parent=3125"}],"curies":[{"name":"wp","href":"https:\/\/api.w.org\/{rel}","templated":true}]}}