{"id":3084,"date":"2024-02-12T15:13:51","date_gmt":"2024-02-12T15:13:51","guid":{"rendered":"https:\/\/www.bdtrans.es\/a-propos-de-nous\/"},"modified":"2026-02-03T20:00:18","modified_gmt":"2026-02-03T20:00:18","slug":"a-propos-de-nous","status":"publish","type":"page","link":"https:\/\/www.bdtrans.es\/fr\/entreprise\/a-propos-de-nous\/","title":{"rendered":"A propos de nous"},"content":{"rendered":"\t\t<div data-elementor-type=\"wp-page\" data-elementor-id=\"3084\" class=\"elementor elementor-3084 elementor-132\" data-elementor-post-type=\"page\">\n\t\t\t\t<div class=\"elementor-element elementor-element-bc00d11 e-flex e-con-boxed e-con e-parent\" data-id=\"bc00d11\" data-element_type=\"container\" data-e-type=\"container\" data-settings=\"{&quot;background_background&quot;:&quot;classic&quot;}\">\n\t\t\t\t\t<div class=\"e-con-inner\">\n\t\t\t\t<div class=\"elementor-element elementor-element-edec3e7 elementor-widget__width-initial elementor-widget elementor-widget-heading\" data-id=\"edec3e7\" data-element_type=\"widget\" data-e-type=\"widget\" data-widget_type=\"heading.default\">\n\t\t\t\t<div class=\"elementor-widget-container\">\n\t\t\t\t\t<h1 class=\"elementor-heading-title elementor-size-default\">Nous conna\u00eetre\nun peu mieux<\/h1>\t\t\t\t<\/div>\n\t\t\t\t<\/div>\n\t\t\t\t\t<\/div>\n\t\t\t\t<\/div>\n\t\t<div class=\"elementor-element elementor-element-ba611ae e-flex e-con-boxed e-con e-parent\" data-id=\"ba611ae\" data-element_type=\"container\" data-e-type=\"container\" data-settings=\"{&quot;background_background&quot;:&quot;classic&quot;}\">\n\t\t\t\t\t<div class=\"e-con-inner\">\n\t\t<div class=\"elementor-element elementor-element-94cfc1a e-con-full e-flex e-con e-child\" data-id=\"94cfc1a\" data-element_type=\"container\" data-e-type=\"container\" data-settings=\"{&quot;background_background&quot;:&quot;classic&quot;}\">\n\t\t\t\t<div class=\"elementor-element elementor-element-16ac895 elementor-widget elementor-widget-image\" data-id=\"16ac895\" data-element_type=\"widget\" data-e-type=\"widget\" data-widget_type=\"image.default\">\n\t\t\t\t<div class=\"elementor-widget-container\">\n\t\t\t\t\t\t\t\t\t\t\t\t\t\t\t<img decoding=\"async\" width=\"140\" height=\"140\" src=\"https:\/\/www.bdtrans.es\/wp-content\/uploads\/2024\/02\/Trabajadores.svg\" class=\"attachment-large size-large wp-image-774\" alt=\"\" \/>\t\t\t\t\t\t\t\t\t\t\t\t\t\t\t<\/div>\n\t\t\t\t<\/div>\n\t\t\t\t<div class=\"elementor-element elementor-element-550d07b elementor-widget__width-initial elementor-widget-mobile__width-initial elementor-widget elementor-widget-heading\" data-id=\"550d07b\" data-element_type=\"widget\" data-e-type=\"widget\" data-widget_type=\"heading.default\">\n\t\t\t\t<div class=\"elementor-widget-container\">\n\t\t\t\t\t<h2 class=\"elementor-heading-title elementor-size-default\">Personnel<\/h2>\t\t\t\t<\/div>\n\t\t\t\t<\/div>\n\t\t\t\t<div class=\"elementor-element elementor-element-6882d49 elementor-widget elementor-widget-text-editor\" data-id=\"6882d49\" data-element_type=\"widget\" data-e-type=\"widget\" data-widget_type=\"text-editor.default\">\n\t\t\t\t<div class=\"elementor-widget-container\">\n\t\t\t\t\t\t\t\t\t<p>Notre \u00e9quipe est pleinement engag\u00e9e et pr\u00eate \u00e0 r\u00e9pondre \u00e0 tous les besoins de nos clients.<\/p>\n\t\t\t\t\t\t\t\t<\/div>\n\t\t\t\t<\/div>\n\t\t\t\t<\/div>\n\t\t<div class=\"elementor-element elementor-element-87ea75c e-con-full e-flex e-con e-child\" data-id=\"87ea75c\" data-element_type=\"container\" data-e-type=\"container\" data-settings=\"{&quot;background_background&quot;:&quot;classic&quot;}\">\n\t\t\t\t<div class=\"elementor-element elementor-element-eb3bf72 elementor-widget elementor-widget-image\" data-id=\"eb3bf72\" data-element_type=\"widget\" data-e-type=\"widget\" data-widget_type=\"image.default\">\n\t\t\t\t<div class=\"elementor-widget-container\">\n\t\t\t\t\t\t\t\t\t\t\t\t\t\t\t<img decoding=\"async\" width=\"120\" height=\"120\" src=\"https:\/\/www.bdtrans.es\/wp-content\/uploads\/2024\/02\/Logistica-y-Distribucion.svg\" class=\"attachment-large size-large wp-image-814\" alt=\"\" \/>\t\t\t\t\t\t\t\t\t\t\t\t\t\t\t<\/div>\n\t\t\t\t<\/div>\n\t\t\t\t<div class=\"elementor-element elementor-element-84b6d7a elementor-widget__width-initial elementor-widget-mobile__width-initial elementor-widget elementor-widget-heading\" data-id=\"84b6d7a\" data-element_type=\"widget\" data-e-type=\"widget\" data-widget_type=\"heading.default\">\n\t\t\t\t<div class=\"elementor-widget-container\">\n\t\t\t\t\t<h2 class=\"elementor-heading-title elementor-size-default\">La flotte<\/h2>\t\t\t\t<\/div>\n\t\t\t\t<\/div>\n\t\t\t\t<div class=\"elementor-element elementor-element-edd0f8a elementor-widget elementor-widget-text-editor\" data-id=\"edd0f8a\" data-element_type=\"widget\" data-e-type=\"widget\" data-widget_type=\"text-editor.default\">\n\t\t\t\t<div class=\"elementor-widget-container\">\n\t\t\t\t\t\t\t\t\t<p>Nous avons 27 remorques, 35 semi-remorques, 38 camions lourds, 25 camions l\u00e9gers, 24 fourgonnettes et si nous avons besoin de plus, nous pouvons les obtenir.<\/p>\n\t\t\t\t\t\t\t\t<\/div>\n\t\t\t\t<\/div>\n\t\t\t\t<\/div>\n\t\t<div class=\"elementor-element elementor-element-0a64cce e-con-full e-flex e-con e-child\" data-id=\"0a64cce\" data-element_type=\"container\" data-e-type=\"container\" data-settings=\"{&quot;background_background&quot;:&quot;classic&quot;}\">\n\t\t\t\t<div class=\"elementor-element elementor-element-9310487 elementor-widget elementor-widget-image\" data-id=\"9310487\" data-element_type=\"widget\" data-e-type=\"widget\" data-widget_type=\"image.default\">\n\t\t\t\t<div class=\"elementor-widget-container\">\n\t\t\t\t\t\t\t\t\t\t\t\t\t\t\t<img decoding=\"async\" width=\"120\" height=\"120\" src=\"https:\/\/www.bdtrans.es\/wp-content\/uploads\/2024\/02\/Oficinas.svg\" class=\"attachment-large size-large wp-image-816\" alt=\"\" \/>\t\t\t\t\t\t\t\t\t\t\t\t\t\t\t<\/div>\n\t\t\t\t<\/div>\n\t\t\t\t<div class=\"elementor-element elementor-element-fd34222 elementor-widget__width-initial elementor-widget-mobile__width-initial elementor-widget elementor-widget-heading\" data-id=\"fd34222\" data-element_type=\"widget\" data-e-type=\"widget\" data-widget_type=\"heading.default\">\n\t\t\t\t<div class=\"elementor-widget-container\">\n\t\t\t\t\t<h2 class=\"elementor-heading-title elementor-size-default\">Entrep\u00f4t Barcelone<\/h2>\t\t\t\t<\/div>\n\t\t\t\t<\/div>\n\t\t\t\t<div class=\"elementor-element elementor-element-2a5741e elementor-widget elementor-widget-text-editor\" data-id=\"2a5741e\" data-element_type=\"widget\" data-e-type=\"widget\" data-widget_type=\"text-editor.default\">\n\t\t\t\t<div class=\"elementor-widget-container\">\n\t\t\t\t\t\t\t\t\t<p>Grand entrep\u00f4t pour le cross-docking, dans lequel nous d\u00e9pla\u00e7ons plus de 7 millions de kg par mois.<\/p>\n\t\t\t\t\t\t\t\t<\/div>\n\t\t\t\t<\/div>\n\t\t\t\t<\/div>\n\t\t<div class=\"elementor-element elementor-element-182e9e5 e-con-full e-flex e-con e-child\" data-id=\"182e9e5\" data-element_type=\"container\" data-e-type=\"container\" data-settings=\"{&quot;background_background&quot;:&quot;classic&quot;}\">\n\t\t\t\t<div class=\"elementor-element elementor-element-c829e0d elementor-widget elementor-widget-image\" data-id=\"c829e0d\" data-element_type=\"widget\" data-e-type=\"widget\" data-widget_type=\"image.default\">\n\t\t\t\t<div class=\"elementor-widget-container\">\n\t\t\t\t\t\t\t\t\t\t\t\t\t\t\t<img loading=\"lazy\" decoding=\"async\" width=\"120\" height=\"120\" src=\"https:\/\/www.bdtrans.es\/wp-content\/uploads\/2024\/02\/Presencia-global.svg\" class=\"attachment-large size-large wp-image-818\" alt=\"\" \/>\t\t\t\t\t\t\t\t\t\t\t\t\t\t\t<\/div>\n\t\t\t\t<\/div>\n\t\t\t\t<div class=\"elementor-element elementor-element-e3f625e elementor-widget__width-initial elementor-widget-mobile__width-initial elementor-widget elementor-widget-heading\" data-id=\"e3f625e\" data-element_type=\"widget\" data-e-type=\"widget\" data-widget_type=\"heading.default\">\n\t\t\t\t<div class=\"elementor-widget-container\">\n\t\t\t\t\t<h2 class=\"elementor-heading-title elementor-size-default\">Partenaires<\/h2>\t\t\t\t<\/div>\n\t\t\t\t<\/div>\n\t\t\t\t<div class=\"elementor-element elementor-element-6af5ce8 elementor-widget elementor-widget-text-editor\" data-id=\"6af5ce8\" data-element_type=\"widget\" data-e-type=\"widget\" data-widget_type=\"text-editor.default\">\n\t\t\t\t<div class=\"elementor-widget-container\">\n\t\t\t\t\t\t\t\t\t<p>Gr\u00e2ce \u00e0 notre exp\u00e9rience, nous avons r\u00e9ussi \u00e0 rassembler le meilleur r\u00e9seau de sp\u00e9cialistes de la distribution de produits chimiques au niveau national et international.<\/p>\n\t\t\t\t\t\t\t\t<\/div>\n\t\t\t\t<\/div>\n\t\t\t\t<\/div>\n\t\t\t\t\t<\/div>\n\t\t\t\t<\/div>\n\t\t<div class=\"elementor-element elementor-element-a46b670 e-flex e-con-boxed e-con e-parent\" data-id=\"a46b670\" data-element_type=\"container\" data-e-type=\"container\">\n\t\t\t\t\t<div class=\"e-con-inner\">\n\t\t<div class=\"elementor-element elementor-element-c8b5001 e-con-full e-flex e-con e-child\" data-id=\"c8b5001\" data-element_type=\"container\" data-e-type=\"container\">\n\t\t\t\t<div class=\"elementor-element elementor-element-6176a1f elementor-widget elementor-widget-heading\" data-id=\"6176a1f\" data-element_type=\"widget\" data-e-type=\"widget\" data-widget_type=\"heading.default\">\n\t\t\t\t<div class=\"elementor-widget-container\">\n\t\t\t\t\t<h2 class=\"elementor-heading-title elementor-size-default\">Une solution logistique globale<\/h2>\t\t\t\t<\/div>\n\t\t\t\t<\/div>\n\t\t\t\t<\/div>\n\t\t<div class=\"elementor-element elementor-element-e71a08e e-con-full e-flex e-con e-child\" data-id=\"e71a08e\" data-element_type=\"container\" data-e-type=\"container\">\n\t\t\t\t<div class=\"elementor-element elementor-element-834aefd elementor-widget__width-initial elementor-widget elementor-widget-text-editor\" data-id=\"834aefd\" data-element_type=\"widget\" data-e-type=\"widget\" data-widget_type=\"text-editor.default\">\n\t\t\t\t<div class=\"elementor-widget-container\">\n\t\t\t\t\t\t\t\t\t<p>Notre principal d\u00e9fi est de devenir votre d\u00e9partement logistique. Nous deviendrons des experts de vos particularit\u00e9s. Nous \u00e9tudierons votre cas et vous ferons une proposition adapt\u00e9e \u00e0 vos besoins, afin que vous n&rsquo;ayez \u00e0 vous soucier que de la r\u00e9alisation de vos objectifs.<\/p>\n<p>Notre service tient toujours compte des normes les plus \u00e9lev\u00e9es en mati\u00e8re de qualit\u00e9, d&rsquo;environnement, de s\u00e9curit\u00e9 et de sant\u00e9 des personnes. Nous int\u00e9grons ces valeurs dans toutes nos d\u00e9cisions strat\u00e9giques, en allouant les ressources n\u00e9cessaires pour les atteindre et les renforcer. Nous impliquons activement notre personnel, nos entrepreneurs et nos fournisseurs par la formation, la motivation, la sensibilisation et les initiatives participatives afin d&rsquo;atteindre vos objectifs.<\/p><p><br><\/p>\n<div style=\"max-width: 900px; margin: 0 auto;\">\n<div style=\"position: relative; padding-bottom: 56.25%; height: 0; overflow: hidden; border-radius: 12px;\">\n<p>    <iframe data-consent=\"marketing\" data-src=\"https:\/\/www.youtube-nocookie.com\/embed\/3xlAFrnySDM\" title=\"YouTube video\" loading=\"lazy\" referrerpolicy=\"strict-origin-when-cross-origin\" allow=\"accelerometer; autoplay; clipboard-write; encrypted-media; gyroscope; picture-in-picture\" allowfullscreen=\"\" style=\"position:absolute; top:0; left:0; width:100%; height:100%; border:0;\" data-gtm-yt-inspected-16=\"true\"><br \/>\n    <\/iframe><\/p>\n<\/div>\n<\/div>\t\t\t\t\t\t\t\t<\/div>\n\t\t\t\t<\/div>\n\t\t\t\t<\/div>\n\t\t\t\t\t<\/div>\n\t\t\t\t<\/div>\n\t\t<div class=\"elementor-element elementor-element-237cb93 e-flex e-con-boxed e-con e-parent\" data-id=\"237cb93\" data-element_type=\"container\" data-e-type=\"container\" data-settings=\"{&quot;background_background&quot;:&quot;classic&quot;}\">\n\t\t\t\t\t<div class=\"e-con-inner\">\n\t\t\t\t<div class=\"elementor-element elementor-element-b094c96 elementor-widget elementor-widget-heading\" data-id=\"b094c96\" data-element_type=\"widget\" data-e-type=\"widget\" data-widget_type=\"heading.default\">\n\t\t\t\t<div class=\"elementor-widget-container\">\n\t\t\t\t\t<h2 class=\"elementor-heading-title elementor-size-default\">Notre processus<\/h2>\t\t\t\t<\/div>\n\t\t\t\t<\/div>\n\t\t\t\t<div class=\"elementor-element elementor-element-7bee705 elementor-widget__width-initial elementor-widget elementor-widget-text-editor\" data-id=\"7bee705\" data-element_type=\"widget\" data-e-type=\"widget\" data-widget_type=\"text-editor.default\">\n\t\t\t\t<div class=\"elementor-widget-container\">\n\t\t\t\t\t\t\t\t\t<p>Chez BDtrans, nous nous effor\u00e7ons d&rsquo;apporter une valeur ajout\u00e9e \u00e0 chaque \u00e9tape de votre commande, de sa r\u00e9ception \u00e0 sa livraison. Notre \u00e9quipe est attentive et soucieuse de vous offrir la solution la mieux adapt\u00e9e \u00e0 vos besoins, en r\u00e9solvant les probl\u00e8mes impr\u00e9vus qui peuvent survenir \u00e0 tout moment.<\/p>\n\t\t\t\t\t\t\t\t<\/div>\n\t\t\t\t<\/div>\n\t\t\t\t<div class=\"elementor-element elementor-element-8902921 elementor-hidden-mobile elementor-widget elementor-widget-image\" data-id=\"8902921\" data-element_type=\"widget\" data-e-type=\"widget\" data-widget_type=\"image.default\">\n\t\t\t\t<div class=\"elementor-widget-container\">\n\t\t\t\t\t\t\t\t\t\t\t\t\t\t\t<img loading=\"lazy\" decoding=\"async\" width=\"1024\" height=\"380\" src=\"https:\/\/www.bdtrans.es\/wp-content\/uploads\/2024\/02\/ilustracion_proceso.svg\" class=\"attachment-large size-large wp-image-820\" alt=\"\" \/>\t\t\t\t\t\t\t\t\t\t\t\t\t\t\t<\/div>\n\t\t\t\t<\/div>\n\t\t\t\t<div class=\"elementor-element elementor-element-c399048 elementor-hidden-desktop elementor-hidden-tablet elementor-widget elementor-widget-image\" data-id=\"c399048\" data-element_type=\"widget\" data-e-type=\"widget\" data-widget_type=\"image.default\">\n\t\t\t\t<div class=\"elementor-widget-container\">\n\t\t\t\t\t\t\t\t\t\t\t\t\t\t\t<img loading=\"lazy\" decoding=\"async\" width=\"375\" height=\"956\" src=\"https:\/\/www.bdtrans.es\/wp-content\/uploads\/2024\/02\/imagen_mobile_nosotros_.svg\" class=\"attachment-large size-large wp-image-2906\" alt=\"\" \/>\t\t\t\t\t\t\t\t\t\t\t\t\t\t\t<\/div>\n\t\t\t\t<\/div>\n\t\t\t\t\t<\/div>\n\t\t\t\t<\/div>\n\t\t<div class=\"elementor-element elementor-element-33264b6 e-flex e-con-boxed e-con e-parent\" data-id=\"33264b6\" data-element_type=\"container\" data-e-type=\"container\">\n\t\t\t\t\t<div class=\"e-con-inner\">\n\t\t<div class=\"elementor-element elementor-element-94fe726 e-con-full e-flex e-con e-child\" data-id=\"94fe726\" data-element_type=\"container\" data-e-type=\"container\">\n\t\t\t\t<div class=\"elementor-element elementor-element-964da6e elementor-widget__width-initial elementor-widget elementor-widget-heading\" data-id=\"964da6e\" data-element_type=\"widget\" data-e-type=\"widget\" data-widget_type=\"heading.default\">\n\t\t\t\t<div class=\"elementor-widget-container\">\n\t\t\t\t\t<h2 class=\"elementor-heading-title elementor-size-default\">Nous sommes des sp\u00e9cialistes de l'ADR<\/h2>\t\t\t\t<\/div>\n\t\t\t\t<\/div>\n\t\t<div class=\"elementor-element elementor-element-0298143 elementor-hidden-mobile e-flex e-con-boxed e-con e-child\" data-id=\"0298143\" data-element_type=\"container\" data-e-type=\"container\">\n\t\t\t\t\t<div class=\"e-con-inner\">\n\t\t\t\t<div class=\"elementor-element elementor-element-cf51bfc elementor-widget elementor-widget-image\" data-id=\"cf51bfc\" data-element_type=\"widget\" data-e-type=\"widget\" data-widget_type=\"image.default\">\n\t\t\t\t<div class=\"elementor-widget-container\">\n\t\t\t\t\t\t\t\t\t\t\t\t\t\t\t<img loading=\"lazy\" decoding=\"async\" width=\"120\" height=\"120\" src=\"https:\/\/www.bdtrans.es\/wp-content\/uploads\/2024\/02\/B-simbolo-1.svg\" class=\"attachment-large size-large wp-image-824\" alt=\"\" \/>\t\t\t\t\t\t\t\t\t\t\t\t\t\t\t<\/div>\n\t\t\t\t<\/div>\n\t\t\t\t<div class=\"elementor-element elementor-element-efed308 elementor-widget elementor-widget-image\" data-id=\"efed308\" data-element_type=\"widget\" data-e-type=\"widget\" data-widget_type=\"image.default\">\n\t\t\t\t<div class=\"elementor-widget-container\">\n\t\t\t\t\t\t\t\t\t\t\t\t\t\t\t<img loading=\"lazy\" decoding=\"async\" width=\"269\" height=\"76\" src=\"https:\/\/www.bdtrans.es\/wp-content\/uploads\/2024\/02\/Logo-Transcalit.png\" class=\"attachment-large size-large wp-image-822\" alt=\"\" \/>\t\t\t\t\t\t\t\t\t\t\t\t\t\t\t<\/div>\n\t\t\t\t<\/div>\n\t\t\t\t\t<\/div>\n\t\t\t\t<\/div>\n\t\t\t\t<\/div>\n\t\t<div class=\"elementor-element elementor-element-b8dcc32 e-con-full e-flex e-con e-child\" data-id=\"b8dcc32\" data-element_type=\"container\" data-e-type=\"container\">\n\t\t\t\t<div class=\"elementor-element elementor-element-94a127f elementor-widget elementor-widget-text-editor\" data-id=\"94a127f\" data-element_type=\"widget\" data-e-type=\"widget\" data-widget_type=\"text-editor.default\">\n\t\t\t\t<div class=\"elementor-widget-container\">\n\t\t\t\t\t\t\t\t\t<p><span style=\"white-space: pre-wrap;\">BDtrans est une agence de transport industriel sp\u00e9cialis\u00e9e dans l&rsquo;ADR. La capacit\u00e9 d&rsquo;adaptation est inscrite dans notre ADN. Demandez-nous ce dont vous avez besoin et nous le rendrons possible. Avec nous, vos marchandises arriveront en parfait \u00e9tat \u00e0 l&rsquo;heure que vous nous indiquerez, en veillant toujours \u00e0 tous les d\u00e9tails li\u00e9s \u00e0 la s\u00e9curit\u00e9 et \u00e0 la l\u00e9gislation.<\/p>\n<p>Nous essayons toujours de vous conna\u00eetre le mieux possible, de savoir ce qui vous pr\u00e9occupe et ce dont vous avez besoin. Nous voulons faire partie de votre \u00e9quipe, vous offrir le meilleur service et nous engager pour votre succ\u00e8s. Nous sommes pr\u00eats \u00e0 coordonner des activit\u00e9s dans tous les types d&rsquo;installations, \u00e0 la fois par des canaux conventionnels et des plateformes num\u00e9riques. Avoir tous les documents n\u00e9cessaires \u00e0 jour.<\/p>\n<p>Notre politique de gouvernance d&rsquo;entreprise vous donnera une id\u00e9e de nos intentions. Nous avons mis en place un processus d&rsquo;am\u00e9lioration continue et de formation dans les domaines de la qualit\u00e9, de la s\u00e9curit\u00e9, de la pr\u00e9vention de la pollution, de la pr\u00e9vention des risques professionnels et de la s\u00e9curit\u00e9 des livraisons. Cela implique que notre activit\u00e9 soit enti\u00e8rement proc\u00e9duralis\u00e9e et ne laisse aucune place \u00e0 l&rsquo;improvisation. Nous travaillons de mani\u00e8re s\u00fbre, fiable et d\u00e9montrable.<\/p>\n<p>Depuis 2004, nous faisons partie du Grup Barcelonesa, une grande famille avec plus de 75 ans d&rsquo;exp\u00e9rience dans le monde de la distribution de produits chimiques. Cela nous permet de vous offrir un service complet de logistique chimique, en contr\u00f4lant parfaitement toutes les phases du processus afin de garantir que tout se d\u00e9roule conform\u00e9ment aux r\u00e9glementations \u00e9tablies et en suivant les proc\u00e9dures qui garantissent une s\u00e9curit\u00e9 maximale. Faire partie d&rsquo;un op\u00e9rateur de logistique chimique de premier plan tel que Barcelonesa nous permet de vous offrir des services de distribution, de production, d&#8217;emballage, de stockage, de gestion des d\u00e9chets et, bien s\u00fbr, de transport.<\/p>\n<p>BDtrans est membre de la F\u00e9d\u00e9ration catalane des transports de Barcelone (Transcalit). Gr\u00e2ce \u00e0 cette association, BDtrans a acc\u00e8s \u00e0 des formations ADR, \u00e0 des conseils juridiques sur l&rsquo;application de la r\u00e9glementation ADR et nous permet d&rsquo;\u00eatre en contact avec les autres membres de la f\u00e9d\u00e9ration.<\/span><\/p>\n\t\t\t\t\t\t\t\t<\/div>\n\t\t\t\t<\/div>\n\t\t<div class=\"elementor-element elementor-element-121cac0 elementor-hidden-desktop elementor-hidden-tablet e-flex e-con-boxed e-con e-child\" data-id=\"121cac0\" data-element_type=\"container\" data-e-type=\"container\">\n\t\t\t\t\t<div class=\"e-con-inner\">\n\t\t\t\t<div class=\"elementor-element elementor-element-c14c250 elementor-widget-mobile__width-initial elementor-widget elementor-widget-image\" data-id=\"c14c250\" data-element_type=\"widget\" data-e-type=\"widget\" data-widget_type=\"image.default\">\n\t\t\t\t<div class=\"elementor-widget-container\">\n\t\t\t\t\t\t\t\t\t\t\t\t\t\t\t<img loading=\"lazy\" decoding=\"async\" width=\"120\" height=\"120\" src=\"https:\/\/www.bdtrans.es\/wp-content\/uploads\/2024\/02\/B-simbolo-1.svg\" class=\"attachment-large size-large wp-image-824\" alt=\"\" \/>\t\t\t\t\t\t\t\t\t\t\t\t\t\t\t<\/div>\n\t\t\t\t<\/div>\n\t\t\t\t<div class=\"elementor-element elementor-element-70930e2 elementor-widget-mobile__width-initial elementor-widget elementor-widget-image\" data-id=\"70930e2\" data-element_type=\"widget\" data-e-type=\"widget\" data-widget_type=\"image.default\">\n\t\t\t\t<div class=\"elementor-widget-container\">\n\t\t\t\t\t\t\t\t\t\t\t\t\t\t\t<img loading=\"lazy\" decoding=\"async\" width=\"269\" height=\"76\" src=\"https:\/\/www.bdtrans.es\/wp-content\/uploads\/2024\/02\/Logo-Transcalit.png\" class=\"attachment-large size-large wp-image-822\" alt=\"\" \/>\t\t\t\t\t\t\t\t\t\t\t\t\t\t\t<\/div>\n\t\t\t\t<\/div>\n\t\t\t\t\t<\/div>\n\t\t\t\t<\/div>\n\t\t\t\t<\/div>\n\t\t\t\t\t<\/div>\n\t\t\t\t<\/div>\n\t\t<div class=\"elementor-element elementor-element-f4c510d e-flex e-con-boxed e-con e-parent\" data-id=\"f4c510d\" data-element_type=\"container\" data-e-type=\"container\" data-settings=\"{&quot;background_background&quot;:&quot;classic&quot;}\">\n\t\t\t\t\t<div class=\"e-con-inner\">\n\t\t\t\t<div class=\"elementor-element elementor-element-1874072 elementor-widget__width-initial elementor-widget elementor-widget-heading\" data-id=\"1874072\" data-element_type=\"widget\" data-e-type=\"widget\" data-widget_type=\"heading.default\">\n\t\t\t\t<div class=\"elementor-widget-container\">\n\t\t\t\t\t<h2 class=\"elementor-heading-title elementor-size-default\">Comment pouvons-nous vous aider ?<\/h2>\t\t\t\t<\/div>\n\t\t\t\t<\/div>\n\t\t\t\t<div class=\"elementor-element elementor-element-a06aefd elementor-widget__width-initial elementor-widget-mobile__width-initial elementor-widget elementor-widget-text-editor\" data-id=\"a06aefd\" data-element_type=\"widget\" data-e-type=\"widget\" data-widget_type=\"text-editor.default\">\n\t\t\t\t<div class=\"elementor-widget-container\">\n\t\t\t\t\t\t\t\t\t<p>Dites-nous ce dont vous avez besoin et nos agents vous contacteront.<\/p>\n\t\t\t\t\t\t\t\t<\/div>\n\t\t\t\t<\/div>\n\t\t\t\t<div class=\"elementor-element elementor-element-9f504f1 elementor-align-left elementor-widget elementor-widget-button\" data-id=\"9f504f1\" data-element_type=\"widget\" data-e-type=\"widget\" data-widget_type=\"button.default\">\n\t\t\t\t<div class=\"elementor-widget-container\">\n\t\t\t\t\t\t\t\t\t<div class=\"elementor-button-wrapper\">\n\t\t\t\t\t<a class=\"elementor-button elementor-button-link elementor-size-sm\" href=\"https:\/\/www.bdtrans.es\/fr\/contact\/\">\n\t\t\t\t\t\t<span class=\"elementor-button-content-wrapper\">\n\t\t\t\t\t\t\t\t\t<span class=\"elementor-button-text\">Nous contacter<\/span>\n\t\t\t\t\t<\/span>\n\t\t\t\t\t<\/a>\n\t\t\t\t<\/div>\n\t\t\t\t\t\t\t\t<\/div>\n\t\t\t\t<\/div>\n\t\t\t\t\t<\/div>\n\t\t\t\t<\/div>\n\t\t\t\t<\/div>\n\t\t","protected":false},"excerpt":{"rendered":"<p>Nous conna\u00eetre un peu mieux Personnel Notre \u00e9quipe est pleinement engag\u00e9e et pr\u00eate \u00e0 r\u00e9pondre \u00e0 tous les besoins de [&hellip;]<\/p>\n","protected":false},"author":5,"featured_media":0,"parent":3343,"menu_order":0,"comment_status":"closed","ping_status":"closed","template":"","meta":{"site-sidebar-layout":"no-sidebar","site-content-layout":"","ast-site-content-layout":"full-width-container","site-content-style":"default","site-sidebar-style":"default","ast-global-header-display":"","ast-banner-title-visibility":"","ast-main-header-display":"","ast-hfb-above-header-display":"","ast-hfb-below-header-display":"","ast-hfb-mobile-header-display":"","site-post-title":"disabled","ast-breadcrumbs-content":"","ast-featured-img":"disabled","footer-sml-layout":"","theme-transparent-header-meta":"","adv-header-id-meta":"","stick-header-meta":"","header-above-stick-meta":"","header-main-stick-meta":"","header-below-stick-meta":"","astra-migrate-meta-layouts":"default","ast-page-background-enabled":"default","ast-page-background-meta":{"desktop":{"background-color":"var(--ast-global-color-4)","background-image":"","background-repeat":"repeat","background-position":"center center","background-size":"auto","background-attachment":"scroll","background-type":"","background-media":"","overlay-type":"","overlay-color":"","overlay-opacity":"","overlay-gradient":""},"tablet":{"background-color":"","background-image":"","background-repeat":"repeat","background-position":"center center","background-size":"auto","background-attachment":"scroll","background-type":"","background-media":"","overlay-type":"","overlay-color":"","overlay-opacity":"","overlay-gradient":""},"mobile":{"background-color":"","background-image":"","background-repeat":"repeat","background-position":"center center","background-size":"auto","background-attachment":"scroll","background-type":"","background-media":"","overlay-type":"","overlay-color":"","overlay-opacity":"","overlay-gradient":""}},"ast-content-background-meta":{"desktop":{"background-color":"var(--ast-global-color-5)","background-image":"","background-repeat":"repeat","background-position":"center center","background-size":"auto","background-attachment":"scroll","background-type":"","background-media":"","overlay-type":"","overlay-color":"","overlay-opacity":"","overlay-gradient":""},"tablet":{"background-color":"var(--ast-global-color-5)","background-image":"","background-repeat":"repeat","background-position":"center center","background-size":"auto","background-attachment":"scroll","background-type":"","background-media":"","overlay-type":"","overlay-color":"","overlay-opacity":"","overlay-gradient":""},"mobile":{"background-color":"var(--ast-global-color-5)","background-image":"","background-repeat":"repeat","background-position":"center center","background-size":"auto","background-attachment":"scroll","background-type":"","background-media":"","overlay-type":"","overlay-color":"","overlay-opacity":"","overlay-gradient":""}},"footnotes":""},"class_list":["post-3084","page","type-page","status-publish","hentry"],"_links":{"self":[{"href":"https:\/\/www.bdtrans.es\/fr\/wp-json\/wp\/v2\/pages\/3084","targetHints":{"allow":["GET"]}}],"collection":[{"href":"https:\/\/www.bdtrans.es\/fr\/wp-json\/wp\/v2\/pages"}],"about":[{"href":"https:\/\/www.bdtrans.es\/fr\/wp-json\/wp\/v2\/types\/page"}],"author":[{"embeddable":true,"href":"https:\/\/www.bdtrans.es\/fr\/wp-json\/wp\/v2\/users\/5"}],"replies":[{"embeddable":true,"href":"https:\/\/www.bdtrans.es\/fr\/wp-json\/wp\/v2\/comments?post=3084"}],"version-history":[{"count":10,"href":"https:\/\/www.bdtrans.es\/fr\/wp-json\/wp\/v2\/pages\/3084\/revisions"}],"predecessor-version":[{"id":6391,"href":"https:\/\/www.bdtrans.es\/fr\/wp-json\/wp\/v2\/pages\/3084\/revisions\/6391"}],"up":[{"embeddable":true,"href":"https:\/\/www.bdtrans.es\/fr\/wp-json\/wp\/v2\/pages\/3343"}],"wp:attachment":[{"href":"https:\/\/www.bdtrans.es\/fr\/wp-json\/wp\/v2\/media?parent=3084"}],"curies":[{"name":"wp","href":"https:\/\/api.w.org\/{rel}","templated":true}]}}