{"id":540,"date":"2024-02-19T07:41:39","date_gmt":"2024-02-19T07:41:39","guid":{"rendered":"https:\/\/www.bdtrans.es\/?page_id=540"},"modified":"2024-02-19T09:24:16","modified_gmt":"2024-02-19T09:24:16","slug":"adr-clase-5-2","status":"publish","type":"page","link":"https:\/\/www.bdtrans.es\/es\/transporte-industrial-especializado-en-adr\/adr-clase-5-2\/","title":{"rendered":"ADR Clase 5.2"},"content":{"rendered":"\t\t<div data-elementor-type=\"wp-page\" data-elementor-id=\"540\" class=\"elementor elementor-540\" data-elementor-post-type=\"page\">\n\t\t\t\t<div class=\"elementor-element elementor-element-db582f0 e-flex e-con-boxed e-con e-parent\" data-id=\"db582f0\" data-element_type=\"container\" data-e-type=\"container\" data-settings=\"{&quot;background_background&quot;:&quot;classic&quot;}\">\n\t\t\t\t\t<div class=\"e-con-inner\">\n\t\t<div class=\"elementor-element elementor-element-8165a6c e-con-full e-flex e-con e-child\" data-id=\"8165a6c\" data-element_type=\"container\" data-e-type=\"container\">\n\t\t<div class=\"elementor-element elementor-element-88ba59f e-con-full e-flex e-con e-child\" data-id=\"88ba59f\" data-element_type=\"container\" data-e-type=\"container\">\n\t\t\t\t<div class=\"elementor-element elementor-element-b37f408 elementor-widget elementor-widget-image\" data-id=\"b37f408\" data-element_type=\"widget\" data-e-type=\"widget\" data-widget_type=\"image.default\">\n\t\t\t\t<div class=\"elementor-widget-container\">\n\t\t\t\t\t\t\t\t\t\t\t\t\t\t\t<img decoding=\"async\" width=\"180\" height=\"180\" src=\"https:\/\/www.bdtrans.es\/wp-content\/uploads\/2024\/02\/Clase-5.2.svg\" class=\"attachment-large size-large wp-image-73\" alt=\"\" \/>\t\t\t\t\t\t\t\t\t\t\t\t\t\t\t<\/div>\n\t\t\t\t<\/div>\n\t\t\t\t<\/div>\n\t\t<div class=\"elementor-element elementor-element-c8bdfe5 e-con-full e-flex e-con e-child\" data-id=\"c8bdfe5\" data-element_type=\"container\" data-e-type=\"container\">\n\t\t\t\t<div class=\"elementor-element elementor-element-788d771 elementor-widget__width-inherit elementor-widget elementor-widget-heading\" data-id=\"788d771\" data-element_type=\"widget\" data-e-type=\"widget\" data-widget_type=\"heading.default\">\n\t\t\t\t<div class=\"elementor-widget-container\">\n\t\t\t\t\t<h1 class=\"elementor-heading-title elementor-size-default\">ADR Clase 5.2<\/h1>\t\t\t\t<\/div>\n\t\t\t\t<\/div>\n\t\t\t\t<div class=\"elementor-element elementor-element-2b3f300 elementor-widget elementor-widget-text-editor\" data-id=\"2b3f300\" data-element_type=\"widget\" data-e-type=\"widget\" data-widget_type=\"text-editor.default\">\n\t\t\t\t<div class=\"elementor-widget-container\">\n\t\t\t\t\t\t\t\t\tPer\u00f3xidos Org\u00e1nicos\t\t\t\t\t\t\t\t<\/div>\n\t\t\t\t<\/div>\n\t\t\t\t<div class=\"elementor-element elementor-element-24aa95f elementor-widget elementor-widget-text-editor\" data-id=\"24aa95f\" data-element_type=\"widget\" data-e-type=\"widget\" data-widget_type=\"text-editor.default\">\n\t\t\t\t<div class=\"elementor-widget-container\">\n\t\t\t\t\t\t\t\t\t<div class=\"column mcb-column mcb-item-jly2je5mi one tablet-one mobile-one column_column\"><div class=\"mcb-column-inner mcb-column-inner-jly2je5mi mcb-item-column-inner\"><div class=\"column_attr mfn-inline-editor clearfix\"><p>Las materias de la clase 5.2 son las que hacen referencia a los per\u00f3xidos org\u00e1nicos y preparaciones de per\u00f3xidos org\u00e1nicos. Son materias cuya estructura es O-O que se pueden considerar derivadas del per\u00f3xido de hidr\u00f3geno, donde los grupos de hidr\u00f3geno son substituidos por radicales org\u00e1nicos<\/p><p>Los materiales de la clase 5.2 se subdividen de la siguiente manera:<\/p><ul><li><strong>P1<\/strong> &#8211; Per\u00f3xidos org\u00e1nicos que no necesitan regulaci\u00f3n de temperatura.<\/li><li><strong>P2<\/strong> &#8211; Per\u00f3xidos org\u00e1nicos que necesitan regulaci\u00f3n de temperatura.<\/li><\/ul><\/div><\/div><\/div>\t\t\t\t\t\t\t\t<\/div>\n\t\t\t\t<\/div>\n\t\t\t\t<\/div>\n\t\t\t\t<\/div>\n\t\t\t\t\t<\/div>\n\t\t\t\t<\/div>\n\t\t<div class=\"elementor-element elementor-element-6e8c9bf e-flex e-con-boxed e-con e-parent\" data-id=\"6e8c9bf\" data-element_type=\"container\" data-e-type=\"container\" data-settings=\"{&quot;background_background&quot;:&quot;classic&quot;}\">\n\t\t\t\t\t<div class=\"e-con-inner\">\n\t\t\t\t<div class=\"elementor-element elementor-element-3e452a4 elementor-widget__width-inherit elementor-widget elementor-widget-heading\" data-id=\"3e452a4\" data-element_type=\"widget\" data-e-type=\"widget\" data-widget_type=\"heading.default\">\n\t\t\t\t<div class=\"elementor-widget-container\">\n\t\t\t\t\t<h2 class=\"elementor-heading-title elementor-size-default\">Propiedades de los Per\u00f3xidos Org\u00e1nicos<\/h2>\t\t\t\t<\/div>\n\t\t\t\t<\/div>\n\t\t\t\t<div class=\"elementor-element elementor-element-ce7a9c0 elementor-widget elementor-widget-text-editor\" data-id=\"ce7a9c0\" data-element_type=\"widget\" data-e-type=\"widget\" data-widget_type=\"text-editor.default\">\n\t\t\t\t<div class=\"elementor-widget-container\">\n\t\t\t\t\t\t\t\t\t<p>Las materias y objetos de la clase 4.2 pueden clasificarse de la siguiente manera:<\/p>\t\t\t\t\t\t\t\t<\/div>\n\t\t\t\t<\/div>\n\t\t\t\t<div class=\"elementor-element elementor-element-83a3a5e elementor-widget elementor-widget-text-editor\" data-id=\"83a3a5e\" data-element_type=\"widget\" data-e-type=\"widget\" data-widget_type=\"text-editor.default\">\n\t\t\t\t<div class=\"elementor-widget-container\">\n\t\t\t\t\t\t\t\t\t<p>Los per\u00f3xidos org\u00e1nicos est\u00e1n sujetos a descomposici\u00f3n exot\u00e9rmica a temperatura normal o elevada. La descomposici\u00f3n puede deberse al calor, impurezas, frotamiento o choque. La descomposici\u00f3n puede entra\u00f1ar el desprendimiento de vapores o gases inflamables o nocivos. Para ciertos per\u00f3xidos org\u00e1nicos es necesaria la regulaci\u00f3n de la temperatura, en condiciones de confinamiento pueden sufrir descomposici\u00f3n explosiva.<\/p><p>La caracter\u00edstica explosiva puede verse limitada por la introducci\u00f3n de diluyentes o empleando envases\/embalajes adecuados. Los per\u00f3xidos org\u00e1nicos provocan lesiones oculares de gravedad en la c\u00f3rnea, incluso despu\u00e9s de contacto breve o corrosivos para la piel. Tiene la particularidad de autoinflamarse consigo mismo, si se re\u00fanen las circunstancias adecuadas, sin necesidad de mezclarse con materias susceptibles de ser combustibles i\/o inflamables, ya que el mismo P.O. es materia org\u00e1nica inflamable a parte de su car\u00e1cter comburente a su vez.<\/p><p>Toda materia se considera de la clase 5.2 cuando la preparaci\u00f3n de per\u00f3xido org\u00e1nico cumple lo siguiente:<\/p><ul><li>Contener m\u00e1s de un 1% de oxigeno activo y un 1% como m\u00e1ximo en per\u00f3xido hidr\u00f3geno<\/li><li>Contener m\u00e1s 0.5% como m\u00e1ximo de oxigeno activo y del 7% como m\u00e1ximo de per\u00f3xido hidr\u00f3geno.<\/li><\/ul><p>Los per\u00f3xidos org\u00e1nicos se clasifican en siete tipos que van desde el A hasta G. El tipo A no se admite para el transporte ya que el envase donde se produce el ensayo no resulta satisfactorio. El tipo G est\u00e1 exento de cumplir las disposiciones del presente cap\u00edtulo de per\u00f3xidos org\u00e1nicos. La clasificaci\u00f3n que va desde B hasta F viene dada por cantidad m\u00e1xima de materia autorizada por envase\/embalaje seg\u00fan instrucci\u00f3n de embalaje IBC520 para IBC\u2019s i P520 para bultos con los m\u00e9todos de embalaje descritos en OP1 a OP8 para estos \u00faltimos. Aquellos Per\u00f3xidos Org\u00e1nicos cuyo transporte en cisternas est\u00e9 permitido seg\u00fan cap\u00edtulos 4.2 (cisternas port\u00e1tiles) i 4.3 (cisternas ADR) se enumeran en una lista que figura en 4.2.5.2 bajo la instrucci\u00f3n de transporte de cisternas port\u00e1tiles T23.<\/p><p>Los ep\u00edgrafes colectivos precisan especificar:<\/p><ul><li>El tipo que va desde B hasta F del per\u00f3xido org\u00e1nico.<\/li><li>El estado f\u00edsico de la materia.<\/li><li>La regulaci\u00f3n de temperatura si presenta TDAA (la temperatura m\u00ednima la cual la materia experimenta descomposici\u00f3n t\u00e9rmica, explosiva ,etc..<\/li><\/ul><p>Las mezclas de los per\u00f3xidos org\u00e1nicos se pueden asimilar a la del per\u00f3xido m\u00e1s peligroso de la composici\u00f3n y transportase bajo las condiciones previstas por \u00e9ste. Dos P.O. estables mezclados puedan dar lugar a una mezcla inestable por lo que ser\u00e1 necesario determinar la TDAA y la temperatura de regulaci\u00f3n y la cr\u00edtica calculadas seg\u00fan la disposici\u00f3n 2.2.52.1.16.<\/p><p>Los per\u00f3xidos org\u00e1nicos ya clasificados cuyo transporte est\u00e1 autorizado seg\u00fan lista de per\u00f3xidos org\u00e1nicos ya clasificados pueden ser transportados en embalajes, en GRG`s y cisternas port\u00e1tiles. Los que no est\u00e9n en esta lista deber\u00e1n ser autorizados para el transporte por la autoridad competente.<\/p><p>La autoridad competente del pa\u00eds de origen llevar\u00e1 a cabo la clasificaci\u00f3n de los per\u00f3xidos org\u00e1nicos no enumerados en la lista 2.2.52.4 ni en la de instrucci\u00f3n para el transporte en P502 del 4.1.4.2 ni tampoco en 4.2.5.2 la instrucci\u00f3n para el transporte en cisterna port\u00e1tiles T23, para asignar finalmente un ep\u00edgrafe colectivo as\u00ed como la declaraci\u00f3n de aprobaci\u00f3n donde se indica la clasificaci\u00f3n y las condiciones de transporte aplicables dictadas por la Parte contratante ya sea el pa\u00eds de origen como el destinatario.<\/p><p>Para garantizar la seguridad de los per\u00f3xidos org\u00e1nicos se a\u00f1aden desensibilizadores, la desensibilizaci\u00f3n es de tal manera que en caso de fuga no se concentre el per\u00f3xido. Los diluyentes pueden ser materias org\u00e1nicas liquidas o s\u00f3lidas, materias inorg\u00e1nicas solidas o agua.<\/p><p>Los diluyentes tipo A son l\u00edquidos org\u00e1nicos compatibles con el per\u00f3xido org\u00e1nico y tienen un punto de ebullici\u00f3n de al menos 150\u00aaC.<\/p><p>Los diluyentes tipo B son l\u00edquidos org\u00e1nicos compatibles con per\u00f3xidos org\u00e1nicos y punto ebullici\u00f3n inferior a 150 pero igual a 60\u00baC y su punto inflamaci\u00f3n de al menos 5\u00baC.<\/p><p>Los diluyentes tipo B se pueden utilizar para desensibilizar todo P.O. siempre y cuando su punto de ebullici\u00f3n de \u00e9ste sea 60\u00baC superior a la TDAA del P.O. en un bulto para un peso m\u00e1ximo de 50Kg.<\/p><p>La sustituci\u00f3n total o parcial de un diluyente A o B por otro diluyente que tenga propiedades diferentes obliga a efectuar una evaluaci\u00f3n de los preparados en base a la clasificaci\u00f3n para la clase 5.2. Pueden utilizarse materias solidas org\u00e1nicas e inorg\u00e1nicas para desensibilizar a condici\u00f3n de que sean compatibles, sin alterar la estabilidad t\u00e9rmica ni el tipo de peligrosidad del preparado.<\/p><p>El agua se podr\u00e1 utilizar para desensibilizar siempre que lo indique la lista 2.2.52.4 o por decisi\u00f3n de la autoridad competente con la indicaci\u00f3n con agua o dispersi\u00f3n con agua.<\/p><p>Pueden utilizarse materias s\u00f3lidas org\u00e1nicas e inorg\u00e1nicas para desensibilizar siempre que sean compatibles con el P.O. sin alterar la estabilidad t\u00e9rmica ni la peligrosidad del preparado.<\/p>\t\t\t\t\t\t\t\t<\/div>\n\t\t\t\t<\/div>\n\t\t\t\t\t<\/div>\n\t\t\t\t<\/div>\n\t\t<div class=\"elementor-element elementor-element-16d6a6b e-flex e-con-boxed e-con e-parent\" data-id=\"16d6a6b\" data-element_type=\"container\" data-e-type=\"container\" data-settings=\"{&quot;background_background&quot;:&quot;classic&quot;}\">\n\t\t\t\t\t<div class=\"e-con-inner\">\n\t\t\t\t<div class=\"elementor-element elementor-element-e5ed9b5 elementor-widget__width-inherit elementor-widget elementor-widget-heading\" data-id=\"e5ed9b5\" data-element_type=\"widget\" data-e-type=\"widget\" data-widget_type=\"heading.default\">\n\t\t\t\t<div class=\"elementor-widget-container\">\n\t\t\t\t\t<h2 class=\"elementor-heading-title elementor-size-default\">Disposiciones relativas a la regulaci\u00f3n de la temperatura<\/h2>\t\t\t\t<\/div>\n\t\t\t\t<\/div>\n\t\t\t\t<div class=\"elementor-element elementor-element-b409f46 elementor-widget elementor-widget-text-editor\" data-id=\"b409f46\" data-element_type=\"widget\" data-e-type=\"widget\" data-widget_type=\"text-editor.default\">\n\t\t\t\t<div class=\"elementor-widget-container\">\n\t\t\t\t\t\t\t\t\t Por definici\u00f3n es la temperatura m\u00e1xima a la cual se puede transportar un peroxido org\u00e1nico sin riesgos. La temperatura que puede alcanzar un bulto en un veh\u00edculo en un plazo de 24 horas podr\u00e1 sobrepasar la temperatura de 55\u00baC. En caso de fallo en el sistema de regulaci\u00f3n se aplicar\u00e1n procedimientos de urgencia. La temperatura cr\u00edtica justifica la puesta en marcha de los procedimientos de urgencia.\t\t\t\t\t\t\t\t<\/div>\n\t\t\t\t<\/div>\n\t\t\t\t<div class=\"elementor-element elementor-element-a6cc023 elementor-widget elementor-widget-text-editor\" data-id=\"a6cc023\" data-element_type=\"widget\" data-e-type=\"widget\" data-widget_type=\"text-editor.default\">\n\t\t\t\t<div class=\"elementor-widget-container\">\n\t\t\t\t\t\t\t\t\t<p>Los siguientes per\u00f3xidos org\u00e1nicos est\u00e1n sujetos a regulaci\u00f3n de temperatura durante el transporte:<\/p><ul><li>Los per\u00f3xidos org\u00e1nicos tipo B y C que tengan TDAA menor o igual a 50\u00baC.<\/li><li>Los per\u00f3xidos org\u00e1nicos tipo D que tengan TDAA menor o igual a 50\u00baC o 45\u00baC.<\/li><li>Los per\u00f3xidos org\u00e1nicos tipo E y F que tengan un TDAA menor o igual a 45\u00baC<\/li><\/ul>\t\t\t\t\t\t\t\t<\/div>\n\t\t\t\t<\/div>\n\t\t\t\t<div class=\"elementor-element elementor-element-2f5c6f7 elementor-widget elementor-widget-text-editor\" data-id=\"2f5c6f7\" data-element_type=\"widget\" data-e-type=\"widget\" data-widget_type=\"text-editor.default\">\n\t\t\t\t<div class=\"elementor-widget-container\">\n\t\t\t\t\t\t\t\t\t<table><thead><tr><th>Tipo de recipiente<\/th><th>TDAA<\/th><th>Temperatura de regulaci\u00f3n<\/th><th>Temperatura cr\u00edtica<\/th><\/tr><\/thead><tbody><tr><td rowspan=\"3\">Envases \/Embalajes sencillos y GRG\/IBC<\/td><td>\u226420\u00baC<\/td><td>20\u00baC por debajo de la TDAA<\/td><td>10\u00baC por debajo de la TDAA<\/td><\/tr><tr><td>&gt;20\u00baC \u2264 35\u00baC<\/td><td>15\u00baC por debajo de la TDAA<\/td><td>10\u00baC por debajo de la TDAA<\/td><\/tr><tr><td>&gt;35\u00baC<\/td><td>10\u00baC por debajo de la TDAA<\/td><td>5\u00baC por debajo de la TDAA<\/td><\/tr><tr><td>Cisternas<\/td><td>\u226450\u00baC<\/td><td>10\u00baC por debajo de la TDAA<\/td><td>5\u00baC por debajo de la TDAA<\/td><\/tr><\/tbody><\/table>\t\t\t\t\t\t\t\t<\/div>\n\t\t\t\t<\/div>\n\t\t\t\t<div class=\"elementor-element elementor-element-82daf03 elementor-widget elementor-widget-text-editor\" data-id=\"82daf03\" data-element_type=\"widget\" data-e-type=\"widget\" data-widget_type=\"text-editor.default\">\n\t\t\t\t<div class=\"elementor-widget-container\">\n\t\t\t\t\t\t\t\t\t<p>La temperatura para el transporte podr\u00e1 ser menor a la temperatura de regulaci\u00f3n pero no excesivamente baja para no provocar separaci\u00f3n de fases entre diluyente y per\u00f3xido org\u00e1nico.<\/p><p>La temperatura de regulaci\u00f3n i critica est\u00e0 indicada en la tabla 2.2.52.4 , la temperatura real para el transporte puede ser inferior pero no lo suficiente como para generar separaci\u00f3n de fases.<\/p>\t\t\t\t\t\t\t\t<\/div>\n\t\t\t\t<\/div>\n\t\t\t\t\t<\/div>\n\t\t\t\t<\/div>\n\t\t<div class=\"elementor-element elementor-element-5087f47 e-flex e-con-boxed e-con e-parent\" data-id=\"5087f47\" data-element_type=\"container\" data-e-type=\"container\" data-settings=\"{&quot;background_background&quot;:&quot;classic&quot;}\">\n\t\t\t\t\t<div class=\"e-con-inner\">\n\t\t\t\t<div class=\"elementor-element elementor-element-f4081c5 elementor-widget__width-inherit elementor-widget elementor-widget-heading\" data-id=\"f4081c5\" data-element_type=\"widget\" data-e-type=\"widget\" data-widget_type=\"heading.default\">\n\t\t\t\t<div class=\"elementor-widget-container\">\n\t\t\t\t\t<h2 class=\"elementor-heading-title elementor-size-default\">Grupos de embalaje de la clase 4.2<\/h2>\t\t\t\t<\/div>\n\t\t\t\t<\/div>\n\t\t\t\t<div class=\"elementor-element elementor-element-5ff30e8 elementor-widget elementor-widget-text-editor\" data-id=\"5ff30e8\" data-element_type=\"widget\" data-e-type=\"widget\" data-widget_type=\"text-editor.default\">\n\t\t\t\t<div class=\"elementor-widget-container\">\n\t\t\t\t\t\t\t\t\t<p>Los criterios para establecer los grupos de embalaje al igual que los criterios para establecer si pertenece a una clase son:<\/p>\t\t\t\t\t\t\t\t<\/div>\n\t\t\t\t<\/div>\n\t\t<div class=\"elementor-element elementor-element-a9e6401 e-con-full e-flex e-con e-child\" data-id=\"a9e6401\" data-element_type=\"container\" data-e-type=\"container\">\n\t\t\t\t<div class=\"elementor-element elementor-element-b6c6b95 elementor-widget elementor-widget-text-editor\" data-id=\"b6c6b95\" data-element_type=\"widget\" data-e-type=\"widget\" data-widget_type=\"text-editor.default\">\n\t\t\t\t<div class=\"elementor-widget-container\">\n\t\t\t\t\t\t\t\t\t<ul><li>Las materias pirof\u00f3ricas deben incluirse en el grupo de embalaje I<\/li><li>Las materias que experimenten calentamiento espont\u00e1neo sobre una muestra c\u00fabica de 2.5 cm de lado a 140\u00baC durante 24 horas, si muestra inflamaci\u00f3n espont\u00e1nea o bien calentamiento de m\u00e1s de 200\u00baC, se considera del grupo de embalaje II.<\/li><li>\u00a0<\/li><\/ul>\t\t\t\t\t\t\t\t<\/div>\n\t\t\t\t<\/div>\n\t\t\t\t<div class=\"elementor-element elementor-element-cd3f5f9 elementor-widget elementor-widget-text-editor\" data-id=\"cd3f5f9\" data-element_type=\"widget\" data-e-type=\"widget\" data-widget_type=\"text-editor.default\">\n\t\t\t\t<div class=\"elementor-widget-container\">\n\t\t\t\t\t\t\t\t\t<ul><li>Las materias que experimentan calentamiento espont\u00e1neo, si sobre una muestra c\u00fabica de 2.5 cm se aplica una temperatura de 140\u00baC durante 24 horas no se observa inflamaci\u00f3n espont\u00e1nea o un aumento de la temperatura de 200\u00baC, pero si la muestra c\u00fabica pasa a 10cm de lado si se observa se considerar\u00e1 del grupo de embalaje III.<\/li><\/ul>\t\t\t\t\t\t\t\t<\/div>\n\t\t\t\t<\/div>\n\t\t\t\t<\/div>\n\t\t\t\t\t<\/div>\n\t\t\t\t<\/div>\n\t\t\t\t<\/div>\n\t\t","protected":false},"excerpt":{"rendered":"<p>ADR Clase 5.2 Per\u00f3xidos Org\u00e1nicos Las materias de la clase 5.2 son las que hacen referencia a los per\u00f3xidos org\u00e1nicos [&hellip;]<\/p>\n","protected":false},"author":5,"featured_media":0,"parent":221,"menu_order":0,"comment_status":"closed","ping_status":"closed","template":"","meta":{"site-sidebar-layout":"no-sidebar","site-content-layout":"","ast-site-content-layout":"full-width-container","site-content-style":"default","site-sidebar-style":"default","ast-global-header-display":"","ast-banner-title-visibility":"","ast-main-header-display":"","ast-hfb-above-header-display":"","ast-hfb-below-header-display":"","ast-hfb-mobile-header-display":"","site-post-title":"disabled","ast-breadcrumbs-content":"","ast-featured-img":"disabled","footer-sml-layout":"","theme-transparent-header-meta":"","adv-header-id-meta":"","stick-header-meta":"","header-above-stick-meta":"","header-main-stick-meta":"","header-below-stick-meta":"","astra-migrate-meta-layouts":"default","ast-page-background-enabled":"default","ast-page-background-meta":{"desktop":{"background-color":"var(--ast-global-color-4)","background-image":"","background-repeat":"repeat","background-position":"center center","background-size":"auto","background-attachment":"scroll","background-type":"","background-media":"","overlay-type":"","overlay-color":"","overlay-opacity":"","overlay-gradient":""},"tablet":{"background-color":"","background-image":"","background-repeat":"repeat","background-position":"center center","background-size":"auto","background-attachment":"scroll","background-type":"","background-media":"","overlay-type":"","overlay-color":"","overlay-opacity":"","overlay-gradient":""},"mobile":{"background-color":"","background-image":"","background-repeat":"repeat","background-position":"center center","background-size":"auto","background-attachment":"scroll","background-type":"","background-media":"","overlay-type":"","overlay-color":"","overlay-opacity":"","overlay-gradient":""}},"ast-content-background-meta":{"desktop":{"background-color":"var(--ast-global-color-5)","background-image":"","background-repeat":"repeat","background-position":"center center","background-size":"auto","background-attachment":"scroll","background-type":"","background-media":"","overlay-type":"","overlay-color":"","overlay-opacity":"","overlay-gradient":""},"tablet":{"background-color":"var(--ast-global-color-5)","background-image":"","background-repeat":"repeat","background-position":"center center","background-size":"auto","background-attachment":"scroll","background-type":"","background-media":"","overlay-type":"","overlay-color":"","overlay-opacity":"","overlay-gradient":""},"mobile":{"background-color":"var(--ast-global-color-5)","background-image":"","background-repeat":"repeat","background-position":"center center","background-size":"auto","background-attachment":"scroll","background-type":"","background-media":"","overlay-type":"","overlay-color":"","overlay-opacity":"","overlay-gradient":""}},"footnotes":""},"class_list":["post-540","page","type-page","status-publish","hentry"],"_links":{"self":[{"href":"https:\/\/www.bdtrans.es\/es\/wp-json\/wp\/v2\/pages\/540","targetHints":{"allow":["GET"]}}],"collection":[{"href":"https:\/\/www.bdtrans.es\/es\/wp-json\/wp\/v2\/pages"}],"about":[{"href":"https:\/\/www.bdtrans.es\/es\/wp-json\/wp\/v2\/types\/page"}],"author":[{"embeddable":true,"href":"https:\/\/www.bdtrans.es\/es\/wp-json\/wp\/v2\/users\/5"}],"replies":[{"embeddable":true,"href":"https:\/\/www.bdtrans.es\/es\/wp-json\/wp\/v2\/comments?post=540"}],"version-history":[{"count":5,"href":"https:\/\/www.bdtrans.es\/es\/wp-json\/wp\/v2\/pages\/540\/revisions"}],"predecessor-version":[{"id":3015,"href":"https:\/\/www.bdtrans.es\/es\/wp-json\/wp\/v2\/pages\/540\/revisions\/3015"}],"up":[{"embeddable":true,"href":"https:\/\/www.bdtrans.es\/es\/wp-json\/wp\/v2\/pages\/221"}],"wp:attachment":[{"href":"https:\/\/www.bdtrans.es\/es\/wp-json\/wp\/v2\/media?parent=540"}],"curies":[{"name":"wp","href":"https:\/\/api.w.org\/{rel}","templated":true}]}}