{"id":528,"date":"2024-02-16T13:48:20","date_gmt":"2024-02-16T13:48:20","guid":{"rendered":"https:\/\/www.bdtrans.es\/?page_id=528"},"modified":"2024-03-04T08:34:58","modified_gmt":"2024-03-04T08:34:58","slug":"adr-clase-4-3","status":"publish","type":"page","link":"https:\/\/www.bdtrans.es\/es\/transporte-industrial-especializado-en-adr\/adr-clase-4-3\/","title":{"rendered":"ADR Clase 4.3"},"content":{"rendered":"\t\t<div data-elementor-type=\"wp-page\" data-elementor-id=\"528\" class=\"elementor elementor-528\" data-elementor-post-type=\"page\">\n\t\t\t\t<div class=\"elementor-element elementor-element-db582f0 e-flex e-con-boxed e-con e-parent\" data-id=\"db582f0\" data-element_type=\"container\" data-e-type=\"container\" data-settings=\"{&quot;background_background&quot;:&quot;classic&quot;}\">\n\t\t\t\t\t<div class=\"e-con-inner\">\n\t\t<div class=\"elementor-element elementor-element-8165a6c e-con-full e-flex e-con e-child\" data-id=\"8165a6c\" data-element_type=\"container\" data-e-type=\"container\">\n\t\t<div class=\"elementor-element elementor-element-88ba59f e-con-full e-flex e-con e-child\" data-id=\"88ba59f\" data-element_type=\"container\" data-e-type=\"container\">\n\t\t\t\t<div class=\"elementor-element elementor-element-b37f408 elementor-widget elementor-widget-image\" data-id=\"b37f408\" data-element_type=\"widget\" data-e-type=\"widget\" data-widget_type=\"image.default\">\n\t\t\t\t<div class=\"elementor-widget-container\">\n\t\t\t\t\t\t\t\t\t\t\t\t\t\t\t<img decoding=\"async\" width=\"181\" height=\"180\" src=\"https:\/\/www.bdtrans.es\/wp-content\/uploads\/2024\/02\/Clase-4.3.svg\" class=\"attachment-large size-large wp-image-71\" alt=\"\" \/>\t\t\t\t\t\t\t\t\t\t\t\t\t\t\t<\/div>\n\t\t\t\t<\/div>\n\t\t\t\t<\/div>\n\t\t<div class=\"elementor-element elementor-element-c8bdfe5 e-con-full e-flex e-con e-child\" data-id=\"c8bdfe5\" data-element_type=\"container\" data-e-type=\"container\">\n\t\t\t\t<div class=\"elementor-element elementor-element-788d771 elementor-widget__width-inherit elementor-widget elementor-widget-heading\" data-id=\"788d771\" data-element_type=\"widget\" data-e-type=\"widget\" data-widget_type=\"heading.default\">\n\t\t\t\t<div class=\"elementor-widget-container\">\n\t\t\t\t\t<h1 class=\"elementor-heading-title elementor-size-default\">ADR Clase 4.3<\/h1>\t\t\t\t<\/div>\n\t\t\t\t<\/div>\n\t\t\t\t<div class=\"elementor-element elementor-element-2b3f300 elementor-widget elementor-widget-text-editor\" data-id=\"2b3f300\" data-element_type=\"widget\" data-e-type=\"widget\" data-widget_type=\"text-editor.default\">\n\t\t\t\t<div class=\"elementor-widget-container\">\n\t\t\t\t\t\t\t\t\tMaterias que en contacto con el agua liberan gases inflamables\t\t\t\t\t\t\t\t<\/div>\n\t\t\t\t<\/div>\n\t\t\t\t<div class=\"elementor-element elementor-element-24aa95f elementor-widget elementor-widget-text-editor\" data-id=\"24aa95f\" data-element_type=\"widget\" data-e-type=\"widget\" data-widget_type=\"text-editor.default\">\n\t\t\t\t<div class=\"elementor-widget-container\">\n\t\t\t\t\t\t\t\t\t<p>Se tratan de materias hidrorreactivas que desprenden gases inflamables que pueden formar mezclas explosivas con el aire.<\/p>\t\t\t\t\t\t\t\t<\/div>\n\t\t\t\t<\/div>\n\t\t\t\t<\/div>\n\t\t\t\t<\/div>\n\t\t\t\t\t<\/div>\n\t\t\t\t<\/div>\n\t\t<div class=\"elementor-element elementor-element-6e8c9bf e-flex e-con-boxed e-con e-parent\" data-id=\"6e8c9bf\" data-element_type=\"container\" data-e-type=\"container\" data-settings=\"{&quot;background_background&quot;:&quot;classic&quot;}\">\n\t\t\t\t\t<div class=\"e-con-inner\">\n\t\t\t\t<div class=\"elementor-element elementor-element-3e452a4 elementor-widget__width-inherit elementor-widget elementor-widget-heading\" data-id=\"3e452a4\" data-element_type=\"widget\" data-e-type=\"widget\" data-widget_type=\"heading.default\">\n\t\t\t\t<div class=\"elementor-widget-container\">\n\t\t\t\t\t<h2 class=\"elementor-heading-title elementor-size-default\">Clasificaci\u00f3n materias Clase 4.1<\/h2>\t\t\t\t<\/div>\n\t\t\t\t<\/div>\n\t\t\t\t<div class=\"elementor-element elementor-element-ce7a9c0 elementor-widget elementor-widget-text-editor\" data-id=\"ce7a9c0\" data-element_type=\"widget\" data-e-type=\"widget\" data-widget_type=\"text-editor.default\">\n\t\t\t\t<div class=\"elementor-widget-container\">\n\t\t\t\t\t\t\t\t\t<p>Las materias y objetos de la clase 4.3 se subdividen de la siguiente manera:<\/p>\t\t\t\t\t\t\t\t<\/div>\n\t\t\t\t<\/div>\n\t\t<div class=\"elementor-element elementor-element-a9d4a68 e-con-full e-flex e-con e-child\" data-id=\"a9d4a68\" data-element_type=\"container\" data-e-type=\"container\">\n\t\t<div class=\"elementor-element elementor-element-db5128d e-con-full e-flex e-con e-child\" data-id=\"db5128d\" data-element_type=\"container\" data-e-type=\"container\">\n\t\t\t\t<div class=\"elementor-element elementor-element-e60d7b3 elementor-widget elementor-widget-text-editor\" data-id=\"e60d7b3\" data-element_type=\"widget\" data-e-type=\"widget\" data-widget_type=\"text-editor.default\">\n\t\t\t\t<div class=\"elementor-widget-container\">\n\t\t\t\t\t\t\t\t\t<ul><li><strong>W<\/strong> Materias que en contacto con agua liberan gases inflamables sin riesgo subsidiario<ul><li><strong>W1<\/strong> L\u00edquidos<\/li><li><strong>W2<\/strong> S\u00f3lidos<\/li><li><strong>W3<\/strong> Objetos<\/li><\/ul><\/li><li><strong>WF1<\/strong> Materias l\u00edquidas que en contacto con agua liberan gases inflamables<\/li><li><strong>WF2<\/strong> Materias solidas que en contacto con agua liberan gases inflamables<\/li><li><strong>WS<\/strong> Materias que experimentan calentamiento espont\u00e1neo en contacto con agua libera gases inflamables, s\u00f3lidos<\/li><li><strong>WO<\/strong> Materias que en contacto con agua libera gases inflamables , comburentes, s\u00f3lidos.<\/li><\/ul>\t\t\t\t\t\t\t\t<\/div>\n\t\t\t\t<\/div>\n\t\t\t\t<\/div>\n\t\t<div class=\"elementor-element elementor-element-573b725 e-con-full e-flex e-con e-child\" data-id=\"573b725\" data-element_type=\"container\" data-e-type=\"container\">\n\t\t\t\t<div class=\"elementor-element elementor-element-83a3a5e elementor-widget elementor-widget-text-editor\" data-id=\"83a3a5e\" data-element_type=\"widget\" data-e-type=\"widget\" data-widget_type=\"text-editor.default\">\n\t\t\t\t<div class=\"elementor-widget-container\">\n\t\t\t\t\t\t\t\t\t<ul><li><strong>WT<\/strong> materias que en contacto con el agua liberan gases inflamables, t\u00f3xicas<ul><li><strong>WT1<\/strong> l\u00edquidos<\/li><li><strong>WT2<\/strong> s\u00f3lidos<\/li><\/ul><\/li><li><strong>WC<\/strong> Materias que en contacto con el agua liberan gases inflamables, corrosivas<ul><li><strong>WC1<\/strong> l\u00edquidos<\/li><li><strong>WC2<\/strong> s\u00f3lidos<\/li><\/ul><\/li><li><strong>WFC<\/strong> Materias que en contacto con el agua desprenden gases inflamables , inflamable y t\u00f3xica.<\/li><\/ul>\t\t\t\t\t\t\t\t<\/div>\n\t\t\t\t<\/div>\n\t\t\t\t<\/div>\n\t\t\t\t<\/div>\n\t\t\t\t<div class=\"elementor-element elementor-element-baacc76 elementor-widget elementor-widget-text-editor\" data-id=\"baacc76\" data-element_type=\"widget\" data-e-type=\"widget\" data-widget_type=\"text-editor.default\">\n\t\t\t\t<div class=\"elementor-widget-container\">\n\t\t\t\t\t\t\t\t\t<div class=\"column mcb-column mcb-item-ee5e270dc one tablet-one mobile-one column_column\"><div class=\"mcb-column-inner mcb-column-inner-ee5e270dc mcb-item-column-inner\"><div class=\"column_attr mfn-inline-editor clearfix\"><p>Las materias de la clase 4.3 se enumeran en la Tabla A 3.2, las que no se expresan se asignan ep\u00edgrafe colectivo seg\u00fan 2.2.43.3 de acuerdo a 2.1, aplicaremos el m\u00e9todo de ensayo descrito en 2.2.43.1.4 basado en el Manual de Pruebas i criterios bajo los siguientes criterios para asignar la clase:<\/p><ul><li>el gas desprendido se inflama espont\u00e1neamente<\/li><li>cuando se registre una p\u00e9rdida de gas inflamable 1litro\/Kilo materia durante una hora.<\/li><\/ul><p>En base al procedimiento de prueba seg\u00fan el Manual de Pruebas i Criterios y los criterios establecidos en 2.2.43.1.5 una materia expresamente mencionada en la tabla a del cap\u00edtulo 3.2 , puede ocurrir que el resultado de la prueba es tal que dicha materia no est\u00e9 sometida las condiciones de la presente clase aunque as\u00ed lo indica la tabla A.<\/p><\/div><\/div><\/div>\t\t\t\t\t\t\t\t<\/div>\n\t\t\t\t<\/div>\n\t\t\t\t\t<\/div>\n\t\t\t\t<\/div>\n\t\t<div class=\"elementor-element elementor-element-16d6a6b e-flex e-con-boxed e-con e-parent\" data-id=\"16d6a6b\" data-element_type=\"container\" data-e-type=\"container\" data-settings=\"{&quot;background_background&quot;:&quot;classic&quot;}\">\n\t\t\t\t\t<div class=\"e-con-inner\">\n\t\t\t\t<div class=\"elementor-element elementor-element-e5ed9b5 elementor-widget__width-inherit elementor-widget elementor-widget-heading\" data-id=\"e5ed9b5\" data-element_type=\"widget\" data-e-type=\"widget\" data-widget_type=\"heading.default\">\n\t\t\t\t<div class=\"elementor-widget-container\">\n\t\t\t\t\t<h2 class=\"elementor-heading-title elementor-size-default\">Grupos de embalaje de la clase 4.3<\/h2>\t\t\t\t<\/div>\n\t\t\t\t<\/div>\n\t\t\t\t<div class=\"elementor-element elementor-element-b409f46 elementor-widget elementor-widget-text-editor\" data-id=\"b409f46\" data-element_type=\"widget\" data-e-type=\"widget\" data-widget_type=\"text-editor.default\">\n\t\t\t\t<div class=\"elementor-widget-container\">\n\t\t\t\t\t\t\t\t\t<p>Los criterios para establecer los grupos de embalaje al igual que los criterios para establecer si pertenece a una clase son:<\/p>\t\t\t\t\t\t\t\t<\/div>\n\t\t\t\t<\/div>\n\t\t\t\t<div class=\"elementor-element elementor-element-a6cc023 elementor-widget elementor-widget-text-editor\" data-id=\"a6cc023\" data-element_type=\"widget\" data-e-type=\"widget\" data-widget_type=\"text-editor.default\">\n\t\t\t\t<div class=\"elementor-widget-container\">\n\t\t\t\t\t\t\t\t\t<ul><li>El grupo de embalaje I se le aplica a la materia que desprenda gas inflamable al contacto con el agua sea superior a 10litros \/kilo en un minuto<\/li><li>El grupo de embalaje II cuando el desprendimiento se igual o superior a 20 litros\/Kilo en una hora.<\/li><li>El grupo de embalaje III cuando el desprendimiento sea igual o superior a 1 litro\/Kilo en una hora<\/li><\/ul>\t\t\t\t\t\t\t\t<\/div>\n\t\t\t\t<\/div>\n\t\t\t\t\t<\/div>\n\t\t\t\t<\/div>\n\t\t\t\t<\/div>\n\t\t","protected":false},"excerpt":{"rendered":"<p>ADR Clase 4.3 Materias que en contacto con el agua liberan gases inflamables Se tratan de materias hidrorreactivas que desprenden [&hellip;]<\/p>\n","protected":false},"author":5,"featured_media":0,"parent":221,"menu_order":0,"comment_status":"closed","ping_status":"closed","template":"","meta":{"site-sidebar-layout":"no-sidebar","site-content-layout":"","ast-site-content-layout":"full-width-container","site-content-style":"default","site-sidebar-style":"default","ast-global-header-display":"","ast-banner-title-visibility":"","ast-main-header-display":"","ast-hfb-above-header-display":"","ast-hfb-below-header-display":"","ast-hfb-mobile-header-display":"","site-post-title":"disabled","ast-breadcrumbs-content":"","ast-featured-img":"disabled","footer-sml-layout":"","theme-transparent-header-meta":"","adv-header-id-meta":"","stick-header-meta":"","header-above-stick-meta":"","header-main-stick-meta":"","header-below-stick-meta":"","astra-migrate-meta-layouts":"default","ast-page-background-enabled":"default","ast-page-background-meta":{"desktop":{"background-color":"var(--ast-global-color-4)","background-image":"","background-repeat":"repeat","background-position":"center center","background-size":"auto","background-attachment":"scroll","background-type":"","background-media":"","overlay-type":"","overlay-color":"","overlay-opacity":"","overlay-gradient":""},"tablet":{"background-color":"","background-image":"","background-repeat":"repeat","background-position":"center center","background-size":"auto","background-attachment":"scroll","background-type":"","background-media":"","overlay-type":"","overlay-color":"","overlay-opacity":"","overlay-gradient":""},"mobile":{"background-color":"","background-image":"","background-repeat":"repeat","background-position":"center center","background-size":"auto","background-attachment":"scroll","background-type":"","background-media":"","overlay-type":"","overlay-color":"","overlay-opacity":"","overlay-gradient":""}},"ast-content-background-meta":{"desktop":{"background-color":"var(--ast-global-color-5)","background-image":"","background-repeat":"repeat","background-position":"center center","background-size":"auto","background-attachment":"scroll","background-type":"","background-media":"","overlay-type":"","overlay-color":"","overlay-opacity":"","overlay-gradient":""},"tablet":{"background-color":"var(--ast-global-color-5)","background-image":"","background-repeat":"repeat","background-position":"center center","background-size":"auto","background-attachment":"scroll","background-type":"","background-media":"","overlay-type":"","overlay-color":"","overlay-opacity":"","overlay-gradient":""},"mobile":{"background-color":"var(--ast-global-color-5)","background-image":"","background-repeat":"repeat","background-position":"center center","background-size":"auto","background-attachment":"scroll","background-type":"","background-media":"","overlay-type":"","overlay-color":"","overlay-opacity":"","overlay-gradient":""}},"footnotes":""},"class_list":["post-528","page","type-page","status-publish","hentry"],"_links":{"self":[{"href":"https:\/\/www.bdtrans.es\/es\/wp-json\/wp\/v2\/pages\/528","targetHints":{"allow":["GET"]}}],"collection":[{"href":"https:\/\/www.bdtrans.es\/es\/wp-json\/wp\/v2\/pages"}],"about":[{"href":"https:\/\/www.bdtrans.es\/es\/wp-json\/wp\/v2\/types\/page"}],"author":[{"embeddable":true,"href":"https:\/\/www.bdtrans.es\/es\/wp-json\/wp\/v2\/users\/5"}],"replies":[{"embeddable":true,"href":"https:\/\/www.bdtrans.es\/es\/wp-json\/wp\/v2\/comments?post=528"}],"version-history":[{"count":7,"href":"https:\/\/www.bdtrans.es\/es\/wp-json\/wp\/v2\/pages\/528\/revisions"}],"predecessor-version":[{"id":3022,"href":"https:\/\/www.bdtrans.es\/es\/wp-json\/wp\/v2\/pages\/528\/revisions\/3022"}],"up":[{"embeddable":true,"href":"https:\/\/www.bdtrans.es\/es\/wp-json\/wp\/v2\/pages\/221"}],"wp:attachment":[{"href":"https:\/\/www.bdtrans.es\/es\/wp-json\/wp\/v2\/media?parent=528"}],"curies":[{"name":"wp","href":"https:\/\/api.w.org\/{rel}","templated":true}]}}