{"id":519,"date":"2024-02-16T13:24:09","date_gmt":"2024-02-16T13:24:09","guid":{"rendered":"https:\/\/www.bdtrans.es\/?page_id=519"},"modified":"2024-03-04T08:35:08","modified_gmt":"2024-03-04T08:35:08","slug":"adr-clase-4-2","status":"publish","type":"page","link":"https:\/\/www.bdtrans.es\/es\/transporte-industrial-especializado-en-adr\/adr-clase-4-2\/","title":{"rendered":"ADR Clase 4.2"},"content":{"rendered":"\t\t<div data-elementor-type=\"wp-page\" data-elementor-id=\"519\" class=\"elementor elementor-519\" data-elementor-post-type=\"page\">\n\t\t\t\t<div class=\"elementor-element elementor-element-db582f0 e-flex e-con-boxed e-con e-parent\" data-id=\"db582f0\" data-element_type=\"container\" data-e-type=\"container\" data-settings=\"{&quot;background_background&quot;:&quot;classic&quot;}\">\n\t\t\t\t\t<div class=\"e-con-inner\">\n\t\t<div class=\"elementor-element elementor-element-8165a6c e-con-full e-flex e-con e-child\" data-id=\"8165a6c\" data-element_type=\"container\" data-e-type=\"container\">\n\t\t<div class=\"elementor-element elementor-element-88ba59f e-con-full e-flex e-con e-child\" data-id=\"88ba59f\" data-element_type=\"container\" data-e-type=\"container\">\n\t\t\t\t<div class=\"elementor-element elementor-element-b37f408 elementor-widget elementor-widget-image\" data-id=\"b37f408\" data-element_type=\"widget\" data-e-type=\"widget\" data-widget_type=\"image.default\">\n\t\t\t\t<div class=\"elementor-widget-container\">\n\t\t\t\t\t\t\t\t\t\t\t\t\t\t\t<img decoding=\"async\" width=\"180\" height=\"180\" src=\"https:\/\/www.bdtrans.es\/wp-content\/uploads\/2024\/02\/Clase-4.2.svg\" class=\"attachment-large size-large wp-image-70\" alt=\"\" \/>\t\t\t\t\t\t\t\t\t\t\t\t\t\t\t<\/div>\n\t\t\t\t<\/div>\n\t\t\t\t<\/div>\n\t\t<div class=\"elementor-element elementor-element-c8bdfe5 e-con-full e-flex e-con e-child\" data-id=\"c8bdfe5\" data-element_type=\"container\" data-e-type=\"container\">\n\t\t\t\t<div class=\"elementor-element elementor-element-788d771 elementor-widget__width-inherit elementor-widget elementor-widget-heading\" data-id=\"788d771\" data-element_type=\"widget\" data-e-type=\"widget\" data-widget_type=\"heading.default\">\n\t\t\t\t<div class=\"elementor-widget-container\">\n\t\t\t\t\t<h1 class=\"elementor-heading-title elementor-size-default\">ADR Clase 4.2<\/h1>\t\t\t\t<\/div>\n\t\t\t\t<\/div>\n\t\t\t\t<div class=\"elementor-element elementor-element-2b3f300 elementor-widget elementor-widget-text-editor\" data-id=\"2b3f300\" data-element_type=\"widget\" data-e-type=\"widget\" data-widget_type=\"text-editor.default\">\n\t\t\t\t<div class=\"elementor-widget-container\">\n\t\t\t\t\t\t\t\t\t<p>Las materias pirof\u00f3ricas, tanto las l\u00edquidas como las s\u00f3lidas, que en contacto con el aire se inflaman en un periodo de cinco minutos.<\/p>\t\t\t\t\t\t\t\t<\/div>\n\t\t\t\t<\/div>\n\t\t\t\t<div class=\"elementor-element elementor-element-24aa95f elementor-widget elementor-widget-text-editor\" data-id=\"24aa95f\" data-element_type=\"widget\" data-e-type=\"widget\" data-widget_type=\"text-editor.default\">\n\t\t\t\t<div class=\"elementor-widget-container\">\n\t\t\t\t\t\t\t\t\t<div class=\"column mcb-column mcb-item-jly2je5mi one tablet-one mobile-one column_column\"><div class=\"mcb-column-inner mcb-column-inner-jly2je5mi mcb-item-column-inner\"><div class=\"column_attr mfn-inline-editor clearfix\"><p>Las materias y objetos que experimentan calentamiento espont\u00e1neo que puedan calentarse cuando entran en contacto con el aire. Estas materias pueden inflamarse en grandes cantidades y despu\u00e9s de un largo periodo de tiempo.<\/p><\/div><\/div><\/div>\t\t\t\t\t\t\t\t<\/div>\n\t\t\t\t<\/div>\n\t\t\t\t<\/div>\n\t\t\t\t<\/div>\n\t\t\t\t\t<\/div>\n\t\t\t\t<\/div>\n\t\t<div class=\"elementor-element elementor-element-6e8c9bf e-flex e-con-boxed e-con e-parent\" data-id=\"6e8c9bf\" data-element_type=\"container\" data-e-type=\"container\" data-settings=\"{&quot;background_background&quot;:&quot;classic&quot;}\">\n\t\t\t\t\t<div class=\"e-con-inner\">\n\t\t\t\t<div class=\"elementor-element elementor-element-3e452a4 elementor-widget__width-inherit elementor-widget elementor-widget-heading\" data-id=\"3e452a4\" data-element_type=\"widget\" data-e-type=\"widget\" data-widget_type=\"heading.default\">\n\t\t\t\t<div class=\"elementor-widget-container\">\n\t\t\t\t\t<h2 class=\"elementor-heading-title elementor-size-default\">Clasificaci\u00f3n<\/h2>\t\t\t\t<\/div>\n\t\t\t\t<\/div>\n\t\t\t\t<div class=\"elementor-element elementor-element-ce7a9c0 elementor-widget elementor-widget-text-editor\" data-id=\"ce7a9c0\" data-element_type=\"widget\" data-e-type=\"widget\" data-widget_type=\"text-editor.default\">\n\t\t\t\t<div class=\"elementor-widget-container\">\n\t\t\t\t\t\t\t\t\t<p>Las materias y objetos de la clase 4.2 pueden clasificarse de la siguiente manera:<\/p>\t\t\t\t\t\t\t\t<\/div>\n\t\t\t\t<\/div>\n\t\t<div class=\"elementor-element elementor-element-a9d4a68 e-con-full e-flex e-con e-child\" data-id=\"a9d4a68\" data-element_type=\"container\" data-e-type=\"container\">\n\t\t<div class=\"elementor-element elementor-element-db5128d e-con-full e-flex e-con e-child\" data-id=\"db5128d\" data-element_type=\"container\" data-e-type=\"container\">\n\t\t\t\t<div class=\"elementor-element elementor-element-e60d7b3 elementor-widget elementor-widget-text-editor\" data-id=\"e60d7b3\" data-element_type=\"widget\" data-e-type=\"widget\" data-widget_type=\"text-editor.default\">\n\t\t\t\t<div class=\"elementor-widget-container\">\n\t\t\t\t\t\t\t\t\t<ul><li><strong>SC<\/strong> Materias que pueden experimentar inflamaci\u00f3n espontanea, corrosivas<ul><li><strong>SC1<\/strong> Materias org\u00e1nicas, corrosivas, liquidas<\/li><li><strong>SC2<\/strong> Materias org\u00e1nicas, corrosivas, solidas<\/li><li><strong>SC3<\/strong> Materias inorg\u00e1nicas, corrosivas, liquidas<\/li><li><strong>SC4<\/strong> Materias inorg\u00e1nicas, corrosivas, solidas<\/li><\/ul><\/li><li><strong>ST<\/strong> Materias que pueden experimentar inflamaci\u00f3n espont\u00e1nea, t\u00f3xicas<ul><li><strong>ST1<\/strong> Materias org\u00e1nicas, toxicas, liquidas<\/li><li><strong>ST2<\/strong> Materias org\u00e1nicas, toxicas, solidas<\/li><li><strong>ST3<\/strong> Materias inorg\u00e1nicas, toxicas, liquidas<\/li><li><strong>ST4<\/strong> Materias inorg\u00e1nicas, toxicas, solidas<\/li><\/ul><\/li><\/ul>\t\t\t\t\t\t\t\t<\/div>\n\t\t\t\t<\/div>\n\t\t\t\t<\/div>\n\t\t<div class=\"elementor-element elementor-element-573b725 e-con-full e-flex e-con e-child\" data-id=\"573b725\" data-element_type=\"container\" data-e-type=\"container\">\n\t\t\t\t<div class=\"elementor-element elementor-element-83a3a5e elementor-widget elementor-widget-text-editor\" data-id=\"83a3a5e\" data-element_type=\"widget\" data-e-type=\"widget\" data-widget_type=\"text-editor.default\">\n\t\t\t\t<div class=\"elementor-widget-container\">\n\t\t\t\t\t\t\t\t\t<ul><li><strong>S<\/strong> Materias que pueden experimentar inflamaci\u00f3n espont\u00e1nea al contacto con el aire<ul><li><strong>S1<\/strong> Materias org\u00e1nicas liquidas espont\u00e1neamente inflamables<\/li><li><strong>S2<\/strong> Materias org\u00e1nicas solidas<\/li><li><strong>S3<\/strong> Materias inorg\u00e1nicas liquidas<\/li><li><strong>S4<\/strong> Materias inorg\u00e1nicas solidas<\/li><li><strong>S5<\/strong> Materias organometalicas<\/li><\/ul><\/li><li><strong>SW<\/strong> Materias que pueden experimentar inflamaci\u00f3n espontanea liberando gases inflamables cuando entran en contacto con el agua<\/li><li><strong>SO<\/strong> Materias que pueden experimentar inflamaci\u00f3n espont\u00e1nea, comburentes.<\/li><\/ul>\t\t\t\t\t\t\t\t<\/div>\n\t\t\t\t<\/div>\n\t\t\t\t<\/div>\n\t\t\t\t<\/div>\n\t\t\t\t\t<\/div>\n\t\t\t\t<\/div>\n\t\t<div class=\"elementor-element elementor-element-16d6a6b e-flex e-con-boxed e-con e-parent\" data-id=\"16d6a6b\" data-element_type=\"container\" data-e-type=\"container\" data-settings=\"{&quot;background_background&quot;:&quot;classic&quot;}\">\n\t\t\t\t\t<div class=\"e-con-inner\">\n\t\t\t\t<div class=\"elementor-element elementor-element-e5ed9b5 elementor-widget__width-inherit elementor-widget elementor-widget-heading\" data-id=\"e5ed9b5\" data-element_type=\"widget\" data-e-type=\"widget\" data-widget_type=\"heading.default\">\n\t\t\t\t<div class=\"elementor-widget-container\">\n\t\t\t\t\t<h2 class=\"elementor-heading-title elementor-size-default\">Propiedades<\/h2>\t\t\t\t<\/div>\n\t\t\t\t<\/div>\n\t\t\t\t<div class=\"elementor-element elementor-element-b409f46 elementor-widget elementor-widget-text-editor\" data-id=\"b409f46\" data-element_type=\"widget\" data-e-type=\"widget\" data-widget_type=\"text-editor.default\">\n\t\t\t\t<div class=\"elementor-widget-container\">\n\t\t\t\t\t\t\t\t\t<p>El calentamiento espontaneo es provocado por el contacto del oxigeno del aire con la materia generando calor que no se disipa hacia el exterior. Este calor no disipado alcanza la temperatura de inflamaci\u00f3n espontanea.<\/p>\t\t\t\t\t\t\t\t<\/div>\n\t\t\t\t<\/div>\n\t\t\t\t<div class=\"elementor-element elementor-element-a6cc023 elementor-widget elementor-widget-text-editor\" data-id=\"a6cc023\" data-element_type=\"widget\" data-e-type=\"widget\" data-widget_type=\"text-editor.default\">\n\t\t\t\t<div class=\"elementor-widget-container\">\n\t\t\t\t\t\t\t\t\t<p>Las materias l\u00edquidas (pirof\u00f3ricas) espont\u00e1neamente inflamables:<\/p><ul><li>Cuando se inflamen a los cinco minutos del vertido sobre soporte inerte<\/li><li>O bien inflamen o carbonicen a los cinco minutos sobre soporte de papel filtro seco<\/li><\/ul><p>Las materias pirof\u00f3ricas se consideran del grupo de embalaje I.<\/p><p>Aquellas materias las cuales una muestra cubica de 10cm de lado, a 140\u00baC de temperatura, si en un periodo de 24 horas se observa inflamaci\u00f3n espontanea o un aumento de temperatura de m\u00e1s de 200\u00baC se clasificar\u00e1n en clase 4.2. Si la materia a tratar se prepara en una muestra cubica de 2.5 cm de lado a temperatura de ensayo de 140\u00baC durante 24 horas, se debe observar inflamaci\u00f3n espontanea o bien calentamiento superior a 200\u00baC., asignamos grupo de embalaje II. Si esta prueba no fructifica aplicamos una muestra cubica de 10 cm de lado a temperatura ensayo 140\u00baC durante un periodo de tiempo de 24 horas se asigna el grupo de embalaje III.<\/p><p>Las materias transportadas en bultos cuyo volumen no exceda de 3 m3 no se considerar\u00e1n de la clase 4.2 si se ha efectuado la prueba sobre una muestra c\u00fabica de 10 cm de lado a una temperatura de 120\u00baC y no manifiesta inflamaci\u00f3n espont\u00e1nea ni aumento de temperatura a m\u00e1s de 180\u00baC durante 24 horas.<\/p><p>Las materias transportadas en bultos en un volumen inferior a 450m3 no se consideran de la clase 4.2 si efectuando la prueba sobre una muestra c\u00fabica de 10 cm de lado a 100\u00baC no experimenta inflamaci\u00f3n espont\u00e1nea ni aumento de temperatura a 160\u00baC durante 24 horas.<\/p>\t\t\t\t\t\t\t\t<\/div>\n\t\t\t\t<\/div>\n\t\t\t\t\t<\/div>\n\t\t\t\t<\/div>\n\t\t<div class=\"elementor-element elementor-element-5087f47 e-flex e-con-boxed e-con e-parent\" data-id=\"5087f47\" data-element_type=\"container\" data-e-type=\"container\" data-settings=\"{&quot;background_background&quot;:&quot;classic&quot;}\">\n\t\t\t\t\t<div class=\"e-con-inner\">\n\t\t\t\t<div class=\"elementor-element elementor-element-f4081c5 elementor-widget__width-inherit elementor-widget elementor-widget-heading\" data-id=\"f4081c5\" data-element_type=\"widget\" data-e-type=\"widget\" data-widget_type=\"heading.default\">\n\t\t\t\t<div class=\"elementor-widget-container\">\n\t\t\t\t\t<h2 class=\"elementor-heading-title elementor-size-default\">Grupos de embalaje de la clase 4.2<\/h2>\t\t\t\t<\/div>\n\t\t\t\t<\/div>\n\t\t\t\t<div class=\"elementor-element elementor-element-5ff30e8 elementor-widget elementor-widget-text-editor\" data-id=\"5ff30e8\" data-element_type=\"widget\" data-e-type=\"widget\" data-widget_type=\"text-editor.default\">\n\t\t\t\t<div class=\"elementor-widget-container\">\n\t\t\t\t\t\t\t\t\t<p>Los criterios para establecer los grupos de embalaje al igual que los criterios para establecer si pertenece a una clase son:<\/p>\t\t\t\t\t\t\t\t<\/div>\n\t\t\t\t<\/div>\n\t\t<div class=\"elementor-element elementor-element-a9e6401 e-con-full e-flex e-con e-child\" data-id=\"a9e6401\" data-element_type=\"container\" data-e-type=\"container\">\n\t\t\t\t<div class=\"elementor-element elementor-element-b6c6b95 elementor-widget elementor-widget-text-editor\" data-id=\"b6c6b95\" data-element_type=\"widget\" data-e-type=\"widget\" data-widget_type=\"text-editor.default\">\n\t\t\t\t<div class=\"elementor-widget-container\">\n\t\t\t\t\t\t\t\t\t<ul><li>Las materias pirof\u00f3ricas deben incluirse en el grupo de embalaje I<\/li><li>Las materias que experimenten calentamiento espont\u00e1neo sobre una muestra c\u00fabica de 2.5 cm de lado a 140\u00baC durante 24 horas, si muestra inflamaci\u00f3n espont\u00e1nea o bien calentamiento de m\u00e1s de 200\u00baC, se considera del grupo de embalaje II.<\/li><li>\u00a0<\/li><\/ul>\t\t\t\t\t\t\t\t<\/div>\n\t\t\t\t<\/div>\n\t\t\t\t<div class=\"elementor-element elementor-element-cd3f5f9 elementor-widget elementor-widget-text-editor\" data-id=\"cd3f5f9\" data-element_type=\"widget\" data-e-type=\"widget\" data-widget_type=\"text-editor.default\">\n\t\t\t\t<div class=\"elementor-widget-container\">\n\t\t\t\t\t\t\t\t\t<ul><li>Las materias que experimentan calentamiento espont\u00e1neo, si sobre una muestra c\u00fabica de 2.5 cm se aplica una temperatura de 140\u00baC durante 24 horas no se observa inflamaci\u00f3n espont\u00e1nea o un aumento de la temperatura de 200\u00baC, pero si la muestra c\u00fabica pasa a 10cm de lado si se observa se considerar\u00e1 del grupo de embalaje III.<\/li><\/ul>\t\t\t\t\t\t\t\t<\/div>\n\t\t\t\t<\/div>\n\t\t\t\t<\/div>\n\t\t\t\t\t<\/div>\n\t\t\t\t<\/div>\n\t\t\t\t<\/div>\n\t\t","protected":false},"excerpt":{"rendered":"<p>ADR Clase 4.2 Las materias pirof\u00f3ricas, tanto las l\u00edquidas como las s\u00f3lidas, que en contacto con el aire se inflaman [&hellip;]<\/p>\n","protected":false},"author":5,"featured_media":0,"parent":221,"menu_order":0,"comment_status":"closed","ping_status":"closed","template":"","meta":{"site-sidebar-layout":"no-sidebar","site-content-layout":"","ast-site-content-layout":"full-width-container","site-content-style":"default","site-sidebar-style":"default","ast-global-header-display":"","ast-banner-title-visibility":"","ast-main-header-display":"","ast-hfb-above-header-display":"","ast-hfb-below-header-display":"","ast-hfb-mobile-header-display":"","site-post-title":"disabled","ast-breadcrumbs-content":"","ast-featured-img":"disabled","footer-sml-layout":"","theme-transparent-header-meta":"","adv-header-id-meta":"","stick-header-meta":"","header-above-stick-meta":"","header-main-stick-meta":"","header-below-stick-meta":"","astra-migrate-meta-layouts":"default","ast-page-background-enabled":"default","ast-page-background-meta":{"desktop":{"background-color":"var(--ast-global-color-4)","background-image":"","background-repeat":"repeat","background-position":"center center","background-size":"auto","background-attachment":"scroll","background-type":"","background-media":"","overlay-type":"","overlay-color":"","overlay-opacity":"","overlay-gradient":""},"tablet":{"background-color":"","background-image":"","background-repeat":"repeat","background-position":"center center","background-size":"auto","background-attachment":"scroll","background-type":"","background-media":"","overlay-type":"","overlay-color":"","overlay-opacity":"","overlay-gradient":""},"mobile":{"background-color":"","background-image":"","background-repeat":"repeat","background-position":"center center","background-size":"auto","background-attachment":"scroll","background-type":"","background-media":"","overlay-type":"","overlay-color":"","overlay-opacity":"","overlay-gradient":""}},"ast-content-background-meta":{"desktop":{"background-color":"var(--ast-global-color-5)","background-image":"","background-repeat":"repeat","background-position":"center center","background-size":"auto","background-attachment":"scroll","background-type":"","background-media":"","overlay-type":"","overlay-color":"","overlay-opacity":"","overlay-gradient":""},"tablet":{"background-color":"var(--ast-global-color-5)","background-image":"","background-repeat":"repeat","background-position":"center center","background-size":"auto","background-attachment":"scroll","background-type":"","background-media":"","overlay-type":"","overlay-color":"","overlay-opacity":"","overlay-gradient":""},"mobile":{"background-color":"var(--ast-global-color-5)","background-image":"","background-repeat":"repeat","background-position":"center center","background-size":"auto","background-attachment":"scroll","background-type":"","background-media":"","overlay-type":"","overlay-color":"","overlay-opacity":"","overlay-gradient":""}},"footnotes":""},"class_list":["post-519","page","type-page","status-publish","hentry"],"_links":{"self":[{"href":"https:\/\/www.bdtrans.es\/es\/wp-json\/wp\/v2\/pages\/519","targetHints":{"allow":["GET"]}}],"collection":[{"href":"https:\/\/www.bdtrans.es\/es\/wp-json\/wp\/v2\/pages"}],"about":[{"href":"https:\/\/www.bdtrans.es\/es\/wp-json\/wp\/v2\/types\/page"}],"author":[{"embeddable":true,"href":"https:\/\/www.bdtrans.es\/es\/wp-json\/wp\/v2\/users\/5"}],"replies":[{"embeddable":true,"href":"https:\/\/www.bdtrans.es\/es\/wp-json\/wp\/v2\/comments?post=519"}],"version-history":[{"count":10,"href":"https:\/\/www.bdtrans.es\/es\/wp-json\/wp\/v2\/pages\/519\/revisions"}],"predecessor-version":[{"id":3025,"href":"https:\/\/www.bdtrans.es\/es\/wp-json\/wp\/v2\/pages\/519\/revisions\/3025"}],"up":[{"embeddable":true,"href":"https:\/\/www.bdtrans.es\/es\/wp-json\/wp\/v2\/pages\/221"}],"wp:attachment":[{"href":"https:\/\/www.bdtrans.es\/es\/wp-json\/wp\/v2\/media?parent=519"}],"curies":[{"name":"wp","href":"https:\/\/api.w.org\/{rel}","templated":true}]}}