{"id":505,"date":"2024-02-16T11:32:07","date_gmt":"2024-02-16T11:32:07","guid":{"rendered":"https:\/\/www.bdtrans.es\/?page_id=505"},"modified":"2024-03-04T08:35:33","modified_gmt":"2024-03-04T08:35:33","slug":"adr-clase-3-liquidos-inflamables","status":"publish","type":"page","link":"https:\/\/www.bdtrans.es\/es\/transporte-industrial-especializado-en-adr\/adr-clase-3-liquidos-inflamables\/","title":{"rendered":"ADR Clase 3: L\u00edquidos inflamables"},"content":{"rendered":"\t\t<div data-elementor-type=\"wp-page\" data-elementor-id=\"505\" class=\"elementor elementor-505\" data-elementor-post-type=\"page\">\n\t\t\t\t<div class=\"elementor-element elementor-element-db582f0 e-flex e-con-boxed e-con e-parent\" data-id=\"db582f0\" data-element_type=\"container\" data-e-type=\"container\" data-settings=\"{&quot;background_background&quot;:&quot;classic&quot;}\">\n\t\t\t\t\t<div class=\"e-con-inner\">\n\t\t<div class=\"elementor-element elementor-element-8165a6c e-con-full e-flex e-con e-child\" data-id=\"8165a6c\" data-element_type=\"container\" data-e-type=\"container\">\n\t\t<div class=\"elementor-element elementor-element-88ba59f e-con-full e-flex e-con e-child\" data-id=\"88ba59f\" data-element_type=\"container\" data-e-type=\"container\">\n\t\t\t\t<div class=\"elementor-element elementor-element-fd035fa elementor-widget elementor-widget-image\" data-id=\"fd035fa\" data-element_type=\"widget\" data-e-type=\"widget\" data-widget_type=\"image.default\">\n\t\t\t\t<div class=\"elementor-widget-container\">\n\t\t\t\t\t\t\t\t\t\t\t\t\t\t\t<img decoding=\"async\" width=\"201\" height=\"200\" src=\"https:\/\/www.bdtrans.es\/wp-content\/uploads\/2024\/02\/Clase-4.svg\" class=\"attachment-large size-large wp-image-509\" alt=\"\" \/>\t\t\t\t\t\t\t\t\t\t\t\t\t\t\t<\/div>\n\t\t\t\t<\/div>\n\t\t\t\t<div class=\"elementor-element elementor-element-b37f408 elementor-widget elementor-widget-image\" data-id=\"b37f408\" data-element_type=\"widget\" data-e-type=\"widget\" data-widget_type=\"image.default\">\n\t\t\t\t<div class=\"elementor-widget-container\">\n\t\t\t\t\t\t\t\t\t\t\t\t\t\t\t<img decoding=\"async\" width=\"200\" height=\"200\" src=\"https:\/\/www.bdtrans.es\/wp-content\/uploads\/2024\/02\/Clase-3-Negro.svg\" class=\"attachment-large size-large wp-image-508\" alt=\"\" \/>\t\t\t\t\t\t\t\t\t\t\t\t\t\t\t<\/div>\n\t\t\t\t<\/div>\n\t\t\t\t<\/div>\n\t\t<div class=\"elementor-element elementor-element-c8bdfe5 e-con-full e-flex e-con e-child\" data-id=\"c8bdfe5\" data-element_type=\"container\" data-e-type=\"container\">\n\t\t\t\t<div class=\"elementor-element elementor-element-788d771 elementor-widget__width-inherit elementor-widget elementor-widget-heading\" data-id=\"788d771\" data-element_type=\"widget\" data-e-type=\"widget\" data-widget_type=\"heading.default\">\n\t\t\t\t<div class=\"elementor-widget-container\">\n\t\t\t\t\t<h1 class=\"elementor-heading-title elementor-size-default\">ADR Clase 3: L\u00edquidos inflamables<\/h1>\t\t\t\t<\/div>\n\t\t\t\t<\/div>\n\t\t\t\t<div class=\"elementor-element elementor-element-2b3f300 elementor-widget elementor-widget-text-editor\" data-id=\"2b3f300\" data-element_type=\"widget\" data-e-type=\"widget\" data-widget_type=\"text-editor.default\">\n\t\t\t\t<div class=\"elementor-widget-container\">\n\t\t\t\t\t\t\t\t\t<p>Este tipo de l\u00edquidos los vemos diariamente en las gasolineras o tiendas de bricolaje. Los m\u00e1s conocidos son la gasolina, barnices, adhesivos o el queroseno de los aviones. Seg\u00fan la normativa ADR, los l\u00edquidos inflamables son aquellos que:<\/p>\t\t\t\t\t\t\t\t<\/div>\n\t\t\t\t<\/div>\n\t\t\t\t<div class=\"elementor-element elementor-element-24aa95f elementor-widget elementor-widget-text-editor\" data-id=\"24aa95f\" data-element_type=\"widget\" data-e-type=\"widget\" data-widget_type=\"text-editor.default\">\n\t\t\t\t<div class=\"elementor-widget-container\">\n\t\t\t\t\t\t\t\t\t<div class=\"column mcb-column mcb-item-jly2je5mi one tablet-one mobile-one column_column\"><div class=\"mcb-column-inner mcb-column-inner-jly2je5mi mcb-item-column-inner\"><div class=\"column_attr mfn-inline-editor clearfix\"><ul><li>Su punto de fusi\u00f3n es igual o inferior a 20\u00baC a una presi\u00f3n atmosf\u00e9rica de 101,3kPa. Las materias viscosas a las que no podemos adjudicar un punto de fusi\u00f3n, se aplicar\u00e1 la prueba de la fluidez (prueba del penetr\u00f3metro).<\/li><li>A 50\u00baC presentan una presi\u00f3n de vapor igual o inferior a 300kPa (3 bares) y no sean completamente gaseosos a 20\u00baC y a la presi\u00f3n est\u00e1ndar de 101,3kPa.<\/li><li>Su punto de inflamaci\u00f3n sea igual o inferior a 60\u00baC.<\/li><\/ul><p>Tambi\u00e9n se incluyen las materias l\u00edquidas inflamables y las materias solidas a temperatura ambiente pero que al transportarse vayan a una temperatura igual o superior a su punto de inflamaci\u00f3n (superior a 60\u00baC). Estas materias se asignan normalmente al n\u00famero de ONU 3256.<\/p><\/div><\/div><\/div>\t\t\t\t\t\t\t\t<\/div>\n\t\t\t\t<\/div>\n\t\t\t\t<\/div>\n\t\t\t\t<\/div>\n\t\t\t\t\t<\/div>\n\t\t\t\t<\/div>\n\t\t<div class=\"elementor-element elementor-element-72083e5 e-flex e-con-boxed e-con e-parent\" data-id=\"72083e5\" data-element_type=\"container\" data-e-type=\"container\" data-settings=\"{&quot;background_background&quot;:&quot;classic&quot;}\">\n\t\t\t\t\t<div class=\"e-con-inner\">\n\t\t<div class=\"elementor-element elementor-element-85131e4 e-con-full e-flex e-con e-child\" data-id=\"85131e4\" data-element_type=\"container\" data-e-type=\"container\">\n\t\t<div class=\"elementor-element elementor-element-695f4d5 e-con-full e-flex e-con e-child\" data-id=\"695f4d5\" data-element_type=\"container\" data-e-type=\"container\">\n\t\t\t\t<div class=\"elementor-element elementor-element-b43a73b elementor-widget__width-inherit elementor-widget elementor-widget-heading\" data-id=\"b43a73b\" data-element_type=\"widget\" data-e-type=\"widget\" data-widget_type=\"heading.default\">\n\t\t\t\t<div class=\"elementor-widget-container\">\n\t\t\t\t\t<h2 class=\"elementor-heading-title elementor-size-default\">Materias explosivas desensibilizadas<\/h2>\t\t\t\t<\/div>\n\t\t\t\t<\/div>\n\t\t\t\t<div class=\"elementor-element elementor-element-32dfdde elementor-widget elementor-widget-text-editor\" data-id=\"32dfdde\" data-element_type=\"widget\" data-e-type=\"widget\" data-widget_type=\"text-editor.default\">\n\t\t\t\t<div class=\"elementor-widget-container\">\n\t\t\t\t\t\t\t\t\t<p>En la Clase 3 del reglamento ADR se incluyen tambi\u00e9n las materias liquidas explosivas desensibilizadas. Estas materias se preparan en una mezcla l\u00edquida homog\u00e9nea, ya sea en soluci\u00f3n o en suspensi\u00f3n en agua, y est\u00e1 exenta de propiedades explosivas.<\/p>\t\t\t\t\t\t\t\t<\/div>\n\t\t\t\t<\/div>\n\t\t\t\t<\/div>\n\t\t\t\t<\/div>\n\t\t\t\t\t<\/div>\n\t\t\t\t<\/div>\n\t\t<div class=\"elementor-element elementor-element-6e8c9bf e-flex e-con-boxed e-con e-parent\" data-id=\"6e8c9bf\" data-element_type=\"container\" data-e-type=\"container\" data-settings=\"{&quot;background_background&quot;:&quot;classic&quot;}\">\n\t\t\t\t\t<div class=\"e-con-inner\">\n\t\t\t\t<div class=\"elementor-element elementor-element-3e452a4 elementor-widget__width-inherit elementor-widget elementor-widget-heading\" data-id=\"3e452a4\" data-element_type=\"widget\" data-e-type=\"widget\" data-widget_type=\"heading.default\">\n\t\t\t\t<div class=\"elementor-widget-container\">\n\t\t\t\t\t<h2 class=\"elementor-heading-title elementor-size-default\">Divisiones de la Clase 3<\/h2>\t\t\t\t<\/div>\n\t\t\t\t<\/div>\n\t\t\t\t<div class=\"elementor-element elementor-element-ce7a9c0 elementor-widget elementor-widget-text-editor\" data-id=\"ce7a9c0\" data-element_type=\"widget\" data-e-type=\"widget\" data-widget_type=\"text-editor.default\">\n\t\t\t\t<div class=\"elementor-widget-container\">\n\t\t\t\t\t\t\t\t\t<p>Las materias y los objetos de la clase 3 se subdividen en:<\/p>\t\t\t\t\t\t\t\t<\/div>\n\t\t\t\t<\/div>\n\t\t<div class=\"elementor-element elementor-element-a9d4a68 e-con-full e-flex e-con e-child\" data-id=\"a9d4a68\" data-element_type=\"container\" data-e-type=\"container\">\n\t\t<div class=\"elementor-element elementor-element-db5128d e-con-full e-flex e-con e-child\" data-id=\"db5128d\" data-element_type=\"container\" data-e-type=\"container\">\n\t\t\t\t<div class=\"elementor-element elementor-element-e60d7b3 elementor-widget elementor-widget-text-editor\" data-id=\"e60d7b3\" data-element_type=\"widget\" data-e-type=\"widget\" data-widget_type=\"text-editor.default\">\n\t\t\t\t<div class=\"elementor-widget-container\">\n\t\t\t\t\t\t\t\t\t<ul><li>F<strong>:<\/strong> L\u00edquidos inflamables sin peligro subsidiario<ul><li><strong>F1<\/strong>: L\u00edquidos inflamables con un punto de inflamaci\u00f3n inferior o igual a 60\u00baC<\/li><li><strong>F2<\/strong>: L\u00edquidos inflamables con un punto de inflamaci\u00f3n superior a 60\u00baC, transportados o entregados a temperatura igual o superior al punto de inflamaci\u00f3n.<\/li><\/ul><\/li><li><strong>FT<\/strong><ul><li><strong>FT1<\/strong>: L\u00edquidos inflamables t\u00f3xicos<\/li><li><strong>FT2<\/strong>: Plaguicidas<\/li><\/ul><\/li><li><strong>FC<\/strong>: L\u00edquidos inflamables corrosivos<\/li><li><strong>FTC<\/strong>: L\u00edquidos inflamables t\u00f3xicos y corrosivos<\/li><li><strong>D<\/strong>: L\u00edquidos inflamables explosivos desensibilizados<\/li><\/ul>\t\t\t\t\t\t\t\t<\/div>\n\t\t\t\t<\/div>\n\t\t\t\t<\/div>\n\t\t<div class=\"elementor-element elementor-element-573b725 e-con-full e-flex e-con e-child\" data-id=\"573b725\" data-element_type=\"container\" data-e-type=\"container\">\n\t\t\t\t<div class=\"elementor-element elementor-element-83a3a5e elementor-widget elementor-widget-text-editor\" data-id=\"83a3a5e\" data-element_type=\"widget\" data-e-type=\"widget\" data-widget_type=\"text-editor.default\">\n\t\t\t\t<div class=\"elementor-widget-container\">\n\t\t\t\t\t\t\t\t\t<ul><li><strong>FC<\/strong>: L\u00edquidos inflamables corrosivos<\/li><li><strong>FTC<\/strong>: L\u00edquidos inflamables t\u00f3xicos y corrosivos<\/li><li><strong>D<\/strong>: L\u00edquidos inflamables explosivos desensibilizados<\/li><\/ul>\t\t\t\t\t\t\t\t<\/div>\n\t\t\t\t<\/div>\n\t\t\t\t<\/div>\n\t\t\t\t<\/div>\n\t\t\t\t\t<\/div>\n\t\t\t\t<\/div>\n\t\t<div class=\"elementor-element elementor-element-5087f47 e-flex e-con-boxed e-con e-parent\" data-id=\"5087f47\" data-element_type=\"container\" data-e-type=\"container\" data-settings=\"{&quot;background_background&quot;:&quot;classic&quot;}\">\n\t\t\t\t\t<div class=\"e-con-inner\">\n\t\t\t\t<div class=\"elementor-element elementor-element-f4081c5 elementor-widget__width-inherit elementor-widget elementor-widget-heading\" data-id=\"f4081c5\" data-element_type=\"widget\" data-e-type=\"widget\" data-widget_type=\"heading.default\">\n\t\t\t\t<div class=\"elementor-widget-container\">\n\t\t\t\t\t<h2 class=\"elementor-heading-title elementor-size-default\">Grupos de embalaje<\/h2>\t\t\t\t<\/div>\n\t\t\t\t<\/div>\n\t\t\t\t<div class=\"elementor-element elementor-element-5ff30e8 elementor-widget elementor-widget-text-editor\" data-id=\"5ff30e8\" data-element_type=\"widget\" data-e-type=\"widget\" data-widget_type=\"text-editor.default\">\n\t\t\t\t<div class=\"elementor-widget-container\">\n\t\t\t\t\t\t\t\t\t<p>Los l\u00edquidos inflamables deber\u00e1n adjudicarse los grupos de embalaje en funci\u00f3n del grado de peligro que suponga para el transporte.<\/p>\t\t\t\t\t\t\t\t<\/div>\n\t\t\t\t<\/div>\n\t\t<div class=\"elementor-element elementor-element-85cb6a1 e-con-full e-flex e-con e-child\" data-id=\"85cb6a1\" data-element_type=\"container\" data-e-type=\"container\">\n\t\t\t\t<div class=\"elementor-element elementor-element-ec1d449 elementor-widget elementor-widget-text-editor\" data-id=\"ec1d449\" data-element_type=\"widget\" data-e-type=\"widget\" data-widget_type=\"text-editor.default\">\n\t\t\t\t<div class=\"elementor-widget-container\">\n\t\t\t\t\t\t\t\t\t<table><thead><tr><th>Grupo de embalaje<\/th><th>Punto de inflamaci\u00f3n<\/th><th>Punto de ebullici\u00f3n<\/th><\/tr><\/thead><tbody><tr><td>I<\/td><td>&#8230;<\/td><td>\u2264 35\u00baC<\/td><\/tr><tr><td>II<\/td><td>&lt;23<\/td><td>&gt;35\u00baC<\/td><\/tr><tr><td>III<\/td><td>\u226423\u00baC y \u226460\u00baC<\/td><td>&gt;&gt;35\u00baC<\/td><\/tr><\/tbody><\/table>\t\t\t\t\t\t\t\t<\/div>\n\t\t\t\t<\/div>\n\t\t\t\t<\/div>\n\t\t\t\t\t<\/div>\n\t\t\t\t<\/div>\n\t\t<div class=\"elementor-element elementor-element-038b962 e-flex e-con-boxed e-con e-parent\" data-id=\"038b962\" data-element_type=\"container\" data-e-type=\"container\" data-settings=\"{&quot;background_background&quot;:&quot;classic&quot;}\">\n\t\t\t\t\t<div class=\"e-con-inner\">\n\t\t\t\t<div class=\"elementor-element elementor-element-6763fa0 elementor-widget__width-inherit elementor-widget elementor-widget-heading\" data-id=\"6763fa0\" data-element_type=\"widget\" data-e-type=\"widget\" data-widget_type=\"heading.default\">\n\t\t\t\t<div class=\"elementor-widget-container\">\n\t\t\t\t\t<h2 class=\"elementor-heading-title elementor-size-default\">Equipos de protecci\u00f3n personal para la Clase 3<\/h2>\t\t\t\t<\/div>\n\t\t\t\t<\/div>\n\t\t\t\t<div class=\"elementor-element elementor-element-814de4a elementor-widget elementor-widget-text-editor\" data-id=\"814de4a\" data-element_type=\"widget\" data-e-type=\"widget\" data-widget_type=\"text-editor.default\">\n\t\t\t\t<div class=\"elementor-widget-container\">\n\t\t\t\t\t\t\t\t\t<p>Cuando se manipulan materiales ADR de Clase 3 se debe ir correctamente equipado para estar preparado ante cualquier incidente que pueda ocurrir. La equipaci\u00f3n necesaria es:<\/p>\t\t\t\t\t\t\t\t<\/div>\n\t\t\t\t<\/div>\n\t\t<div class=\"elementor-element elementor-element-18979d9 e-con-full e-flex e-con e-child\" data-id=\"18979d9\" data-element_type=\"container\" data-e-type=\"container\">\n\t\t<div class=\"elementor-element elementor-element-c741e28 e-con-full e-flex e-con e-child\" data-id=\"c741e28\" data-element_type=\"container\" data-e-type=\"container\">\n\t\t\t\t<div class=\"elementor-element elementor-element-b013c7f elementor-widget elementor-widget-text-editor\" data-id=\"b013c7f\" data-element_type=\"widget\" data-e-type=\"widget\" data-widget_type=\"text-editor.default\">\n\t\t\t\t<div class=\"elementor-widget-container\">\n\t\t\t\t\t\t\t\t\t<ul><li>Pantalla facial<\/li><li>Equipos de protecci\u00f3n respiratoria, tanto nasales como faciales<\/li><\/ul>\t\t\t\t\t\t\t\t<\/div>\n\t\t\t\t<\/div>\n\t\t\t\t<div class=\"elementor-element elementor-element-6894bf0 elementor-widget elementor-widget-text-editor\" data-id=\"6894bf0\" data-element_type=\"widget\" data-e-type=\"widget\" data-widget_type=\"text-editor.default\">\n\t\t\t\t<div class=\"elementor-widget-container\">\n\t\t\t\t\t\t\t\t\t<p>Durante el trasvase de l\u00edquidos inflamables se genera electricidad est\u00e1tica y su formaci\u00f3n es inevitable. La acumulaci\u00f3n de cargas electrost\u00e1ticas es la suma de dos componentes y la disipaci\u00f3n es la capacidad de la materia de recombinarse ella misma sin necesidad de generar peligros potenciales.<\/p>\t\t\t\t\t\t\t\t<\/div>\n\t\t\t\t<\/div>\n\t\t\t\t<\/div>\n\t\t<div class=\"elementor-element elementor-element-b16c428 e-con-full e-flex e-con e-child\" data-id=\"b16c428\" data-element_type=\"container\" data-e-type=\"container\">\n\t\t\t\t<div class=\"elementor-element elementor-element-089a41c elementor-widget elementor-widget-text-editor\" data-id=\"089a41c\" data-element_type=\"widget\" data-e-type=\"widget\" data-widget_type=\"text-editor.default\">\n\t\t\t\t<div class=\"elementor-widget-container\">\n\t\t\t\t\t\t\t\t\t<ul><li>Guantes de protecci\u00f3n antiest\u00e1tico<\/li><li>Protecci\u00f3n corporal qu\u00edmica antiest\u00e1tica<\/li><\/ul>\t\t\t\t\t\t\t\t<\/div>\n\t\t\t\t<\/div>\n\t\t\t\t<div class=\"elementor-element elementor-element-a5d3694 elementor-widget elementor-widget-text-editor\" data-id=\"a5d3694\" data-element_type=\"widget\" data-e-type=\"widget\" data-widget_type=\"text-editor.default\">\n\t\t\t\t<div class=\"elementor-widget-container\">\n\t\t\t\t\t\t\t\t\t<p>Cuando se manipulan materias que presentan un punto de inflamaci\u00f3n igual o inferior a 61\u00baC, la instalaci\u00f3n deber\u00e1 disponer de una correcta conductividad el\u00e9ctrica. Las conexiones equipotenciales y tomas de tierra deben existir en toda la planta para disipar cargas el\u00e9ctricas y reconducirlas a tierra minimizando potenciales peligros.<\/p>\t\t\t\t\t\t\t\t<\/div>\n\t\t\t\t<\/div>\n\t\t\t\t<\/div>\n\t\t\t\t<\/div>\n\t\t\t\t\t<\/div>\n\t\t\t\t<\/div>\n\t\t<div class=\"elementor-element elementor-element-c7cb2c6 e-flex e-con-boxed e-con e-parent\" data-id=\"c7cb2c6\" data-element_type=\"container\" data-e-type=\"container\" data-settings=\"{&quot;background_background&quot;:&quot;classic&quot;}\">\n\t\t\t\t\t<div class=\"e-con-inner\">\n\t\t\t\t<div class=\"elementor-element elementor-element-7c90dc2 elementor-widget__width-inherit elementor-widget elementor-widget-heading\" data-id=\"7c90dc2\" data-element_type=\"widget\" data-e-type=\"widget\" data-widget_type=\"heading.default\">\n\t\t\t\t<div class=\"elementor-widget-container\">\n\t\t\t\t\t<h2 class=\"elementor-heading-title elementor-size-default\">Etiquetado de bultos<\/h2>\t\t\t\t<\/div>\n\t\t\t\t<\/div>\n\t\t\t\t<div class=\"elementor-element elementor-element-6c6781f elementor-widget elementor-widget-text-editor\" data-id=\"6c6781f\" data-element_type=\"widget\" data-e-type=\"widget\" data-widget_type=\"text-editor.default\">\n\t\t\t\t<div class=\"elementor-widget-container\">\n\t\t\t\t\t\t\t\t\t<p>Los productos qu\u00edmicos a presi\u00f3n se les asignan los grupos siguientes en funci\u00f3n de las propiedades peligrosas que presenten:<\/p>\t\t\t\t\t\t\t\t<\/div>\n\t\t\t\t<\/div>\n\t\t\t\t<div class=\"elementor-element elementor-element-968c911 elementor-widget elementor-widget-text-editor\" data-id=\"968c911\" data-element_type=\"widget\" data-e-type=\"widget\" data-widget_type=\"text-editor.default\">\n\t\t\t\t<div class=\"elementor-widget-container\">\n\t\t\t\t\t\t\t\t\t<p>Los l\u00edquidos viscosos inflamables, tales como pinturas, esmaltes, lacas, barnices o adhesivos que presenten un punto de inflamaci\u00f3n inferior a 23\u00baC pueden incluirse en el grupo de embalaje III, si se cumplen las siguientes condiciones:<\/p>\t\t\t\t\t\t\t\t<\/div>\n\t\t\t\t<\/div>\n\t\t<div class=\"elementor-element elementor-element-0480e26 e-con-full e-flex e-con e-child\" data-id=\"0480e26\" data-element_type=\"container\" data-e-type=\"container\">\n\t\t<div class=\"elementor-element elementor-element-95786c1 e-con-full e-flex e-con e-child\" data-id=\"95786c1\" data-element_type=\"container\" data-e-type=\"container\">\n\t\t\t\t<div class=\"elementor-element elementor-element-1da8e92 elementor-widget elementor-widget-text-editor\" data-id=\"1da8e92\" data-element_type=\"widget\" data-e-type=\"widget\" data-widget_type=\"text-editor.default\">\n\t\t\t\t<div class=\"elementor-widget-container\">\n\t\t\t\t\t\t\t\t\t<ul><li>En la prueba de separaci\u00f3n del disolvente, la capa separada de disolvente sea inferior al 3%<\/li><li>La mezcla no contenga ninguna sustancia que presente un peligro primario o secundario de la divisi\u00f3n 6.1 o clase 8<\/li><\/ul>\t\t\t\t\t\t\t\t<\/div>\n\t\t\t\t<\/div>\n\t\t\t\t<\/div>\n\t\t<div class=\"elementor-element elementor-element-cf3237a e-con-full e-flex e-con e-child\" data-id=\"cf3237a\" data-element_type=\"container\" data-e-type=\"container\">\n\t\t\t\t<div class=\"elementor-element elementor-element-18ac629 elementor-widget elementor-widget-text-editor\" data-id=\"18ac629\" data-element_type=\"widget\" data-e-type=\"widget\" data-widget_type=\"text-editor.default\">\n\t\t\t\t<div class=\"elementor-widget-container\">\n\t\t\t\t\t\t\t\t\t<ul><li>Que la capacidad del recipiente utilizado no sea superior a 450 litros<\/li><li>Que la viscosidad y el punto de inflamaci\u00f3n se ajusten al siguiente cuadro:<\/li><\/ul>\t\t\t\t\t\t\t\t<\/div>\n\t\t\t\t<\/div>\n\t\t\t\t<\/div>\n\t\t\t\t<\/div>\n\t\t<div class=\"elementor-element elementor-element-9bb7d78 e-con-full e-flex e-con e-child\" data-id=\"9bb7d78\" data-element_type=\"container\" data-e-type=\"container\">\n\t\t\t\t<div class=\"elementor-element elementor-element-300df2b elementor-widget elementor-widget-text-editor\" data-id=\"300df2b\" data-element_type=\"widget\" data-e-type=\"widget\" data-widget_type=\"text-editor.default\">\n\t\t\t\t<div class=\"elementor-widget-container\">\n\t\t\t\t\t\t\t\t\t<table><thead><tr><th>Tiempo de flujo t (s)<\/th><th>Di\u00e1metro de la boquilla (mm)<\/th><th>Punto de inflamaci\u00f3n (\u00baC)<\/th><\/tr><\/thead><tbody><tr><td>20&lt;t\u226460&lt; td=\u00bb\u00bb&gt;&lt;\/t\u226460&lt;&gt;<\/td><td>4<\/td><td>Superior a 17<\/td><\/tr><tr><td>60&lt;t\u2264100&lt; td=\u00bb\u00bb&gt;&lt;\/t\u2264100&lt;&gt;<\/td><td>4<\/td><td>Superior a 10<\/td><\/tr><tr><td>20&lt;t\u226432&lt; td=\u00bb\u00bb&gt;&lt;\/t\u226432&lt;&gt;<\/td><td>6<\/td><td>Superior a 5<\/td><\/tr><tr><td>32&lt;t\u226444&lt; td=\u00bb\u00bb&gt;&lt;\/t\u226444&lt;&gt;<\/td><td>6<\/td><td>Superior a -1<\/td><\/tr><tr><td>44&lt;t\u2264100&lt; td=\u00bb\u00bb&gt;&lt;\/t\u2264100&lt;&gt;<\/td><td>6<\/td><td>Superior a -5<\/td><\/tr><tr><td>100&lt;t&lt; td=\u00bb\u00bb&gt;&lt;\/t&lt;&gt;<\/td><td>6<\/td><td>-5 o inferior<\/td><\/tr><\/tbody><\/table>\t\t\t\t\t\t\t\t<\/div>\n\t\t\t\t<\/div>\n\t\t\t\t<\/div>\n\t\t<div class=\"elementor-element elementor-element-02fb315 e-con-full e-flex e-con e-child\" data-id=\"02fb315\" data-element_type=\"container\" data-e-type=\"container\">\n\t\t\t\t<div class=\"elementor-element elementor-element-752b622 elementor-widget elementor-widget-text-editor\" data-id=\"752b622\" data-element_type=\"widget\" data-e-type=\"widget\" data-widget_type=\"text-editor.default\">\n\t\t\t\t<div class=\"elementor-widget-container\">\n\t\t\t\t\t\t\t\t\t<p>Los l\u00edquidos viscosos no estar\u00e1n sujetos a ninguna disposici\u00f3n de la normativa ADR si se transportan en envases simples o combinados, de una capacidad inferior o igual a 5 litros y siempre y cuando los envases cumplan con las disposiciones generales 4.1.1, 4.1.2 y 4.1.1.4 a 4.1.1.8.<br \/>2.2.3.1.7: \u201c Aun aplicando los procedimientos de ensayo tanto para el punto de inflamaci\u00f3n como el de la viscosidad y admitiendo los criterios de inflamabilidad de la clase 3 para una soluci\u00f3n o una mezcla expresamente mencionada o bien que contenga la materia principal que sea mencionada en la Tabla 3A puede ocurrir que la soluci\u00f3n o mezcla no est\u00e9n sujetas a las presentes disposiciones de dicha clase 3.\u201d<\/p>\t\t\t\t\t\t\t\t<\/div>\n\t\t\t\t<\/div>\n\t\t\t\t<\/div>\n\t\t\t\t\t<\/div>\n\t\t\t\t<\/div>\n\t\t\t\t<\/div>\n\t\t","protected":false},"excerpt":{"rendered":"<p>ADR Clase 3: L\u00edquidos inflamables Este tipo de l\u00edquidos los vemos diariamente en las gasolineras o tiendas de bricolaje. Los [&hellip;]<\/p>\n","protected":false},"author":5,"featured_media":0,"parent":221,"menu_order":0,"comment_status":"closed","ping_status":"closed","template":"","meta":{"site-sidebar-layout":"no-sidebar","site-content-layout":"","ast-site-content-layout":"full-width-container","site-content-style":"default","site-sidebar-style":"default","ast-global-header-display":"","ast-banner-title-visibility":"","ast-main-header-display":"","ast-hfb-above-header-display":"","ast-hfb-below-header-display":"","ast-hfb-mobile-header-display":"","site-post-title":"disabled","ast-breadcrumbs-content":"","ast-featured-img":"disabled","footer-sml-layout":"","theme-transparent-header-meta":"","adv-header-id-meta":"","stick-header-meta":"","header-above-stick-meta":"","header-main-stick-meta":"","header-below-stick-meta":"","astra-migrate-meta-layouts":"default","ast-page-background-enabled":"default","ast-page-background-meta":{"desktop":{"background-color":"var(--ast-global-color-4)","background-image":"","background-repeat":"repeat","background-position":"center center","background-size":"auto","background-attachment":"scroll","background-type":"","background-media":"","overlay-type":"","overlay-color":"","overlay-opacity":"","overlay-gradient":""},"tablet":{"background-color":"","background-image":"","background-repeat":"repeat","background-position":"center center","background-size":"auto","background-attachment":"scroll","background-type":"","background-media":"","overlay-type":"","overlay-color":"","overlay-opacity":"","overlay-gradient":""},"mobile":{"background-color":"","background-image":"","background-repeat":"repeat","background-position":"center center","background-size":"auto","background-attachment":"scroll","background-type":"","background-media":"","overlay-type":"","overlay-color":"","overlay-opacity":"","overlay-gradient":""}},"ast-content-background-meta":{"desktop":{"background-color":"var(--ast-global-color-5)","background-image":"","background-repeat":"repeat","background-position":"center center","background-size":"auto","background-attachment":"scroll","background-type":"","background-media":"","overlay-type":"","overlay-color":"","overlay-opacity":"","overlay-gradient":""},"tablet":{"background-color":"var(--ast-global-color-5)","background-image":"","background-repeat":"repeat","background-position":"center center","background-size":"auto","background-attachment":"scroll","background-type":"","background-media":"","overlay-type":"","overlay-color":"","overlay-opacity":"","overlay-gradient":""},"mobile":{"background-color":"var(--ast-global-color-5)","background-image":"","background-repeat":"repeat","background-position":"center center","background-size":"auto","background-attachment":"scroll","background-type":"","background-media":"","overlay-type":"","overlay-color":"","overlay-opacity":"","overlay-gradient":""}},"footnotes":""},"class_list":["post-505","page","type-page","status-publish","hentry"],"_links":{"self":[{"href":"https:\/\/www.bdtrans.es\/es\/wp-json\/wp\/v2\/pages\/505","targetHints":{"allow":["GET"]}}],"collection":[{"href":"https:\/\/www.bdtrans.es\/es\/wp-json\/wp\/v2\/pages"}],"about":[{"href":"https:\/\/www.bdtrans.es\/es\/wp-json\/wp\/v2\/types\/page"}],"author":[{"embeddable":true,"href":"https:\/\/www.bdtrans.es\/es\/wp-json\/wp\/v2\/users\/5"}],"replies":[{"embeddable":true,"href":"https:\/\/www.bdtrans.es\/es\/wp-json\/wp\/v2\/comments?post=505"}],"version-history":[{"count":7,"href":"https:\/\/www.bdtrans.es\/es\/wp-json\/wp\/v2\/pages\/505\/revisions"}],"predecessor-version":[{"id":3031,"href":"https:\/\/www.bdtrans.es\/es\/wp-json\/wp\/v2\/pages\/505\/revisions\/3031"}],"up":[{"embeddable":true,"href":"https:\/\/www.bdtrans.es\/es\/wp-json\/wp\/v2\/pages\/221"}],"wp:attachment":[{"href":"https:\/\/www.bdtrans.es\/es\/wp-json\/wp\/v2\/media?parent=505"}],"curies":[{"name":"wp","href":"https:\/\/api.w.org\/{rel}","templated":true}]}}