{"id":494,"date":"2024-02-16T10:55:53","date_gmt":"2024-02-16T10:55:53","guid":{"rendered":"https:\/\/www.bdtrans.es\/?page_id=494"},"modified":"2026-02-04T06:50:13","modified_gmt":"2026-02-04T06:50:13","slug":"politica-de-cookies","status":"publish","type":"page","link":"https:\/\/www.bdtrans.es\/es\/politica-de-cookies\/","title":{"rendered":"Pol\u00edtica de cookies"},"content":{"rendered":"\t\t<div data-elementor-type=\"wp-page\" data-elementor-id=\"494\" class=\"elementor elementor-494\" data-elementor-post-type=\"page\">\n\t\t\t\t<div class=\"elementor-element elementor-element-c844fd4 e-flex e-con-boxed e-con e-parent\" data-id=\"c844fd4\" data-element_type=\"container\" data-e-type=\"container\" data-settings=\"{&quot;background_background&quot;:&quot;classic&quot;}\">\n\t\t\t\t\t<div class=\"e-con-inner\">\n\t\t\t\t<div class=\"elementor-element elementor-element-9ec9fe2 elementor-widget__width-initial elementor-widget elementor-widget-heading\" data-id=\"9ec9fe2\" data-element_type=\"widget\" data-e-type=\"widget\" data-widget_type=\"heading.default\">\n\t\t\t\t<div class=\"elementor-widget-container\">\n\t\t\t\t\t<h1 class=\"elementor-heading-title elementor-size-default\">Pol\u00edtica de cookies<\/h1>\t\t\t\t<\/div>\n\t\t\t\t<\/div>\n\t\t\t\t\t<\/div>\n\t\t\t\t<\/div>\n\t\t<div class=\"elementor-element elementor-element-0cd3b36 e-flex e-con-boxed e-con e-parent\" data-id=\"0cd3b36\" data-element_type=\"container\" data-e-type=\"container\" data-settings=\"{&quot;background_background&quot;:&quot;classic&quot;}\">\n\t\t\t\t\t<div class=\"e-con-inner\">\n\t\t\t\t<div class=\"elementor-element elementor-element-54e08ca elementor-widget__width-inherit elementor-widget elementor-widget-text-editor\" data-id=\"54e08ca\" data-element_type=\"widget\" data-e-type=\"widget\" data-widget_type=\"text-editor.default\">\n\t\t\t\t<div class=\"elementor-widget-container\">\n\t\t\t\t\t\t\t\t\t<div class=\"column mcb-column mcb-item-020be0917 one tablet-one mobile-one column_column\"><div class=\"mcb-column-inner mcb-column-inner-020be0917 mcb-item-column-inner\"><div class=\"column_attr mfn-inline-editor clearfix align_left\"><p><strong>POL\u00cdTICA DE COOKIES<\/strong><\/p><p>El responsable del sitio web <a href=\"https:\/\/www.bdtrans.es\/en\/\">https:\/\/www.bdtrans.es\/en\/<\/a> (el \u201cSitio Web\u201d) es ADR TRANS, S.L. que puede utilizar una tecnolog\u00eda denominada \u201ccookies\u201d con la finalidad de poder recabar informaci\u00f3n acerca del uso del Sitio Web. Le informamos de que podr\u00edamos utilizar cookies con la finalidad de facilitar su navegaci\u00f3n a trav\u00e9s del Sitio Web, distinguirle de otros usuarios, proporcionarle una mejor experiencia en el uso de este, e identificar problemas para mejorar nuestro Sitio Web. Asimismo, en caso de que prestara su consentimiento, podr\u00edamos utilizar cookies que nos permitieran obtener m\u00e1s informaci\u00f3n acerca de sus preferencias y personalizar nuestro Sitio Web de conformidad con sus intereses individuales.<\/p><p>La presente pol\u00edtica de cookies tiene por finalidad informarle de manera clara y precisa sobre las cookies que se utilizan en nuestro Sitio Web en cada momento. En caso de que quiera recabar m\u00e1s informaci\u00f3n sobre las cookies que utilizamos en el Sitio Web, puede enviar un correo electr\u00f3nico a la siguiente direcci\u00f3n: <a href=\"mailto:rgpd@grupbarcelonesa.com\">rgpd@grupbarcelonesa.com<\/a><\/p><p><strong>COOKIES<\/strong><\/p><p>Una cookie es un archivo que se descarga en su equipo (ordenador o dispositivo m\u00f3vil) con la finalidad de almacenar datos que podr\u00e1n ser actualizados y recuperados por la entidad responsable de su instalaci\u00f3n.<\/p><p>La informaci\u00f3n recabada a trav\u00e9s de las cookies puede incluir la fecha y hora de visitas al Sitio Web, las p\u00e1ginas visionadas, el tiempo que ha estado en nuestro sitio Web y los sitios visitados justo antes y despu\u00e9s del mismo.<\/p><p><strong>TIPO DE COOKIES QUE SE PUEDEN USAR EN EL SITIO WEB.<\/strong><\/p><p><strong>Cookies de sesi\u00f3n:<\/strong><\/p><p>Son aquellas cookies que son enviadas a su ordenador y gestionadas exclusivamente por nosotros para el mejor funcionamiento de la Web. La informaci\u00f3n que recabamos se emplea para mejorar la calidad de nuestro servicio y su experiencia como usuario.<\/p><p><strong>Cookies persistentes:<\/strong><\/p><p>Estas cookies permanecen en su navegador m\u00e1s tiempo, permiti\u00e9ndonos reconocerle como visitante recurrente del Sitio Web y adaptar el contenido para ofrecerle contenidos que se ajusten a sus preferencias.<\/p><p><strong>Cookies funcionales o t\u00e9cnicas:<\/strong><\/p><p>Estas cookies permiten la navegaci\u00f3n del usuario a trav\u00e9s de la Web y la utilizaci\u00f3n de las diferentes opciones o servicios que en ella existan, como por ejemplo controlar el tr\u00e1fico y la comunicaci\u00f3n de datos, identificar la sesi\u00f3n, contar visitas, utilizar elementos de seguridad durante la navegaci\u00f3n.<\/p><p><strong>Cookies de preferencias o personalizaci\u00f3n:<\/strong><\/p><p>Estas cookies permiten recordar informaci\u00f3n para que el usuario acceda al servicio con determinadas caracter\u00edsticas que pueden diferenciar su experiencia de la de otros usuarios, como por ejemplo el idioma, el aspecto o contenido del servicio en funci\u00f3n del tipo de navegador a trav\u00e9s del cual el usuario accede al servicio o de la regi\u00f3n desde la que se accede.<\/p><p><strong>Cookies anal\u00edticas o de medici\u00f3n:<\/strong><\/p><p>Son aquellas que, tratadas por nosotros o por terceros, nos permiten cuantificar el n\u00famero de usuarios y as\u00ed realizar la medici\u00f3n y an\u00e1lisis estad\u00edstico de la utilizaci\u00f3n que hacen los usuarios de los servicios ofertados. Para ello se analiza su navegaci\u00f3n en nuestra Web con el fin de mejorar la oferta de nuestros productos o servicios que le ofrecemos.<\/p><p><strong>Cookies de marketing u otras:<\/strong><\/p><p>Son aquellas que, tratadas por nosotros o por terceros, nos permiten analizar sus h\u00e1bitos de navegaci\u00f3n en Internet para que podamos mostrarle publicidad relacionada con su perfil de navegaci\u00f3n.<\/p><p>En concreto, actualmente utilizamos las siguientes cookies:<\/p><p><img fetchpriority=\"high\" decoding=\"async\" class=\"alignnone size-full wp-image-6406\" src=\"https:\/\/www.bdtrans.es\/wp-content\/uploads\/2026\/02\/cookies-bdtrans.jpg\" alt=\"cookies\" width=\"1434\" height=\"544\" srcset=\"https:\/\/www.bdtrans.es\/wp-content\/uploads\/2026\/02\/cookies-bdtrans.jpg 1434w, https:\/\/www.bdtrans.es\/wp-content\/uploads\/2026\/02\/cookies-bdtrans-300x114.jpg 300w, https:\/\/www.bdtrans.es\/wp-content\/uploads\/2026\/02\/cookies-bdtrans-1024x388.jpg 1024w, https:\/\/www.bdtrans.es\/wp-content\/uploads\/2026\/02\/cookies-bdtrans-768x291.jpg 768w\" sizes=\"(max-width: 1434px) 100vw, 1434px\" \/><\/p><p><strong>CONSENTIMIENTO<\/strong><\/p><p>Cuando entre por primera vez en nuestra web le aparecer\u00e1 un banner para que pueda acceder y conocer las cookies que utiliza nuestra web y, en su caso, consentir su uso. En caso de no aceptar las cookies, \u00fanicamente ser\u00e1n instaladas en su equipo las cookies t\u00e9cnicas que son las estrictamente necesarias para el funcionamiento del Sitio Web.<\/p><p><strong>DESHABILITAR Y BLOQUEAR COOKIES O RETIRAR MI CONSENTIMIENTO.<\/strong><\/p><p>En cualquier caso, le informamos de que, dado que las cookies no Funcionales, no son imprescindibles para el uso de nuestro Sitio Web, puede bloquearlas o deshabilitarlas, adem\u00e1s, activando la configuraci\u00f3n de su navegador que le permite rechazar la instalaci\u00f3n de todas las cookies o de algunas de ellas. La pr\u00e1ctica mayor\u00eda de los navegadores permiten advertir de la presencia de cookies o rechazarlas autom\u00e1ticamente. Si las rechaza podr\u00e1 seguir usando nuestro Sitio Web, aunque el uso de algunos de sus servicios podr\u00e1 ser limitado y por tanto su experiencia en nuestro Sitio Web menos satisfactoria. Para m\u00e1s informaci\u00f3n sobre la eliminaci\u00f3n, deshabilitaci\u00f3n o bloqueo de las cookies por favor visite:<\/p><p><a href=\"http:\/\/www.aboutcookies.org\/Default.aspx?page=2\">http:\/\/www.aboutcookies.org\/Default.aspx?page=2<\/a><\/p><p>Igualmente puede encontrar informaci\u00f3n sobre c\u00f3mo hacerlo en los siguientes enlaces dependiendo del navegador que utilice:<\/p><table width=\"96%\"><tbody><tr><td width=\"6%\">\u00a0<\/td><td width=\"93%\"><p><a href=\"https:\/\/support.mozilla.org\/es\/kb\/habilitar-y-deshabilitar-cookies-sitios-web-rastrear-preferencias\">https:\/\/support.mozilla.org\/es\/kb\/habilitar-y-deshabilitar-cookies-sitios-web-rastrear-preferencias<\/a><\/p><\/td><\/tr><tr><td width=\"6%\">\u00a0<\/td><td width=\"93%\"><p><a href=\"http:\/\/support.google.com\/chrome\/bin\/answer.py?hl=es&amp;amp;answer=95647\">http:\/\/support.google.com\/chrome\/bin\/answer.py?hl=es&amp;answer=95647<\/a><\/p><\/td><\/tr><tr><td width=\"6%\">\u00a0<\/td><td width=\"93%\"><p><a href=\"https:\/\/support.microsoft.com\/es-es\/topic\/eliminar-y-administrar-cookies-168dab11-0753-043d-7c16-ede5947fc64d\">https:\/\/support.microsoft.com\/es-es\/topic\/eliminar-y-administrar-cookies-168dab11-0753-043d-7c16-ede5947fc64d<\/a><\/p><\/td><\/tr><tr><td width=\"6%\">\u00a0<\/td><td width=\"93%\"><p><a href=\"http:\/\/support.apple.com\/kb\/ph5042\">http:\/\/support.apple.com\/kb\/ph5042<\/a><\/p><\/td><\/tr><tr><td width=\"6%\">\u00a0<\/td><td width=\"93%\"><p><a href=\"http:\/\/help.opera.com\/Windows\/11.50\/es-ES\/cookies.html\">http:\/\/help.opera.com\/Windows\/11.50\/es-ES\/cookies.html<\/a><\/p><\/td><\/tr><\/tbody><\/table><p>Si lo desea puede ver los videos desarrollados por la Agencia Espa\u00f1ola de Protecci\u00f3n de Datos con la finalidad de explicar c\u00f3mo configurar las opciones de privacidad desde diferentes plataformas y equipos. <a href=\"https:\/\/www.aepd.es\/\">https:\/\/www.aepd.es\/<\/a><\/p><p><strong>CAMBIOS EN LA POL\u00cdTICA DE COOKIES<\/strong><\/p><p>Es posible que actualicemos la Pol\u00edtica de Cookies de nuestro Sitio Web, por ello le recomendamos revisar esta pol\u00edtica cada vez que acceda a nuestro Sitio Web con el objetivo de estar adecuadamente informado sobre c\u00f3mo y para qu\u00e9 usamos las cookies.<\/p><p>La Pol\u00edtica de Cookies se actualiz\u00f3 por \u00faltima vez en <strong><u>enero de 2026<\/u><\/strong><\/p><\/div><\/div><\/div>\t\t\t\t\t\t\t\t<\/div>\n\t\t\t\t<\/div>\n\t\t\t\t\t<\/div>\n\t\t\t\t<\/div>\n\t\t\t\t<\/div>\n\t\t","protected":false},"excerpt":{"rendered":"<p>Pol\u00edtica de cookies POL\u00cdTICA DE COOKIES El responsable del sitio web https:\/\/www.bdtrans.es\/en\/ (el \u201cSitio Web\u201d) es ADR TRANS, S.L. que [&hellip;]<\/p>\n","protected":false},"author":5,"featured_media":0,"parent":0,"menu_order":0,"comment_status":"closed","ping_status":"closed","template":"","meta":{"site-sidebar-layout":"no-sidebar","site-content-layout":"","ast-site-content-layout":"full-width-container","site-content-style":"default","site-sidebar-style":"default","ast-global-header-display":"","ast-banner-title-visibility":"","ast-main-header-display":"","ast-hfb-above-header-display":"","ast-hfb-below-header-display":"","ast-hfb-mobile-header-display":"","site-post-title":"disabled","ast-breadcrumbs-content":"","ast-featured-img":"disabled","footer-sml-layout":"","theme-transparent-header-meta":"","adv-header-id-meta":"","stick-header-meta":"","header-above-stick-meta":"","header-main-stick-meta":"","header-below-stick-meta":"","astra-migrate-meta-layouts":"default","ast-page-background-enabled":"default","ast-page-background-meta":{"desktop":{"background-color":"var(--ast-global-color-4)","background-image":"","background-repeat":"repeat","background-position":"center center","background-size":"auto","background-attachment":"scroll","background-type":"","background-media":"","overlay-type":"","overlay-color":"","overlay-opacity":"","overlay-gradient":""},"tablet":{"background-color":"","background-image":"","background-repeat":"repeat","background-position":"center center","background-size":"auto","background-attachment":"scroll","background-type":"","background-media":"","overlay-type":"","overlay-color":"","overlay-opacity":"","overlay-gradient":""},"mobile":{"background-color":"","background-image":"","background-repeat":"repeat","background-position":"center center","background-size":"auto","background-attachment":"scroll","background-type":"","background-media":"","overlay-type":"","overlay-color":"","overlay-opacity":"","overlay-gradient":""}},"ast-content-background-meta":{"desktop":{"background-color":"var(--ast-global-color-5)","background-image":"","background-repeat":"repeat","background-position":"center center","background-size":"auto","background-attachment":"scroll","background-type":"","background-media":"","overlay-type":"","overlay-color":"","overlay-opacity":"","overlay-gradient":""},"tablet":{"background-color":"var(--ast-global-color-5)","background-image":"","background-repeat":"repeat","background-position":"center center","background-size":"auto","background-attachment":"scroll","background-type":"","background-media":"","overlay-type":"","overlay-color":"","overlay-opacity":"","overlay-gradient":""},"mobile":{"background-color":"var(--ast-global-color-5)","background-image":"","background-repeat":"repeat","background-position":"center center","background-size":"auto","background-attachment":"scroll","background-type":"","background-media":"","overlay-type":"","overlay-color":"","overlay-opacity":"","overlay-gradient":""}},"footnotes":""},"class_list":["post-494","page","type-page","status-publish","hentry"],"_links":{"self":[{"href":"https:\/\/www.bdtrans.es\/es\/wp-json\/wp\/v2\/pages\/494","targetHints":{"allow":["GET"]}}],"collection":[{"href":"https:\/\/www.bdtrans.es\/es\/wp-json\/wp\/v2\/pages"}],"about":[{"href":"https:\/\/www.bdtrans.es\/es\/wp-json\/wp\/v2\/types\/page"}],"author":[{"embeddable":true,"href":"https:\/\/www.bdtrans.es\/es\/wp-json\/wp\/v2\/users\/5"}],"replies":[{"embeddable":true,"href":"https:\/\/www.bdtrans.es\/es\/wp-json\/wp\/v2\/comments?post=494"}],"version-history":[{"count":10,"href":"https:\/\/www.bdtrans.es\/es\/wp-json\/wp\/v2\/pages\/494\/revisions"}],"predecessor-version":[{"id":6418,"href":"https:\/\/www.bdtrans.es\/es\/wp-json\/wp\/v2\/pages\/494\/revisions\/6418"}],"wp:attachment":[{"href":"https:\/\/www.bdtrans.es\/es\/wp-json\/wp\/v2\/media?parent=494"}],"curies":[{"name":"wp","href":"https:\/\/api.w.org\/{rel}","templated":true}]}}